{"id":40602,"date":"2025-12-18T23:03:32","date_gmt":"2025-12-18T23:03:32","guid":{"rendered":"https:\/\/seekapa.com\/reset-password\/"},"modified":"2025-12-21T20:43:45","modified_gmt":"2025-12-21T20:43:45","slug":"reset-password","status":"publish","type":"page","link":"https:\/\/seekapa.com\/pt\/reset-password\/","title":{"rendered":"Reset Password"},"content":{"rendered":"\t\t<div data-elementor-type=\"wp-page\" data-elementor-id=\"40602\" class=\"elementor elementor-40602\" data-elementor-post-type=\"page\">\n\t\t\t\t<div class=\"elementor-element elementor-element-97cc66a e-flex e-con-boxed e-con e-parent\" data-id=\"97cc66a\" data-element_type=\"container\" data-e-type=\"container\">\n\t\t\t\t\t<div class=\"e-con-inner\">\n\t\t<div class=\"elementor-element elementor-element-802afa5 e-con-full e-flex e-con e-child\" data-id=\"802afa5\" data-element_type=\"container\" data-e-type=\"container\">\n\t\t<div class=\"elementor-element elementor-element-92199eb e-con-full e-flex e-con e-child\" data-id=\"92199eb\" data-element_type=\"container\" data-e-type=\"container\">\n\t\t\t\t<div class=\"elementor-element elementor-element-bd54ffd elementor-hidden-mobile elementor-icon-list--layout-traditional elementor-list-item-link-full_width elementor-widget elementor-widget-icon-list\" data-id=\"bd54ffd\" data-element_type=\"widget\" data-e-type=\"widget\" data-widget_type=\"icon-list.default\">\n\t\t\t\t<div class=\"elementor-widget-container\">\n\t\t\t\t\t\t\t<ul class=\"elementor-icon-list-items\">\n\t\t\t\t\t\t\t<li class=\"elementor-icon-list-item\">\n\t\t\t\t\t\t\t\t\t\t\t<a href=\"\/pt-br\/login\/\">\n\n\t\t\t\t\t\t\t\t\t\t\t\t<span class=\"elementor-icon-list-icon\">\n\t\t\t\t\t\t\t<svg aria-hidden=\"true\" class=\"e-font-icon-svg e-fas-arrow-left\" viewBox=\"0 0 448 512\" xmlns=\"http:\/\/www.w3.org\/2000\/svg\"><path d=\"M257.5 445.1l-22.2 22.2c-9.4 9.4-24.6 9.4-33.9 0L7 273c-9.4-9.4-9.4-24.6 0-33.9L201.4 44.7c9.4-9.4 24.6-9.4 33.9 0l22.2 22.2c9.5 9.5 9.3 25-.4 34.3L136.6 216H424c13.3 0 24 10.7 24 24v32c0 13.3-10.7 24-24 24H136.6l120.5 114.8c9.8 9.3 10 24.8.4 34.3z\"><\/path><\/svg>\t\t\t\t\t\t<\/span>\n\t\t\t\t\t\t\t\t\t\t<span class=\"elementor-icon-list-text\">Voltar para Login<\/span>\n\t\t\t\t\t\t\t\t\t\t\t<\/a>\n\t\t\t\t\t\t\t\t\t<\/li>\n\t\t\t\t\t\t<\/ul>\n\t\t\t\t\t\t<\/div>\n\t\t\t\t<\/div>\n\t\t\t\t<div class=\"elementor-element elementor-element-6019919 elementor-widget__width-initial elementor-widget elementor-widget-SeekapaRestorePassword\" data-id=\"6019919\" data-element_type=\"widget\" data-e-type=\"widget\" data-widget_type=\"SeekapaRestorePassword.default\">\n\t\t\t\t<div class=\"elementor-widget-container\">\n\t\t\t\t\t        <div class=\"forgot-password\">\n            <form action=\"\" data-restore-password-form class=\"forgot-password__form\">\n                <div class=\"forgot-password__title\">\n\t\t\t\t\tRestaurar Senha                <\/div>\n                <div class=\"forgot-password__group-input\">\n                    <label for=\"#email_input\">Email<\/label>\n                    <input id=\"email_input\" type=\"text\" name=\"email\" placeholder=\"Endere\u00e7o de Email\" class=\"forgot-password__input\">\n                <\/div>\n                <div data-restore-password-response class=\"forgot-password__error-message\"><\/div>\n                <div class=\"forgot-password__error-message forgot-password__error-message--panda\">\n\t\t\t\t\tSomething went wrong. Try again\n<br>\n<div style=\"color: #707070\">\nOr contact our\n<a href=\"\/support\" style=\"color: #707070; text-decoration: underline;\"> Support center <\/a>\n<\/div>                <\/div>\n                <input type=\"hidden\" name=\"wpml_language\" value=\"pt-br\">\n                <button type=\"submit\" class=\"forgot-password__submit\">\n\t\t\t\t\tEnviar via Email                <\/button>\n            <\/form>\n            <div class=\"forgot-password__after-submit\">\n\t\t\t\tEmail enviado <br> <span>Foi enviado um email de redefini\u00e7\u00e3o de senha para o endere\u00e7o de email associado \u00e0 sua conta.  Por favor, aguarde cerca de 10 minutos antes de tentar novamente. Al\u00e9m disso, lembre-se de verificar a sua pasta de spam.<\/span>            <\/div>\n        <\/div>\n\t\t\t\t\t\t<\/div>\n\t\t\t\t<\/div>\n\t\t\t\t<div class=\"elementor-element elementor-element-03467ed elementor-hidden-desktop elementor-widget elementor-widget-image\" data-id=\"03467ed\" data-element_type=\"widget\" data-e-type=\"widget\" data-widget_type=\"image.default\">\n\t\t\t\t<div class=\"elementor-widget-container\">\n\t\t\t\t\t\t\t\t\t\t\t\t\t\t\t<img fetchpriority=\"high\" decoding=\"async\" width=\"346\" height=\"290\" src=\"https:\/\/bcdn.seekapa.com\/wp-content\/uploads\/2025\/12\/form-image8.png\" class=\"attachment-large size-large wp-image-40717\" alt=\"\" \/>\t\t\t\t\t\t\t\t\t\t\t\t\t\t\t<\/div>\n\t\t\t\t<\/div>\n\t\t\t\t<\/div>\n\t\t<div class=\"elementor-element elementor-element-97c8d3a e-con-full elementor-hidden-tablet elementor-hidden-mobile e-flex e-con e-child\" data-id=\"97c8d3a\" data-element_type=\"container\" data-e-type=\"container\" data-settings=\"{&quot;background_background&quot;:&quot;classic&quot;}\">\n\t\t\t\t<\/div>\n\t\t\t\t<\/div>\n\t\t\t\t\t<\/div>\n\t\t\t\t<\/div>\n\t\t\t\t<\/div>\n\t\t","protected":false},"excerpt":{"rendered":"<p>Voltar para Login Restaurar Senha Email Something went wrong. Try again Or contact our Support center Enviar via Email Email enviado Foi enviado um email de redefini\u00e7\u00e3o de senha para o endere\u00e7o de email associado \u00e0 sua conta. Por favor, aguarde cerca de 10 minutos antes de tentar novamente. Al\u00e9m disso, lembre-se de verificar a [&hellip;]<\/p>\n","protected":false},"author":7,"featured_media":0,"parent":0,"menu_order":0,"comment_status":"closed","ping_status":"closed","template":"elementor_header_footer","meta":{"footnotes":""},"class_list":["post-40602","page","type-page","status-publish","hentry"],"acf":[],"aioseo_notices":[],"_links":{"self":[{"href":"https:\/\/seekapa.com\/pt\/wp-json\/wp\/v2\/pages\/40602","targetHints":{"allow":["GET"]}}],"collection":[{"href":"https:\/\/seekapa.com\/pt\/wp-json\/wp\/v2\/pages"}],"about":[{"href":"https:\/\/seekapa.com\/pt\/wp-json\/wp\/v2\/types\/page"}],"author":[{"embeddable":true,"href":"https:\/\/seekapa.com\/pt\/wp-json\/wp\/v2\/users\/7"}],"replies":[{"embeddable":true,"href":"https:\/\/seekapa.com\/pt\/wp-json\/wp\/v2\/comments?post=40602"}],"version-history":[{"count":0,"href":"https:\/\/seekapa.com\/pt\/wp-json\/wp\/v2\/pages\/40602\/revisions"}],"wp:attachment":[{"href":"https:\/\/seekapa.com\/pt\/wp-json\/wp\/v2\/media?parent=40602"}],"curies":[{"name":"wp","href":"https:\/\/api.w.org\/{rel}","templated":true}]}}