{"id":39913,"date":"2025-12-16T18:34:43","date_gmt":"2025-12-16T18:34:43","guid":{"rendered":"https:\/\/seekapa.com\/login\/"},"modified":"2025-12-19T00:40:33","modified_gmt":"2025-12-19T00:40:33","slug":"login","status":"publish","type":"page","link":"https:\/\/seekapa.com\/pt\/login\/","title":{"rendered":"Login"},"content":{"rendered":"\t\t<div data-elementor-type=\"wp-page\" data-elementor-id=\"39913\" class=\"elementor elementor-39913\" data-elementor-post-type=\"page\">\n\t\t\t\t<div class=\"elementor-element elementor-element-2423e99 e-flex e-con-boxed e-con e-parent\" data-id=\"2423e99\" data-element_type=\"container\" data-e-type=\"container\">\n\t\t\t\t\t<div class=\"e-con-inner\">\n\t\t<div class=\"elementor-element elementor-element-92dc0a3 e-con-full e-flex e-con e-child\" data-id=\"92dc0a3\" data-element_type=\"container\" data-e-type=\"container\">\n\t\t<div class=\"elementor-element elementor-element-418172b e-con-full e-flex e-con e-child\" data-id=\"418172b\" data-element_type=\"container\" data-e-type=\"container\">\n\t\t\t\t<div class=\"elementor-element elementor-element-926ef78 elementor-widget elementor-widget-heading\" data-id=\"926ef78\" data-element_type=\"widget\" data-e-type=\"widget\" data-widget_type=\"heading.default\">\n\t\t\t\t<div class=\"elementor-widget-container\">\n\t\t\t\t\t<h2 class=\"elementor-heading-title elementor-size-default\"><span>Fa\u00e7a login na sua<\/span><br \/> experi\u00eancia de negocia\u00e7\u00e3o<\/h2>\t\t\t\t<\/div>\n\t\t\t\t<\/div>\n\t\t\t\t<div class=\"elementor-element elementor-element-da4b184 elementor-widget__width-initial elementor-widget elementor-widget-text-editor\" data-id=\"da4b184\" data-element_type=\"widget\" data-e-type=\"widget\" data-widget_type=\"text-editor.default\">\n\t\t\t\t<div class=\"elementor-widget-container\">\n\t\t\t\t\t\t\t\t\t<p>Experimente os benef\u00edcios de uma plataforma premiada e leve suas negocia\u00e7\u00f5es para o pr\u00f3ximo n\u00edvel!\u00a0<\/p>\t\t\t\t\t\t\t\t<\/div>\n\t\t\t\t<\/div>\n\t\t\t\t<div class=\"elementor-element elementor-element-544e680 elementor-widget__width-initial elementor-widget elementor-widget-SeekapaLoginForm\" data-id=\"544e680\" data-element_type=\"widget\" data-e-type=\"widget\" data-widget_type=\"SeekapaLoginForm.default\">\n\t\t\t\t<div class=\"elementor-widget-container\">\n\t\t\t\t\t\t\t\t\t<div>\n\t\t\t<form action=\"\" data-login-form class=\"login-form\">\n\t\t\t\t<input type=\"text\" name=\"login\" placeholder=\"Digite seu endere\u00e7o de email\" required class=\"login-form__input\">\n\t\t\t\t<div class=\"login-form__input-wrapper\">\n\t\t\t\t\t<input type=\"password\" name=\"password\" placeholder=\"Digite sua senha\" required class=\"login-form__input password-input\">\n\t\t\t\t\t<div class=\"login-form__show-password\"><\/div>\n\t\t\t\t<\/div>\n\t\t\t\t<a href=\"https:\/\/seekapa.com\/es\/reset-password\/\" class=\"login-form__forgot-password\">\n\t\t\t\t\tEsqueceu a senha?\t\t\t\t<\/a>\n\t\t\t\t<div class=\"login-form__error-messages\">\n\t\t\t\t\t<div data-error-invalid-login class=\"login-form__error-message\">\n\t\t\t\t\t\tFormato de endere\u00e7o de e-mail inv\u00e1lido\t\t\t\t\t<\/div>\n\t\t\t\t\t<div data-error-email class=\"login-form__error-message\">\n\t\t\t\t\t\tEmail e senha n\u00e3o correspondem. Por favor, tente novamente.\t\t\t\t\t<\/div>\n\t\t\t\t\t<div data-error-panda class=\"login-form__error-message alert-error\">\n\t\t\t\t\t\tSomething went wrong. Try again\n<br>\n<div style=\"color: #707070\">\nOr contact our\n<a href=\"\/support\" style=\"color: #707070; text-decoration: underline;\"> Support center <\/a>\n<\/div>\t\t\t\t\t<\/div>\n\t\t\t\t<\/div>\n                <input type=\"hidden\" name=\"wpml_language\" value=\"pt-br\">\n        <div class=\"form-seekapa__group registration__form-group registration__captcha\">\n          <div class=\"cf-turnstile\" data-sitekey=\"0x4AAAAAABmLIA1KhIrQCOKJ\" data-theme=\"light\"><\/div>\n          <input type=\"hidden\" name=\"cf-turnstile-response\">\n          <div class=\"errors-group captcha-errors\">\n            <span class=\"input-required__text--captcha error_field\">Por favor, verifique que voc\u00ea n\u00e3o \u00e9 um rob\u00f4.<\/span>\n          <\/div>\n        <\/div>\n\t\t\t\t<button type=\"submit\" class=\"login-form__submit\">Entrar<\/button>\n\t\t\t<\/form>\n\t\t<\/div>\n\t\t\t\t\t<\/div>\n\t\t\t\t<\/div>\n\t\t\t\t<div class=\"elementor-element elementor-element-b339982 elementor-widget elementor-widget-heading\" data-id=\"b339982\" data-element_type=\"widget\" data-e-type=\"widget\" data-widget_type=\"heading.default\">\n\t\t\t\t<div class=\"elementor-widget-container\">\n\t\t\t\t\t<h2 class=\"elementor-heading-title elementor-size-default\">N\u00e3o tem uma conta? <a href=\"\/pt-br\/registration\" style=\"text-decoration: underline\">Inscreva-se hoje<\/a> today<\/h2>\t\t\t\t<\/div>\n\t\t\t\t<\/div>\n\t\t\t\t<div class=\"elementor-element elementor-element-2bb226f elementor-hidden-desktop elementor-widget elementor-widget-image\" data-id=\"2bb226f\" data-element_type=\"widget\" data-e-type=\"widget\" data-widget_type=\"image.default\">\n\t\t\t\t<div class=\"elementor-widget-container\">\n\t\t\t\t\t\t\t\t\t\t\t\t\t\t\t<img fetchpriority=\"high\" decoding=\"async\" width=\"346\" height=\"292\" src=\"https:\/\/bcdn.seekapa.com\/wp-content\/uploads\/2025\/12\/form-image3.png\" class=\"attachment-large size-large wp-image-39834\" alt=\"\" \/>\t\t\t\t\t\t\t\t\t\t\t\t\t\t\t<\/div>\n\t\t\t\t<\/div>\n\t\t\t\t<\/div>\n\t\t<div class=\"elementor-element elementor-element-a698990 e-con-full elementor-hidden-tablet elementor-hidden-mobile e-flex e-con e-child\" data-id=\"a698990\" data-element_type=\"container\" data-e-type=\"container\" data-settings=\"{&quot;background_background&quot;:&quot;classic&quot;}\">\n\t\t\t\t<\/div>\n\t\t\t\t<\/div>\n\t\t\t\t\t<\/div>\n\t\t\t\t<\/div>\n\t\t\t\t<\/div>\n\t\t","protected":false},"excerpt":{"rendered":"<p>Fa\u00e7a login na sua experi\u00eancia de negocia\u00e7\u00e3o Experimente os benef\u00edcios de uma plataforma premiada e leve suas negocia\u00e7\u00f5es para o pr\u00f3ximo n\u00edvel!\u00a0 Esqueceu a senha? Formato de endere\u00e7o de e-mail inv\u00e1lido Email e senha n\u00e3o correspondem. Por favor, tente novamente. Something went wrong. Try again Or contact our Support center Por favor, verifica que no [&hellip;]<\/p>\n","protected":false},"author":7,"featured_media":0,"parent":0,"menu_order":0,"comment_status":"closed","ping_status":"closed","template":"elementor_header_footer","meta":{"footnotes":""},"class_list":["post-39913","page","type-page","status-publish","hentry"],"acf":[],"aioseo_notices":[],"_links":{"self":[{"href":"https:\/\/seekapa.com\/pt\/wp-json\/wp\/v2\/pages\/39913","targetHints":{"allow":["GET"]}}],"collection":[{"href":"https:\/\/seekapa.com\/pt\/wp-json\/wp\/v2\/pages"}],"about":[{"href":"https:\/\/seekapa.com\/pt\/wp-json\/wp\/v2\/types\/page"}],"author":[{"embeddable":true,"href":"https:\/\/seekapa.com\/pt\/wp-json\/wp\/v2\/users\/7"}],"replies":[{"embeddable":true,"href":"https:\/\/seekapa.com\/pt\/wp-json\/wp\/v2\/comments?post=39913"}],"version-history":[{"count":0,"href":"https:\/\/seekapa.com\/pt\/wp-json\/wp\/v2\/pages\/39913\/revisions"}],"wp:attachment":[{"href":"https:\/\/seekapa.com\/pt\/wp-json\/wp\/v2\/media?parent=39913"}],"curies":[{"name":"wp","href":"https:\/\/api.w.org\/{rel}","templated":true}]}}