{"id":27851,"date":"2024-12-26T10:30:20","date_gmt":"2024-12-26T10:30:20","guid":{"rendered":"https:\/\/seekapa.com\/widget-promotions\/"},"modified":"2025-12-18T09:00:43","modified_gmt":"2025-12-18T09:00:43","slug":"widget-promotions","status":"publish","type":"page","link":"https:\/\/seekapa.com\/pt\/widget-promotions\/","title":{"rendered":"widget-promotions"},"content":{"rendered":"\t\t<div data-elementor-type=\"wp-page\" data-elementor-id=\"27851\" class=\"elementor elementor-27851\" data-elementor-post-type=\"page\">\n\t\t\t\t<div class=\"elementor-element elementor-element-b710266 e-flex e-con-boxed e-con e-parent\" data-id=\"b710266\" data-element_type=\"container\" data-e-type=\"container\">\n\t\t\t\t\t<div class=\"e-con-inner\">\n\t\t<div class=\"elementor-element elementor-element-7a8d61f e-flex e-con-boxed e-con e-child\" data-id=\"7a8d61f\" data-element_type=\"container\" data-e-type=\"container\" data-settings=\"{&quot;background_background&quot;:&quot;classic&quot;}\">\n\t\t\t\t\t<div class=\"e-con-inner\">\n\t\t\t\t<div class=\"elementor-element elementor-element-9518bc6 elementor-widget elementor-widget-heading\" data-id=\"9518bc6\" data-element_type=\"widget\" data-e-type=\"widget\" data-widget_type=\"heading.default\">\n\t\t\t\t<div class=\"elementor-widget-container\">\n\t\t\t\t\t<h2 class=\"elementor-heading-title elementor-size-default\"><span>B\u00f4nus de Boas-Vindas<\/span> Inicie Sua Jornada de Negocia\u00e7\u00f5es<\/h2>\t\t\t\t<\/div>\n\t\t\t\t<\/div>\n\t\t\t\t<div class=\"elementor-element elementor-element-301e4e8 elementor-widget__width-inherit elementor-widget elementor-widget-text-editor\" data-id=\"301e4e8\" data-element_type=\"widget\" data-e-type=\"widget\" data-widget_type=\"text-editor.default\">\n\t\t\t\t<div class=\"elementor-widget-container\">\n\t\t\t\t\t\t\t\t\t<p>Comece sua aventura de trading com a Seekapa e aproveite um generoso b\u00f4nus de boas-vindas. Ao abrir uma conta conosco, voc\u00ea recebe um b\u00f4nus percentual sobre seu primeiro dep\u00f3sito, dando um impulso imediato ao seu capital de negocia\u00e7\u00e3o. \u00c9 nossa forma de dizer obrigado por escolher a Seekapa!<\/p>\t\t\t\t\t\t\t\t<\/div>\n\t\t\t\t<\/div>\n\t\t\t\t<div class=\"elementor-element elementor-element-ca6be54 elementor-align-center elementor-widget elementor-widget-button\" data-id=\"ca6be54\" data-element_type=\"widget\" data-e-type=\"widget\" data-widget_type=\"button.default\">\n\t\t\t\t<div class=\"elementor-widget-container\">\n\t\t\t\t\t\t\t\t\t<div class=\"elementor-button-wrapper\">\n\t\t\t\t\t<a class=\"elementor-button elementor-button-link elementor-size-sm\" href=\"https:\/\/seekapa.com\/registration\/\">\n\t\t\t\t\t\t<span class=\"elementor-button-content-wrapper\">\n\t\t\t\t\t\t\t\t\t<span class=\"elementor-button-text\">Solicite seu b\u00f4nus agora<\/span>\n\t\t\t\t\t<\/span>\n\t\t\t\t\t<\/a>\n\t\t\t\t<\/div>\n\t\t\t\t\t\t\t\t<\/div>\n\t\t\t\t<\/div>\n\t\t\t\t\t<\/div>\n\t\t\t\t<\/div>\n\t\t<div class=\"elementor-element elementor-element-c5a1f99 e-flex e-con-boxed e-con e-child\" data-id=\"c5a1f99\" data-element_type=\"container\" data-e-type=\"container\" data-settings=\"{&quot;background_background&quot;:&quot;classic&quot;}\">\n\t\t\t\t\t<div class=\"e-con-inner\">\n\t\t\t\t<div class=\"elementor-element elementor-element-5e438f6 elementor-widget elementor-widget-heading\" data-id=\"5e438f6\" data-element_type=\"widget\" data-e-type=\"widget\" data-widget_type=\"heading.default\">\n\t\t\t\t<div class=\"elementor-widget-container\">\n\t\t\t\t\t<h2 class=\"elementor-heading-title elementor-size-default\"><span>Recompensas de Cashback<\/span> Ganhe Enquanto Negocia <\/h2>\t\t\t\t<\/div>\n\t\t\t\t<\/div>\n\t\t\t\t<div class=\"elementor-element elementor-element-e0f31ea elementor-widget__width-inherit elementor-widget elementor-widget-text-editor\" data-id=\"e0f31ea\" data-element_type=\"widget\" data-e-type=\"widget\" data-widget_type=\"text-editor.default\">\n\t\t\t\t<div class=\"elementor-widget-container\">\n\t\t\t\t\t\t\t\t\t<p>Negocie mais e seja recompensado! Nossa promo\u00e7\u00e3o de cashback permite que voc\u00ea ganhe de volta uma parte do seu volume de negocia\u00e7\u00f5es. Quanto mais voc\u00ea negocia, mais voc\u00ea ganha. Este sistema de recompensa cont\u00ednua \u00e9 projetado para valorizar seus esfor\u00e7os de trading ativo e aumentar sua rentabilidade geral.<\/p>\t\t\t\t\t\t\t\t<\/div>\n\t\t\t\t<\/div>\n\t\t\t\t<div class=\"elementor-element elementor-element-d2e2c74 elementor-align-center elementor-widget elementor-widget-button\" data-id=\"d2e2c74\" data-element_type=\"widget\" data-e-type=\"widget\" data-widget_type=\"button.default\">\n\t\t\t\t<div class=\"elementor-widget-container\">\n\t\t\t\t\t\t\t\t\t<div class=\"elementor-button-wrapper\">\n\t\t\t\t\t<a class=\"elementor-button elementor-button-link elementor-size-sm\" href=\"https:\/\/seekapa.com\/registration\/\">\n\t\t\t\t\t\t<span class=\"elementor-button-content-wrapper\">\n\t\t\t\t\t\t\t\t\t<span class=\"elementor-button-text\">Solicite seu b\u00f4nus agora<\/span>\n\t\t\t\t\t<\/span>\n\t\t\t\t\t<\/a>\n\t\t\t\t<\/div>\n\t\t\t\t\t\t\t\t<\/div>\n\t\t\t\t<\/div>\n\t\t\t\t\t<\/div>\n\t\t\t\t<\/div>\n\t\t<div class=\"elementor-element elementor-element-05c22b4 e-flex e-con-boxed e-con e-child\" data-id=\"05c22b4\" data-element_type=\"container\" data-e-type=\"container\" data-settings=\"{&quot;background_background&quot;:&quot;classic&quot;}\">\n\t\t\t\t\t<div class=\"e-con-inner\">\n\t\t\t\t<div class=\"elementor-element elementor-element-8cde809 elementor-widget elementor-widget-heading\" data-id=\"8cde809\" data-element_type=\"widget\" data-e-type=\"widget\" data-widget_type=\"heading.default\">\n\t\t\t\t<div class=\"elementor-widget-container\">\n\t\t\t\t\t<h2 class=\"elementor-heading-title elementor-size-default\"><span>Zero taxas<\/span> overnight nos seus primeiros 7 dias<\/h2>\t\t\t\t<\/div>\n\t\t\t\t<\/div>\n\t\t\t\t<div class=\"elementor-element elementor-element-21a3483 elementor-widget__width-initial elementor-widget elementor-widget-text-editor\" data-id=\"21a3483\" data-element_type=\"widget\" data-e-type=\"widget\" data-widget_type=\"text-editor.default\">\n\t\t\t\t<div class=\"elementor-widget-container\">\n\t\t\t\t\t\t\t\t\t<p>Aproveite nossa oferta de zero taxas overnight durante os primeiros 7 dias ap\u00f3s a abertura da sua conta. Essa promo\u00e7\u00e3o especial \u00e9 perfeita para traders que mant\u00eam posi\u00e7\u00f5es abertas durante a noite e desejam economizar nesses custos. Experimente operar com menos despesas e aumente suas oportunidades de lucro sem se preocupar com taxas adicionais durante a sua primeira semana.\u00a0<\/p>\t\t\t\t\t\t\t\t<\/div>\n\t\t\t\t<\/div>\n\t\t\t\t<div class=\"elementor-element elementor-element-de53a9e elementor-align-center elementor-widget elementor-widget-button\" data-id=\"de53a9e\" data-element_type=\"widget\" data-e-type=\"widget\" data-widget_type=\"button.default\">\n\t\t\t\t<div class=\"elementor-widget-container\">\n\t\t\t\t\t\t\t\t\t<div class=\"elementor-button-wrapper\">\n\t\t\t\t\t<a class=\"elementor-button elementor-button-link elementor-size-sm\" href=\"https:\/\/seekapa.com\/registration\/\">\n\t\t\t\t\t\t<span class=\"elementor-button-content-wrapper\">\n\t\t\t\t\t\t\t\t\t<span class=\"elementor-button-text\">Negocie agora<\/span>\n\t\t\t\t\t<\/span>\n\t\t\t\t\t<\/a>\n\t\t\t\t<\/div>\n\t\t\t\t\t\t\t\t<\/div>\n\t\t\t\t<\/div>\n\t\t\t\t\t<\/div>\n\t\t\t\t<\/div>\n\t\t\t\t\t<\/div>\n\t\t\t\t<\/div>\n\t\t\t\t<\/div>\n\t\t","protected":false},"excerpt":{"rendered":"<p>B\u00f4nus de Boas-Vindas Inicie Sua Jornada de Negocia\u00e7\u00f5es Comece sua aventura de trading com a Seekapa e aproveite um generoso b\u00f4nus de boas-vindas. Ao abrir uma conta conosco, voc\u00ea recebe um b\u00f4nus percentual sobre seu primeiro dep\u00f3sito, dando um impulso imediato ao seu capital de negocia\u00e7\u00e3o. \u00c9 nossa forma de dizer obrigado por escolher a [&hellip;]<\/p>\n","protected":false},"author":5,"featured_media":0,"parent":0,"menu_order":0,"comment_status":"closed","ping_status":"closed","template":"elementor_canvas","meta":{"footnotes":""},"class_list":["post-27851","page","type-page","status-publish","hentry"],"acf":[],"aioseo_notices":[],"_links":{"self":[{"href":"https:\/\/seekapa.com\/pt\/wp-json\/wp\/v2\/pages\/27851","targetHints":{"allow":["GET"]}}],"collection":[{"href":"https:\/\/seekapa.com\/pt\/wp-json\/wp\/v2\/pages"}],"about":[{"href":"https:\/\/seekapa.com\/pt\/wp-json\/wp\/v2\/types\/page"}],"author":[{"embeddable":true,"href":"https:\/\/seekapa.com\/pt\/wp-json\/wp\/v2\/users\/5"}],"replies":[{"embeddable":true,"href":"https:\/\/seekapa.com\/pt\/wp-json\/wp\/v2\/comments?post=27851"}],"version-history":[{"count":0,"href":"https:\/\/seekapa.com\/pt\/wp-json\/wp\/v2\/pages\/27851\/revisions"}],"wp:attachment":[{"href":"https:\/\/seekapa.com\/pt\/wp-json\/wp\/v2\/media?parent=27851"}],"curies":[{"name":"wp","href":"https:\/\/api.w.org\/{rel}","templated":true}]}}