{"id":16203,"date":"2024-05-15T17:23:15","date_gmt":"2024-05-15T17:23:15","guid":{"rendered":"https:\/\/seekapa.com\/signals-by-trading-central\/"},"modified":"2024-09-15T08:12:20","modified_gmt":"2024-09-15T08:12:20","slug":"signals","status":"publish","type":"page","link":"https:\/\/seekapa.com\/pt\/signals\/","title":{"rendered":"Signals By Trading Central"},"content":{"rendered":"\t\t<div data-elementor-type=\"wp-page\" data-elementor-id=\"16203\" class=\"elementor elementor-16203\" data-elementor-post-type=\"page\">\n\t\t\t\t<div class=\"elementor-element elementor-element-1d0ce17 e-flex e-con-boxed e-con e-parent\" data-id=\"1d0ce17\" data-element_type=\"container\" data-e-type=\"container\">\n\t\t\t\t\t<div class=\"e-con-inner\">\n\t\t\t\t<div class=\"elementor-element elementor-element-e811ff0 elementor-widget elementor-widget-heading\" data-id=\"e811ff0\" data-element_type=\"widget\" data-e-type=\"widget\" data-widget_type=\"heading.default\">\n\t\t\t\t<div class=\"elementor-widget-container\">\n\t\t\t\t\t<h2 class=\"elementor-heading-title elementor-size-default\">Refine Seus Trades com <span style=\"color:var(--local-docs-hero-color-text )\"> Sinais da TraducationFX<span \/><\/h2>\t\t\t\t<\/div>\n\t\t\t\t<\/div>\n\t\t\t\t<div class=\"elementor-element elementor-element-ef7cd43 elementor-widget elementor-widget-text-editor\" data-id=\"ef7cd43\" data-element_type=\"widget\" data-e-type=\"widget\" data-widget_type=\"text-editor.default\">\n\t\t\t\t<div class=\"elementor-widget-container\">\n\t\t\t\t\t\t\t\t\t<p>Aproveite insights de especialistas com os Sinais da TraducationFX. Estes sinais de trading confi\u00e1veis, derivados de t\u00e9cnicas avan\u00e7adas de an\u00e1lise, oferecem ideias de trading acion\u00e1veis e aprimoram seu timing de mercado.<\/p>\t\t\t\t\t\t\t\t<\/div>\n\t\t\t\t<\/div>\n\t\t\t\t\t<\/div>\n\t\t\t\t<\/div>\n\t\t<div class=\"elementor-element elementor-element-29f6fc0 e-flex e-con-boxed e-con e-parent\" data-id=\"29f6fc0\" data-element_type=\"container\" data-e-type=\"container\">\n\t\t\t\t\t<div class=\"e-con-inner\">\n\t\t\t\t<div class=\"elementor-element elementor-element-343cf84 elementor-widget elementor-widget-html\" data-id=\"343cf84\" data-element_type=\"widget\" data-e-type=\"widget\" data-widget_type=\"html.default\">\n\t\t\t\t<div class=\"elementor-widget-container\">\n\t\t\t\t\t<script>\n(function(w,d,t,h,l,b,p,o,a,m){w[\"TraducationFxObject\"]=o;w[o]=w[o]||function(){\nw[o].h=h;w[o].b=b;return (w[o].q=w[o].q||[]).push(arguments)};a=d.createElement(t),\nm=d.getElementsByTagName(t)[0];a.async=1;a.src=h+l+\"?b=\"+b+\"&p=\"+p.join(\",\")+'&rd='+w.location.protocol+'\/\/'+w.location.host+'&ru='+w.location.pathname+w.location.hash;a.crossorigin=\"use-credentials\";m.parentNode.insertBefore(a,m)\n})(window,document,\"script\",\"https:\/\/embedder.traducationfx.com\/\",\"embedder.js\",\"EQS7g3XTSaC\",[],\"TraducationFX\");\nTraducationFX(\"settings\", \"configure\", {\n    \"langCode\": \"pt-BR\",\n    \"theme\": \"dark\",\n    \"traderStateKey\": \"eP7gFXypBzC\"\n});\n<\/script>\n\n<script>\nTraducationFX(\"signals\", \"configure\", {\n    \"containerId\": \"trfx-signals\"\n});\nTraducationFX(\"signals\", \"embed\");\n<\/script>\n\n<div id=\"trfx-signals\"><\/div>\t\t\t\t<\/div>\n\t\t\t\t<\/div>\n\t\t\t\t\t<\/div>\n\t\t\t\t<\/div>\n\t\t\t\t<\/div>\n\t\t","protected":false},"excerpt":{"rendered":"<p>Refine Seus Trades com Sinais da TraducationFX Aproveite insights de especialistas com os Sinais da TraducationFX. Estes sinais de trading confi\u00e1veis, derivados de t\u00e9cnicas avan\u00e7adas de an\u00e1lise, oferecem ideias de trading acion\u00e1veis e aprimoram seu timing de mercado.<\/p>\n","protected":false},"author":1,"featured_media":0,"parent":0,"menu_order":0,"comment_status":"closed","ping_status":"closed","template":"elementor_header_footer","meta":{"footnotes":""},"class_list":["post-16203","page","type-page","status-publish","hentry"],"acf":[],"aioseo_notices":[],"_links":{"self":[{"href":"https:\/\/seekapa.com\/pt\/wp-json\/wp\/v2\/pages\/16203","targetHints":{"allow":["GET"]}}],"collection":[{"href":"https:\/\/seekapa.com\/pt\/wp-json\/wp\/v2\/pages"}],"about":[{"href":"https:\/\/seekapa.com\/pt\/wp-json\/wp\/v2\/types\/page"}],"author":[{"embeddable":true,"href":"https:\/\/seekapa.com\/pt\/wp-json\/wp\/v2\/users\/1"}],"replies":[{"embeddable":true,"href":"https:\/\/seekapa.com\/pt\/wp-json\/wp\/v2\/comments?post=16203"}],"version-history":[{"count":0,"href":"https:\/\/seekapa.com\/pt\/wp-json\/wp\/v2\/pages\/16203\/revisions"}],"wp:attachment":[{"href":"https:\/\/seekapa.com\/pt\/wp-json\/wp\/v2\/media?parent=16203"}],"curies":[{"name":"wp","href":"https:\/\/api.w.org\/{rel}","templated":true}]}}