{"id":13220,"date":"2024-06-10T16:30:16","date_gmt":"2024-06-10T16:30:16","guid":{"rendered":"https:\/\/seekapa.com\/registrationpt-br\/"},"modified":"2025-12-17T13:49:21","modified_gmt":"2025-12-17T13:49:21","slug":"registration","status":"publish","type":"page","link":"https:\/\/seekapa.com\/pt\/registration\/","title":{"rendered":"Registration(PT-BR)"},"content":{"rendered":"\t\t<div data-elementor-type=\"wp-page\" data-elementor-id=\"13220\" class=\"elementor elementor-13220\" data-elementor-post-type=\"page\">\n\t\t\t\t<div class=\"elementor-element elementor-element-ef02f64 e-flex e-con-boxed e-con e-parent\" data-id=\"ef02f64\" data-element_type=\"container\" data-e-type=\"container\">\n\t\t\t\t\t<div class=\"e-con-inner\">\n\t\t<div class=\"elementor-element elementor-element-b90a144 e-con-full e-flex e-con e-child\" data-id=\"b90a144\" data-element_type=\"container\" data-e-type=\"container\">\n\t\t<div class=\"elementor-element elementor-element-26d3bf9 e-con-full e-flex e-con e-child\" data-id=\"26d3bf9\" data-element_type=\"container\" data-e-type=\"container\">\n\t\t\t\t<div class=\"elementor-element elementor-element-cfcfe33 elementor-widget elementor-widget-heading\" data-id=\"cfcfe33\" data-element_type=\"widget\" data-e-type=\"widget\" data-widget_type=\"heading.default\">\n\t\t\t\t<div class=\"elementor-widget-container\">\n\t\t\t\t\t<h2 class=\"elementor-heading-title elementor-size-default\"><span>Abre tu cuenta<\/span> con Seekapa<\/h2>\t\t\t\t<\/div>\n\t\t\t\t<\/div>\n\t\t\t\t<div class=\"elementor-element elementor-element-6244c41 elementor-widget__width-initial elementor-widget elementor-widget-text-editor\" data-id=\"6244c41\" data-element_type=\"widget\" data-e-type=\"widget\" data-widget_type=\"text-editor.default\">\n\t\t\t\t<div class=\"elementor-widget-container\">\n\t\t\t\t\t\t\t\t\tExperimente os benef\u00edcios de uma plataforma premiada e leve suas negocia\u00e7\u00f5es para o pr\u00f3ximo n\u00edvel!\t\t\t\t\t\t\t\t<\/div>\n\t\t\t\t<\/div>\n\t\t\t\t<div class=\"elementor-element elementor-element-37670fd elementor-widget elementor-widget-SeekapaRegistrationFormTemplate\" data-id=\"37670fd\" data-element_type=\"widget\" data-e-type=\"widget\" data-widget_type=\"SeekapaRegistrationFormTemplate.default\">\n\t\t\t\t<div class=\"elementor-widget-container\">\n\t\t\t\t\t\n\t\t<div class=\"form-seekapa\">\n\t\t\t<form autocomplete=\"off\" class=\"form-seekapa__form\" data-submit-form\n\t\t\t\tnovalidate>\n\t\t\t\t<input type=\"hidden\" name=\"language\"\n\t\t\t\t\tvalue=\"pt-br\">\n\t\t\t\t<input type=\"hidden\" name=\"ip\" value=\"\">\n\t\t\t\t<input type=\"hidden\" name=\"countryCode\" value=\"\">\n\n\t\t\t\t\n\t\t\t\t<div class=\"form-seekapa__group form-seekapa__group--full-name\">\n\t\t\t\t\t<div class=\"form-seekapa__group-input\">\n\t\t\t\t\t\t<label for=\"#full_name_input\">Nome Completo<\/label>\n\t\t\t\t\t\t<input id=\"full_name_input\" name=\"full_name\" maxlength=\"30\" autocomplete=\"off\" type=\"text\" pattern=\".{5,}\" placeholder=\"Nome completo\" required>\n\t\t\t\t\t<\/div>\n\t\t\t\t\t<span class=\"input-required__text--empty-field-full-name registration-form-error registration-form-error__required-empty-field\">\n\t\t\t\t\t\tPor favor, insira seu nome\t\t\t\t\t<\/span>\n\t\t\t\t\t<span class=\"input-required__text--name registration-form-error registration-form-error__required-text\">\n\t\t\t\t\t\tO primeiro e o \u00faltimo nome devem conter pelo menos 2 caracteres cada\t\t\t\t\t<\/span>\n\t\t\t\t\t<span class=\"input-required__text--onlyletters registration-form-error registration-form-error__required-onlyletters\">\n\t\t\t\t\t\tO nome completo n\u00e3o deve conter caracteres especiais\t\t\t\t\t<\/span>\n\t\t\t\t\t<span class=\"input-required__text--special-chars registration-form-error registration-form-error__required-special-chars\">\n\t\t\t\t\t\tN\u00e3o s\u00e3o permitidos caracteres especiais\t\t\t\t\t<\/span>\n\t\t\t\t<\/div>\n\t\t\t\t<div class=\"form-seekapa__group form-seekapa__group--email\">\n\t\t\t\t\t<div class=\"form-seekapa__group-input\">\n\t\t\t\t\t\t<label for=\"#email_input\">Email<\/label>\n\t\t\t\t\t\t<input id=\"email_input\" name=\"email\" autocomplete=\"off\" placeholder=\"Endere\u00e7o de e-mail\" required>\n\t\t\t\t\t<\/div>\n\t\t\t\t\t<span class=\"input-required__text--email registration-form-error registration-form-error__required-text\">\n\t\t\t\t\t\tPor favor, insira um endere\u00e7o de e-mail v\u00e1lido\t\t\t\t\t<\/span>\n\t\t\t\t\t<span class=\"input-required__text--special-chars-email registration-form-error registration-form-error__required-text\">\n\t\t\t\t\t\tN\u00e3o s\u00e3o permitidos caracteres especiais\t\t\t\t\t<\/span>\n\t\t\t\t<\/div>\n\t\t\t\t<div class=\"form-seekapa__group form-seekapa__group--phone\">\n\t\t\t\t\t<div class=\"form-seekapa__group-input\">\n\t\t\t\t\t\t<label for=\"#form-field-phone\">Telefone<\/label>\n\t\t\t\t\t\t<input id=\"form-field-phone\" class=\"registration__input\" type=\"tel\" name=\"phone\" maxlength=\"15\" autocomplete=\"off\" placeholder=\"N\u00famero de telefone\" required>\n\t\t\t\t\t<\/div>\n\t\t\t\t\t<span class=\"input-required__text--phone registration-form-error registration-form-error__required-text\">\n\t\t\t\t\t\tO campo de telefone est\u00e1 vazio. Por favor, insira um n\u00famero de telefone v\u00e1lido\t\t\t\t\t<\/span>\n\t\t\t\t<\/div>\n\t\t\t\t<div class=\"form-seekapa__group form-seekapa__group--password\">\n\t\t\t\t\t<div class=\"form-seekapa__group-input\">\n\t\t\t\t\t\t<label for=\"#password_input\">Senha<\/label>\n\t\t\t\t\t\t<input id=\"password_input\" name=\"password\" type=\"password\" data-password-input required autocomplete=\"off\" placeholder=\"Senha\">\n\t\t\t\t\t\t<div class=\"form-seekapa__show-password\"><\/div>\n\t\t\t\t\t<\/div>\n\t\t\t\t\t<span class=\"input-required__text--empty-field-password registration-form-error registration-form-error__required-empty-field-password\">\n\t\t\t\t\t\tPor favor, insira sua senha\t\t\t\t\t<\/span>\n\t\t\t\t\t<span class=\"input-required__text--max-character-12 registration-form-error registration-form-error__required-empty-field-password red\">\n\t\t\t\t\t\tO limite m\u00e1ximo de caracteres \u00e9 12\t\t\t\t\t<\/span>\n\t\t\t\t\t<span class=\"input-required__text--password registration-form-error registration-form-error__required-text\">\n\t\t\t\t\t\tA senha deve atender aos requisitos\t\t\t\t\t<\/span>\n\t\t\t\t\t<div class=\"block-popup-validate-password\">\n\t\t\t\t\t\t<div class=\"valid-password-title\">\n\t\t\t\t\t\t\tA senha deve conter:\t\t\t\t\t\t<\/div>\n\t\t\t\t\t\t<p id=\"length\">\n\t\t\t\t\t\t\tEntre 8 e 15 caracteres\t\t\t\t\t\t<\/p>\n\t\t\t\t\t\t<p id=\"letter\">\n\t\t\t\t\t\t\tPelo menos uma letra mai\u00fascula (A-Z), uma letra min\u00fascula (a-z) e n\u00fameros (0-9)\t\t\t\t\t\t<\/p>\n\t\t\t\t\t\t<p id=\"onlyEnglishCharacters\">\n\t\t\t\t\t\t\tPelo menos 1 caractere especial\t\t\t\t\t\t<\/p>\n\t\t\t\t\t<\/div>\n\t\t\t\t<\/div>\n\n\t\t\t\t<div class=\"form-seekapa__group\">\n\t\t\t\t\t<label class=\"form-seekapa__condition-wrapper\">\n\t\t\t\t\t\t<input type=\"checkbox\" name=\"condition\" class=\"registration-form-checkbox\" required checked \/>\n\t\t\t\t\t\t<span class=\"checkmark\"><\/span>\n\t\t\t\t\t\tAo criar uma conta, est\u00e1 a aceitar os nossos <a href=\"https:\/\/docs.seekapa.com\/seekapa\/Seekapa_Client_Agreement.pdf\" target=\"_blank\">Termos e Condi\u00e7\u00f5es<\/a>, a nossa <a href=\"https:\/\/docs.seekapa.com\/seekapa\/Seekapa_Privacy_Policy.pdf\" target=\"_blank\"> Pol\u00edtica de Privacidade<\/a> e receber materiais de marketing por email \u2013 pode cancelar a qualquer momento.\t\t\t\t\t<\/label>\n\n\t\t\t\t\t<div class=\"input-required__text--condition tooltip-wrapper registration-form-error registration-form-error__required-text\" style=\"color: #b00020;\">\n\t\t\t\t\t\tCertifique-se de ler e concordar com os Termos e Condi\u00e7\u00f5es antes de prosseguir\t\t\t\t\t<\/div>\n\t\t\t\t<\/div>\n\n\t\t\t\t<div class=\"form-seekapa__group registration__form-group registration__captcha\">\n\t\t\t\t\t<div class=\"cf-turnstile\" data-sitekey=\"0x4AAAAAABmLIA1KhIrQCOKJ\" data-theme=\"light\"><\/div>\n\t\t\t\t\t<input type=\"hidden\" name=\"cf-turnstile-response\">\n\t\t\t\t\t<div class=\"errors-group captcha-errors\">\n\t\t\t\t\t\t<span class=\"input-required__text--captcha error_field\">Por favor, verifique que voc\u00ea n\u00e3o \u00e9 um rob\u00f4.<\/span>\n\t\t\t\t\t<\/div>\n\t\t\t\t<\/div>\n\n\t\t\t\t<span class=\"input-required__text--notuniqueemail error_field\">\n\t\t\t\t\tUsu\u00e1rio j\u00e1 existe. Por favor, fa\u00e7a login.\t\t\t\t<\/span>\n\t\t\t\t<span class=\"input-required__text--error-service-unavailable error_field\">\n\t\t\t\t\tO servi\u00e7o n\u00e3o est\u00e1 dispon\u00edvel. Por favor, entre em contato com o Suporte\t\t\t\t<\/span>\n\t\t\t\t<div class=\"form-seekapa__group\">\n\t\t\t\t\t<button type=\"submit\" class=\"form-seekapa__submit\">\n\t\t\t\t\t\t<span>\n\t\t\t\t\t\t\tInscreva-se!\t\t\t\t\t\t<\/span>\n\t\t\t\t\t<\/button>\n\n\t\t\t\t\t<div class=\"user-already-exist-error-container\" style=\"display: flex; width: fit-content; margin: auto; justify-content: center; gap: 0.5rem; cursor: pointer;\">\n\t\t\t\t\t\t<p style=\"text-decoration: none; margin-left: 0 !important;\" class=\"registration-form-error-user-already-exist\">\n\t\t\t\t\t\t\tO usu\u00e1rio j\u00e1 existe. Por favor, fa\u00e7a login.\t\t\t\t\t\t<\/p>\n\t\t\t\t\t\t<p style=\"margin-left: 0 !important; text-decoration: underline;\" class=\"registration-form-error-user-already-exist\">\n\t\t\t\t\t\t\t\t\t\t\t\t\t<\/p>\n\t\t\t\t\t<\/div>\n\t\t\t\t\t\n\t\t\t\t\t<span class=\"registration-form-error registration-form-error__required-unexpected\">\n\t\t\t\t\t\tO servi\u00e7o n\u00e3o est\u00e1 dispon\u00edvel. Por favor, entre em contato com o Suporte\t\t\t\t\t<\/span>\n\t\t\t\t<\/div>\n\t\t\t\t<div class=\"form-seekapa__preloader\">\n\t\t\t\t\t<img loading=\"lazy\" loading=\"lazy\" class=\"form-seekapa__preloader-img\"\n\t\t\t\t\t\tsrc=\"\/wp-content\/themes\/bitrader-child\/img\/preloader-form.gif\"\n\t\t\t\t\t\talt=\"preloader\" width=\"24\" height=\"24\">\n\t\t\t\t<\/div>\n\n\t\t\t<\/form>\n\t\t<\/div>\n\t\t\t\t<\/div>\n\t\t\t\t<\/div>\n\t\t\t\t<div class=\"elementor-element elementor-element-9a0671c elementor-widget elementor-widget-heading\" data-id=\"9a0671c\" data-element_type=\"widget\" data-e-type=\"widget\" data-widget_type=\"heading.default\">\n\t\t\t\t<div class=\"elementor-widget-container\">\n\t\t\t\t\t<h2 class=\"elementor-heading-title elementor-size-default\"><a href=\"https:\/\/seekapa.com\/es\/login\/\">Voc\u00ea j\u00e1 tem uma conta? <span>Entrar<\/span><\/a><\/h2>\t\t\t\t<\/div>\n\t\t\t\t<\/div>\n\t\t\t\t<div class=\"elementor-element elementor-element-c72f38d elementor-hidden-desktop elementor-widget elementor-widget-image\" data-id=\"c72f38d\" data-element_type=\"widget\" data-e-type=\"widget\" data-widget_type=\"image.default\">\n\t\t\t\t<div class=\"elementor-widget-container\">\n\t\t\t\t\t\t\t\t\t\t\t\t\t\t\t<img fetchpriority=\"high\" decoding=\"async\" width=\"346\" height=\"292\" src=\"https:\/\/bcdn.seekapa.com\/wp-content\/uploads\/2025\/12\/form-image3.png\" class=\"attachment-large size-large wp-image-39834\" alt=\"\" \/>\t\t\t\t\t\t\t\t\t\t\t\t\t\t\t<\/div>\n\t\t\t\t<\/div>\n\t\t\t\t<\/div>\n\t\t<div class=\"elementor-element elementor-element-ce0cdb3 e-con-full elementor-hidden-tablet elementor-hidden-mobile e-flex e-con e-child\" data-id=\"ce0cdb3\" data-element_type=\"container\" data-e-type=\"container\" data-settings=\"{&quot;background_background&quot;:&quot;classic&quot;}\">\n\t\t\t\t<\/div>\n\t\t\t\t<\/div>\n\t\t\t\t\t<\/div>\n\t\t\t\t<\/div>\n\t\t\t\t<\/div>\n\t\t","protected":false},"excerpt":{"rendered":"<p>Abre tu cuenta con Seekapa Experimente os benef\u00edcios de uma plataforma premiada e leve suas negocia\u00e7\u00f5es para o pr\u00f3ximo n\u00edvel! Nome Completo Por favor, ingrese su nombre El nombre y apellido deben tener al menos 2 caracteres cada uno El nombre completo no debe contener caracteres especiales No se permiten caracteres especiales Email Por favor, [&hellip;]<\/p>\n","protected":false},"author":1,"featured_media":0,"parent":0,"menu_order":0,"comment_status":"closed","ping_status":"closed","template":"elementor_header_footer","meta":{"footnotes":""},"class_list":["post-13220","page","type-page","status-publish","hentry"],"acf":[],"aioseo_notices":[],"_links":{"self":[{"href":"https:\/\/seekapa.com\/pt\/wp-json\/wp\/v2\/pages\/13220","targetHints":{"allow":["GET"]}}],"collection":[{"href":"https:\/\/seekapa.com\/pt\/wp-json\/wp\/v2\/pages"}],"about":[{"href":"https:\/\/seekapa.com\/pt\/wp-json\/wp\/v2\/types\/page"}],"author":[{"embeddable":true,"href":"https:\/\/seekapa.com\/pt\/wp-json\/wp\/v2\/users\/1"}],"replies":[{"embeddable":true,"href":"https:\/\/seekapa.com\/pt\/wp-json\/wp\/v2\/comments?post=13220"}],"version-history":[{"count":0,"href":"https:\/\/seekapa.com\/pt\/wp-json\/wp\/v2\/pages\/13220\/revisions"}],"wp:attachment":[{"href":"https:\/\/seekapa.com\/pt\/wp-json\/wp\/v2\/media?parent=13220"}],"curies":[{"name":"wp","href":"https:\/\/api.w.org\/{rel}","templated":true}]}}