{"id":12361,"date":"2024-05-15T17:19:24","date_gmt":"2024-05-15T17:19:24","guid":{"rendered":"https:\/\/seekapa.com\/legal-docs\/"},"modified":"2026-01-25T07:18:30","modified_gmt":"2026-01-25T07:18:30","slug":"legal-docs","status":"publish","type":"page","link":"https:\/\/seekapa.com\/pt\/legal-docs\/","title":{"rendered":"Documentos Legais"},"content":{"rendered":"\t\t<div data-elementor-type=\"wp-page\" data-elementor-id=\"12361\" class=\"elementor elementor-12361\" data-elementor-post-type=\"page\">\n\t\t\t\t<div class=\"elementor-element elementor-element-9a6ce85 e-flex e-con-boxed e-con e-parent\" data-id=\"9a6ce85\" data-element_type=\"container\" data-e-type=\"container\">\n\t\t\t\t\t<div class=\"e-con-inner\">\n\t\t\t\t<div class=\"elementor-element elementor-element-8f3c8a5 elementor-widget elementor-widget-image\" data-id=\"8f3c8a5\" data-element_type=\"widget\" data-e-type=\"widget\" data-widget_type=\"image.default\">\n\t\t\t\t<div class=\"elementor-widget-container\">\n\t\t\t\t\t\t\t\t\t\t\t\t\t\t\t<img fetchpriority=\"high\" decoding=\"async\" width=\"640\" height=\"241\" src=\"https:\/\/bcdn.seekapa.com\/wp-content\/uploads\/2025\/11\/hero-image-1.png\" class=\"attachment-large size-large wp-image-35878\" alt=\"\" \/>\t\t\t\t\t\t\t\t\t\t\t\t\t\t\t<\/div>\n\t\t\t\t<\/div>\n\t\t\t\t<div class=\"elementor-element elementor-element-23ec564 elementor-widget__width-initial elementor-widget elementor-widget-shortcode\" data-id=\"23ec564\" data-element_type=\"widget\" data-e-type=\"widget\" data-widget_type=\"shortcode.default\">\n\t\t\t\t<div class=\"elementor-widget-container\">\n\t\t\t\t\t\t\t<div class=\"elementor-shortcode\"><div class=\"aioseo-breadcrumbs\"><span class=\"aioseo-breadcrumb\">\n\tPagina inicial\n<\/span><\/div>\n<\/div>\n\t\t\t\t\t\t<\/div>\n\t\t\t\t<\/div>\n\t\t\t\t<div class=\"elementor-element elementor-element-8189610 elementor-widget elementor-widget-heading\" data-id=\"8189610\" data-element_type=\"widget\" data-e-type=\"widget\" data-widget_type=\"heading.default\">\n\t\t\t\t<div class=\"elementor-widget-container\">\n\t\t\t\t\t<h1 class=\"elementor-heading-title elementor-size-default\"> Documenta\u00e7\u00e3o Legal  <br \/> <span>Seus Direitos e Responsabilidades <\/span><\/h1>\t\t\t\t<\/div>\n\t\t\t\t<\/div>\n\t\t\t\t<div class=\"elementor-element elementor-element-34190b4 elementor-widget__width-initial elementor-widget elementor-widget-text-editor\" data-id=\"34190b4\" data-element_type=\"widget\" data-e-type=\"widget\" data-widget_type=\"text-editor.default\">\n\t\t\t\t<div class=\"elementor-widget-container\">\n\t\t\t\t\t\t\t\t\t<p>Aqui, voc\u00ea encontrar\u00e1 todos os documentos essenciais que regem nosso relacionamento com voc\u00ea, incluindo nossos Termos e Condi\u00e7\u00f5es e Pol\u00edtica de Privacidade. Estes documentos s\u00e3o elaborados para garantir que voc\u00ea esteja completamente informado sobre seus direitos e responsabilidades ao utilizar nossos servi\u00e7os. Encorajamos que voc\u00ea os revise cuidadosamente para entender como operamos, protegemos sua privacidade e como voc\u00ea pode se beneficiar de nossos servi\u00e7os de maneira respons\u00e1vel.<\/p>\t\t\t\t\t\t\t\t<\/div>\n\t\t\t\t<\/div>\n\t\t\t\t\t<\/div>\n\t\t\t\t<\/div>\n\t\t<div class=\"elementor-element elementor-element-a0bbf89 e-flex e-con-boxed e-con e-parent\" data-id=\"a0bbf89\" data-element_type=\"container\" data-e-type=\"container\">\n\t\t\t\t\t<div class=\"e-con-inner\">\n\t\t<div class=\"elementor-element elementor-element-f734984 e-flex e-con-boxed e-con e-child\" data-id=\"f734984\" data-element_type=\"container\" data-e-type=\"container\" data-settings=\"{&quot;background_background&quot;:&quot;classic&quot;}\">\n\t\t\t\t\t<div class=\"e-con-inner\">\n\t\t\t\t<div class=\"elementor-element elementor-element-0c4181c elementor-widget elementor-widget-heading\" data-id=\"0c4181c\" data-element_type=\"widget\" data-e-type=\"widget\" data-widget_type=\"heading.default\">\n\t\t\t\t<div class=\"elementor-widget-container\">\n\t\t\t\t\t<h2 class=\"elementor-heading-title elementor-size-default\">Revise nosso Contrato com o Cliente, Aviso de Risco,<br \/>\nPol\u00edtica de Privacidade e outros <span>documentos legais.<\/span><\/h2>\t\t\t\t<\/div>\n\t\t\t\t<\/div>\n\t\t\t\t<div class=\"elementor-element elementor-element-f09902c elementor-widget elementor-widget-SeekapaLegalDocs\" data-id=\"f09902c\" data-element_type=\"widget\" data-e-type=\"widget\" data-widget_type=\"SeekapaLegalDocs.default\">\n\t\t\t\t<div class=\"elementor-widget-container\">\n\t\t\t\t\t        <section class='pdfs-container'>\n                            <a href='https:\/\/docs.seekapa.com\/seekapa\/Seekapa_AML_Policy.pdf' class=\"pdf-card\" target=\"_blank\">\n                    <div class=\"pdf-img-container\">\n                        <img decoding=\"async\" src=\"https:\/\/bcdn.seekapa.com\/wp-content\/uploads\/2024\/09\/Group.webp\" alt=\"PDF Icon\" \/>\n                    <\/div>\n                    <p>Pol\u00edtica de AML e KYC<\/p>\n                <\/a>\n                            <a href='https:\/\/docs.seekapa.com\/seekapa\/Seekapa_Commodity_and_Index_Rollover_Policy.pdf' class=\"pdf-card\" target=\"_blank\">\n                    <div class=\"pdf-img-container\">\n                        <img decoding=\"async\" src=\"https:\/\/bcdn.seekapa.com\/wp-content\/uploads\/2024\/09\/Group.webp\" alt=\"PDF Icon\" \/>\n                    <\/div>\n                    <p>Informa\u00e7\u00f5es sobre Rollover de Commodities e \u00cdndices<\/p>\n                <\/a>\n                            <a href='https:\/\/docs.seekapa.com\/seekapa\/Seekapa_Company_Information.pdf' class=\"pdf-card\" target=\"_blank\">\n                    <div class=\"pdf-img-container\">\n                        <img decoding=\"async\" src=\"https:\/\/bcdn.seekapa.com\/wp-content\/uploads\/2024\/09\/Group.webp\" alt=\"PDF Icon\" \/>\n                    <\/div>\n                    <p>Informa\u00e7\u00f5es da Empresa<\/p>\n                <\/a>\n                            <a href='https:\/\/docs.seekapa.com\/seekapa\/Seekapa_Client_Agreement.pdf' class=\"pdf-card\" target=\"_blank\">\n                    <div class=\"pdf-img-container\">\n                        <img decoding=\"async\" src=\"https:\/\/bcdn.seekapa.com\/wp-content\/uploads\/2024\/09\/Group.webp\" alt=\"PDF Icon\" \/>\n                    <\/div>\n                    <p>Contrato do Cliente<\/p>\n                <\/a>\n                            <a href='https:\/\/docs.seekapa.com\/seekapa\/Seekapa_Privacy_Policy.pdf' class=\"pdf-card\" target=\"_blank\">\n                    <div class=\"pdf-img-container\">\n                        <img decoding=\"async\" src=\"https:\/\/bcdn.seekapa.com\/wp-content\/uploads\/2024\/09\/Group.webp\" alt=\"PDF Icon\" \/>\n                    <\/div>\n                    <p>Pol\u00edtica de Privacidade<\/p>\n                <\/a>\n                            <a href='https:\/\/docs.seekapa.com\/seekapa\/Seekapa_Risk_Disclosure.pdf' class=\"pdf-card\" target=\"_blank\">\n                    <div class=\"pdf-img-container\">\n                        <img decoding=\"async\" src=\"https:\/\/bcdn.seekapa.com\/wp-content\/uploads\/2024\/09\/Group.webp\" alt=\"PDF Icon\" \/>\n                    <\/div>\n                    <p>Divulga\u00e7\u00e3o de Riscos<\/p>\n                <\/a>\n                            <a href='https:\/\/docs.seekapa.com\/seekapa\/Seekapa_Commissions_Policy.pdf' class=\"pdf-card\" target=\"_blank\">\n                    <div class=\"pdf-img-container\">\n                        <img decoding=\"async\" src=\"https:\/\/bcdn.seekapa.com\/wp-content\/uploads\/2024\/09\/Group.webp\" alt=\"PDF Icon\" \/>\n                    <\/div>\n                    <p>Comiss\u00f5es Durante a Noite<\/p>\n                <\/a>\n                            <a href='https:\/\/docs.seekapa.com\/seekapa\/Seekapa_Trading_Bonus_Policy.pdf' class=\"pdf-card\" target=\"_blank\">\n                    <div class=\"pdf-img-container\">\n                        <img decoding=\"async\" src=\"https:\/\/bcdn.seekapa.com\/wp-content\/uploads\/2024\/09\/Group.webp\" alt=\"PDF Icon\" \/>\n                    <\/div>\n                    <p>Termos e Condi\u00e7\u00f5es do B\u00f4nus<\/p>\n                <\/a>\n                            <a href='https:\/\/docs.seekapa.com\/seekapa\/Seekapa_Margin_Information.pdf' class=\"pdf-card\" target=\"_blank\">\n                    <div class=\"pdf-img-container\">\n                        <img decoding=\"async\" src=\"https:\/\/bcdn.seekapa.com\/wp-content\/uploads\/2024\/09\/Group.webp\" alt=\"PDF Icon\" \/>\n                    <\/div>\n                    <p>Informa\u00e7\u00f5es de Margem<\/p>\n                <\/a>\n                            <a href='https:\/\/docs.seekapa.com\/seekapa\/Seekapa_Terms_of_Use.pdf' class=\"pdf-card\" target=\"_blank\">\n                    <div class=\"pdf-img-container\">\n                        <img decoding=\"async\" src=\"https:\/\/bcdn.seekapa.com\/wp-content\/uploads\/2024\/09\/Group.webp\" alt=\"PDF Icon\" \/>\n                    <\/div>\n                    <p>Termos de Uso<\/p>\n                <\/a>\n                            <a href='https:\/\/docs.seekapa.com\/seekapa\/Seekapa_Cash_Rebate_Policy.pdf' class=\"pdf-card\" target=\"_blank\">\n                    <div class=\"pdf-img-container\">\n                        <img decoding=\"async\" src=\"https:\/\/bcdn.seekapa.com\/wp-content\/uploads\/2024\/09\/Group.webp\" alt=\"PDF Icon\" \/>\n                    <\/div>\n                    <p>Termos de Reembolso em Dinheiro<\/p>\n                <\/a>\n                            <a href='https:\/\/docs.seekapa.com\/seekapa\/Seekapa_General_Fees.pdf' class=\"pdf-card\" target=\"_blank\">\n                    <div class=\"pdf-img-container\">\n                        <img decoding=\"async\" src=\"https:\/\/bcdn.seekapa.com\/wp-content\/uploads\/2024\/09\/Group.webp\" alt=\"PDF Icon\" \/>\n                    <\/div>\n                    <p>Taxas Gerais<\/p>\n                <\/a>\n                            <a href='https:\/\/docs.seekapa.com\/seekapa\/Seekapa_Complaint_Procedure.pdf' class=\"pdf-card\" target=\"_blank\">\n                    <div class=\"pdf-img-container\">\n                        <img decoding=\"async\" src=\"https:\/\/bcdn.seekapa.com\/wp-content\/uploads\/2024\/09\/Group.webp\" alt=\"PDF Icon\" \/>\n                    <\/div>\n                    <p>Procedimento de Reclama\u00e7\u00f5es<\/p>\n                <\/a>\n                            <a href='https:\/\/docs.seekapa.com\/seekapa\/Seekapa_Trading_Alerts.pdf' class=\"pdf-card\" target=\"_blank\">\n                    <div class=\"pdf-img-container\">\n                        <img decoding=\"async\" src=\"https:\/\/bcdn.seekapa.com\/wp-content\/uploads\/2024\/09\/Group.webp\" alt=\"PDF Icon\" \/>\n                    <\/div>\n                    <p>Alertas de Negocia\u00e7\u00e3o<\/p>\n                <\/a>\n                            <a href='https:\/\/docs.seekapa.com\/seekapa\/Seekapa_Social_Trading_Terms.pdf' class=\"pdf-card\" target=\"_blank\">\n                    <div class=\"pdf-img-container\">\n                        <img decoding=\"async\" src=\"https:\/\/bcdn.seekapa.com\/wp-content\/uploads\/2024\/09\/Group.webp\" alt=\"PDF Icon\" \/>\n                    <\/div>\n                    <p>Termos de Negocia\u00e7\u00e3o Social<\/p>\n                <\/a>\n                    <\/section>\n\n\t\t\t\t<\/div>\n\t\t\t\t<\/div>\n\t\t\t\t\t<\/div>\n\t\t\t\t<\/div>\n\t\t\t\t\t<\/div>\n\t\t\t\t<\/div>\n\t\t<div class=\"elementor-element elementor-element-e8e7557 e-flex e-con-boxed e-con e-parent\" data-id=\"e8e7557\" data-element_type=\"container\" data-e-type=\"container\">\n\t\t\t\t\t<div class=\"e-con-inner\">\n\t\t\t\t<div class=\"elementor-element elementor-element-3ac64e6 elementor-widget elementor-widget-heading\" data-id=\"3ac64e6\" data-element_type=\"widget\" data-e-type=\"widget\" data-widget_type=\"heading.default\">\n\t\t\t\t<div class=\"elementor-widget-container\">\n\t\t\t\t\t<h2 class=\"elementor-heading-title elementor-size-default\">Perguntas <span>Frequentes<\/span><\/h2>\t\t\t\t<\/div>\n\t\t\t\t<\/div>\n\t\t\t\t<div class=\"elementor-element elementor-element-0c0bfad elementor-widget__width-initial elementor-widget elementor-widget-text-editor\" data-id=\"0c0bfad\" data-element_type=\"widget\" data-e-type=\"widget\" data-widget_type=\"text-editor.default\">\n\t\t\t\t<div class=\"elementor-widget-container\">\n\t\t\t\t\t\t\t\t\tOl\u00e1! Tem d\u00favidas? Temos respostas. Confira nossa p\u00e1gina de Perguntas Frequentes para todos os detalhes. Ainda n\u00e3o est\u00e1 satisfeito? Entre em contato conosco. \t\t\t\t\t\t\t\t<\/div>\n\t\t\t\t<\/div>\n\t\t\t\t<div class=\"elementor-element elementor-element-826e477 elementor-widget__width-initial elementor-widget elementor-widget-n-accordion\" data-id=\"826e477\" data-element_type=\"widget\" data-e-type=\"widget\" data-settings=\"{&quot;max_items_expended&quot;:&quot;multiple&quot;,&quot;n_accordion_animation_duration&quot;:{&quot;unit&quot;:&quot;ms&quot;,&quot;size&quot;:200,&quot;sizes&quot;:[]},&quot;default_state&quot;:&quot;expanded&quot;}\" data-widget_type=\"nested-accordion.default\">\n\t\t\t\t<div class=\"elementor-widget-container\">\n\t\t\t\t\t\t\t<div class=\"e-n-accordion\" aria-label=\"Accordion. Open links with Enter or Space, close with Escape, and navigate with Arrow Keys\">\n\t\t\t\t\t\t<details id=\"e-n-accordion-item-1360\" class=\"e-n-accordion-item\" open>\n\t\t\t\t<summary class=\"e-n-accordion-item-title\" data-accordion-index=\"1\" tabindex=\"0\" aria-expanded=\"true\" aria-controls=\"e-n-accordion-item-1360\" >\n\t\t\t\t\t<span class='e-n-accordion-item-title-header'><div class=\"e-n-accordion-item-title-text\"> 01 <h3>  O que devo procurar nos Termos e Condi\u00e7\u00f5es?<\/h3> <\/div><\/span>\n\t\t\t\t\t\t\t<span class='e-n-accordion-item-title-icon'>\n\t\t\t<span class='e-opened' ><svg aria-hidden=\"true\" class=\"e-font-icon-svg e-fas-minus\" viewBox=\"0 0 448 512\" xmlns=\"http:\/\/www.w3.org\/2000\/svg\"><path d=\"M416 208H32c-17.67 0-32 14.33-32 32v32c0 17.67 14.33 32 32 32h384c17.67 0 32-14.33 32-32v-32c0-17.67-14.33-32-32-32z\"><\/path><\/svg><\/span>\n\t\t\t<span class='e-closed'><svg aria-hidden=\"true\" class=\"e-font-icon-svg e-fas-plus\" viewBox=\"0 0 448 512\" xmlns=\"http:\/\/www.w3.org\/2000\/svg\"><path d=\"M416 208H272V64c0-17.67-14.33-32-32-32h-32c-17.67 0-32 14.33-32 32v144H32c-17.67 0-32 14.33-32 32v32c0 17.67 14.33 32 32 32h144v144c0 17.67 14.33 32 32 32h32c17.67 0 32-14.33 32-32V304h144c17.67 0 32-14.33 32-32v-32c0-17.67-14.33-32-32-32z\"><\/path><\/svg><\/span>\n\t\t<\/span>\n\n\t\t\t\t\t\t<\/summary>\n\t\t\t\t<div role=\"region\" aria-labelledby=\"e-n-accordion-item-1360\" class=\"elementor-element elementor-element-0929462 e-con-full e-flex e-con e-child\" data-id=\"0929462\" data-element_type=\"container\" data-e-type=\"container\">\n\t\t\t\t<div class=\"elementor-element elementor-element-cb55206 elementor-widget elementor-widget-text-editor\" data-id=\"cb55206\" data-element_type=\"widget\" data-e-type=\"widget\" data-widget_type=\"text-editor.default\">\n\t\t\t\t<div class=\"elementor-widget-container\">\n\t\t\t\t\t\t\t\t\t\u00c9 importante revisar as se\u00e7\u00f5es relacionadas \u00e0s suas obriga\u00e7\u00f5es como usu\u00e1rio, os termos de entrega do servi\u00e7o, quaisquer taxas ou custos que possa incorrer, e as cl\u00e1usulas de rescis\u00e3o. Entender essas se\u00e7\u00f5es ajudar\u00e1 voc\u00ea a navegar seus direitos e responsabilidades efetivamente.\t\t\t\t\t\t\t\t<\/div>\n\t\t\t\t<\/div>\n\t\t\t\t<\/div>\n\t\t\t\t\t<\/details>\n\t\t\t\t\t\t<details id=\"e-n-accordion-item-1361\" class=\"e-n-accordion-item\" >\n\t\t\t\t<summary class=\"e-n-accordion-item-title\" data-accordion-index=\"2\" tabindex=\"-1\" aria-expanded=\"false\" aria-controls=\"e-n-accordion-item-1361\" >\n\t\t\t\t\t<span class='e-n-accordion-item-title-header'><div class=\"e-n-accordion-item-title-text\">  02 <h3> Com que frequ\u00eancia os Termos e Condi\u00e7\u00f5es s\u00e3o atualizados?<\/h3> <\/div><\/span>\n\t\t\t\t\t\t\t<span class='e-n-accordion-item-title-icon'>\n\t\t\t<span class='e-opened' ><svg aria-hidden=\"true\" class=\"e-font-icon-svg e-fas-minus\" viewBox=\"0 0 448 512\" xmlns=\"http:\/\/www.w3.org\/2000\/svg\"><path d=\"M416 208H32c-17.67 0-32 14.33-32 32v32c0 17.67 14.33 32 32 32h384c17.67 0 32-14.33 32-32v-32c0-17.67-14.33-32-32-32z\"><\/path><\/svg><\/span>\n\t\t\t<span class='e-closed'><svg aria-hidden=\"true\" class=\"e-font-icon-svg e-fas-plus\" viewBox=\"0 0 448 512\" xmlns=\"http:\/\/www.w3.org\/2000\/svg\"><path d=\"M416 208H272V64c0-17.67-14.33-32-32-32h-32c-17.67 0-32 14.33-32 32v144H32c-17.67 0-32 14.33-32 32v32c0 17.67 14.33 32 32 32h144v144c0 17.67 14.33 32 32 32h32c17.67 0 32-14.33 32-32V304h144c17.67 0 32-14.33 32-32v-32c0-17.67-14.33-32-32-32z\"><\/path><\/svg><\/span>\n\t\t<\/span>\n\n\t\t\t\t\t\t<\/summary>\n\t\t\t\t<div role=\"region\" aria-labelledby=\"e-n-accordion-item-1361\" class=\"elementor-element elementor-element-b84cc3f e-con-full e-flex e-con e-child\" data-id=\"b84cc3f\" data-element_type=\"container\" data-e-type=\"container\">\n\t\t\t\t<div class=\"elementor-element elementor-element-6352682 elementor-widget elementor-widget-text-editor\" data-id=\"6352682\" data-element_type=\"widget\" data-e-type=\"widget\" data-widget_type=\"text-editor.default\">\n\t\t\t\t<div class=\"elementor-widget-container\">\n\t\t\t\t\t\t\t\t\tNossos Termos e Condi\u00e7\u00f5es s\u00e3o atualizados conforme necess\u00e1rio para refletir mudan\u00e7as em nossos servi\u00e7os ou exig\u00eancias legais. Recomendamos que voc\u00ea os verifique periodicamente e n\u00f3s o notificaremos sobre mudan\u00e7as significativas atrav\u00e9s do nosso site ou por e-mail.\t\t\t\t\t\t\t\t<\/div>\n\t\t\t\t<\/div>\n\t\t\t\t<\/div>\n\t\t\t\t\t<\/details>\n\t\t\t\t\t\t<details id=\"e-n-accordion-item-1362\" class=\"e-n-accordion-item\" >\n\t\t\t\t<summary class=\"e-n-accordion-item-title\" data-accordion-index=\"3\" tabindex=\"-1\" aria-expanded=\"false\" aria-controls=\"e-n-accordion-item-1362\" >\n\t\t\t\t\t<span class='e-n-accordion-item-title-header'><div class=\"e-n-accordion-item-title-text\">  03 <h3> Posso optar por n\u00e3o aceitar certos termos nos Termos e Condi\u00e7\u00f5es?<\/h3> <\/div><\/span>\n\t\t\t\t\t\t\t<span class='e-n-accordion-item-title-icon'>\n\t\t\t<span class='e-opened' ><svg aria-hidden=\"true\" class=\"e-font-icon-svg e-fas-minus\" viewBox=\"0 0 448 512\" xmlns=\"http:\/\/www.w3.org\/2000\/svg\"><path d=\"M416 208H32c-17.67 0-32 14.33-32 32v32c0 17.67 14.33 32 32 32h384c17.67 0 32-14.33 32-32v-32c0-17.67-14.33-32-32-32z\"><\/path><\/svg><\/span>\n\t\t\t<span class='e-closed'><svg aria-hidden=\"true\" class=\"e-font-icon-svg e-fas-plus\" viewBox=\"0 0 448 512\" xmlns=\"http:\/\/www.w3.org\/2000\/svg\"><path d=\"M416 208H272V64c0-17.67-14.33-32-32-32h-32c-17.67 0-32 14.33-32 32v144H32c-17.67 0-32 14.33-32 32v32c0 17.67 14.33 32 32 32h144v144c0 17.67 14.33 32 32 32h32c17.67 0 32-14.33 32-32V304h144c17.67 0 32-14.33 32-32v-32c0-17.67-14.33-32-32-32z\"><\/path><\/svg><\/span>\n\t\t<\/span>\n\n\t\t\t\t\t\t<\/summary>\n\t\t\t\t<div role=\"region\" aria-labelledby=\"e-n-accordion-item-1362\" class=\"elementor-element elementor-element-840553e e-con-full e-flex e-con e-child\" data-id=\"840553e\" data-element_type=\"container\" data-e-type=\"container\">\n\t\t\t\t<div class=\"elementor-element elementor-element-149e070 elementor-widget elementor-widget-text-editor\" data-id=\"149e070\" data-element_type=\"widget\" data-e-type=\"widget\" data-widget_type=\"text-editor.default\">\n\t\t\t\t<div class=\"elementor-widget-container\">\n\t\t\t\t\t\t\t\t\tOs Termos e Condi\u00e7\u00f5es atuam como um acordo legalmente vinculativo entre voc\u00ea e a Seekapa. Embora voc\u00ea n\u00e3o possa optar por n\u00e3o aceitar termos espec\u00edficos, voc\u00ea pode escolher interromper o uso de nossos servi\u00e7os se discordar dos termos delineados. Para quaisquer preocupa\u00e7\u00f5es espec\u00edficas, entre em contato com nossa equipe de suporte.\t\t\t\t\t\t\t\t<\/div>\n\t\t\t\t<\/div>\n\t\t\t\t<\/div>\n\t\t\t\t\t<\/details>\n\t\t\t\t\t\t<details id=\"e-n-accordion-item-1363\" class=\"e-n-accordion-item\" >\n\t\t\t\t<summary class=\"e-n-accordion-item-title\" data-accordion-index=\"4\" tabindex=\"-1\" aria-expanded=\"false\" aria-controls=\"e-n-accordion-item-1363\" >\n\t\t\t\t\t<span class='e-n-accordion-item-title-header'><div class=\"e-n-accordion-item-title-text\">  04 <h3>  O que devo fazer se n\u00e3o entender parte dos documentos legais?<\/h3> <\/div><\/span>\n\t\t\t\t\t\t\t<span class='e-n-accordion-item-title-icon'>\n\t\t\t<span class='e-opened' ><svg aria-hidden=\"true\" class=\"e-font-icon-svg e-fas-minus\" viewBox=\"0 0 448 512\" xmlns=\"http:\/\/www.w3.org\/2000\/svg\"><path d=\"M416 208H32c-17.67 0-32 14.33-32 32v32c0 17.67 14.33 32 32 32h384c17.67 0 32-14.33 32-32v-32c0-17.67-14.33-32-32-32z\"><\/path><\/svg><\/span>\n\t\t\t<span class='e-closed'><svg aria-hidden=\"true\" class=\"e-font-icon-svg e-fas-plus\" viewBox=\"0 0 448 512\" xmlns=\"http:\/\/www.w3.org\/2000\/svg\"><path d=\"M416 208H272V64c0-17.67-14.33-32-32-32h-32c-17.67 0-32 14.33-32 32v144H32c-17.67 0-32 14.33-32 32v32c0 17.67 14.33 32 32 32h144v144c0 17.67 14.33 32 32 32h32c17.67 0 32-14.33 32-32V304h144c17.67 0 32-14.33 32-32v-32c0-17.67-14.33-32-32-32z\"><\/path><\/svg><\/span>\n\t\t<\/span>\n\n\t\t\t\t\t\t<\/summary>\n\t\t\t\t<div role=\"region\" aria-labelledby=\"e-n-accordion-item-1363\" class=\"elementor-element elementor-element-88ddec5 e-con-full e-flex e-con e-child\" data-id=\"88ddec5\" data-element_type=\"container\" data-e-type=\"container\">\n\t\t\t\t<div class=\"elementor-element elementor-element-f24281e elementor-widget elementor-widget-text-editor\" data-id=\"f24281e\" data-element_type=\"widget\" data-e-type=\"widget\" data-widget_type=\"text-editor.default\">\n\t\t\t\t<div class=\"elementor-widget-container\">\n\t\t\t\t\t\t\t\t\tSe voc\u00ea n\u00e3o entender parte dos documentos legais, recomendamos entrar em contato com nossa equipe de suporte para obter ajuda ou consultar um profissional jur\u00eddico para garantir a compreens\u00e3o.\t\t\t\t\t\t\t\t<\/div>\n\t\t\t\t<\/div>\n\t\t\t\t<\/div>\n\t\t\t\t\t<\/details>\n\t\t\t\t\t\t<details id=\"e-n-accordion-item-1364\" class=\"e-n-accordion-item\" >\n\t\t\t\t<summary class=\"e-n-accordion-item-title\" data-accordion-index=\"5\" tabindex=\"-1\" aria-expanded=\"false\" aria-controls=\"e-n-accordion-item-1364\" >\n\t\t\t\t\t<span class='e-n-accordion-item-title-header'><div class=\"e-n-accordion-item-title-text\">  05 <h3>  Existem leis espec\u00edficas que regem os Termos e Condi\u00e7\u00f5es?<\/h3> <\/div><\/span>\n\t\t\t\t\t\t\t<span class='e-n-accordion-item-title-icon'>\n\t\t\t<span class='e-opened' ><svg aria-hidden=\"true\" class=\"e-font-icon-svg e-fas-minus\" viewBox=\"0 0 448 512\" xmlns=\"http:\/\/www.w3.org\/2000\/svg\"><path d=\"M416 208H32c-17.67 0-32 14.33-32 32v32c0 17.67 14.33 32 32 32h384c17.67 0 32-14.33 32-32v-32c0-17.67-14.33-32-32-32z\"><\/path><\/svg><\/span>\n\t\t\t<span class='e-closed'><svg aria-hidden=\"true\" class=\"e-font-icon-svg e-fas-plus\" viewBox=\"0 0 448 512\" xmlns=\"http:\/\/www.w3.org\/2000\/svg\"><path d=\"M416 208H272V64c0-17.67-14.33-32-32-32h-32c-17.67 0-32 14.33-32 32v144H32c-17.67 0-32 14.33-32 32v32c0 17.67 14.33 32 32 32h144v144c0 17.67 14.33 32 32 32h32c17.67 0 32-14.33 32-32V304h144c17.67 0 32-14.33 32-32v-32c0-17.67-14.33-32-32-32z\"><\/path><\/svg><\/span>\n\t\t<\/span>\n\n\t\t\t\t\t\t<\/summary>\n\t\t\t\t<div role=\"region\" aria-labelledby=\"e-n-accordion-item-1364\" class=\"elementor-element elementor-element-9c4d711 e-con-full e-flex e-con e-child\" data-id=\"9c4d711\" data-element_type=\"container\" data-e-type=\"container\">\n\t\t\t\t<div class=\"elementor-element elementor-element-bddfbec elementor-widget elementor-widget-text-editor\" data-id=\"bddfbec\" data-element_type=\"widget\" data-e-type=\"widget\" data-widget_type=\"text-editor.default\">\n\t\t\t\t<div class=\"elementor-widget-container\">\n\t\t\t\t\t\t\t\t\tSim, nossos Termos e Condi\u00e7\u00f5es est\u00e3o em conformidade com as leis e regulamentos das jurisdi\u00e7\u00f5es nas quais operamos. Os quadros legais espec\u00edficos que governam esses documentos dependem da sua localiza\u00e7\u00e3o e da natureza dos servi\u00e7os fornecidos.\t\t\t\t\t\t\t\t<\/div>\n\t\t\t\t<\/div>\n\t\t\t\t<\/div>\n\t\t\t\t\t<\/details>\n\t\t\t\t\t<\/div>\n\t\t\t\t\t\t<\/div>\n\t\t\t\t<\/div>\n\t\t\t\t\t<\/div>\n\t\t\t\t<\/div>\n\t\t\t\t<\/div>\n\t\t","protected":false},"excerpt":{"rendered":"<p>Documenta\u00e7\u00e3o Legal Seus Direitos e Responsabilidades Aqui, voc\u00ea encontrar\u00e1 todos os documentos essenciais que regem nosso relacionamento com voc\u00ea, incluindo nossos Termos e Condi\u00e7\u00f5es e Pol\u00edtica de Privacidade. Estes documentos s\u00e3o elaborados para garantir que voc\u00ea esteja completamente informado sobre seus direitos e responsabilidades ao utilizar nossos servi\u00e7os. Encorajamos que voc\u00ea os revise cuidadosamente para [&hellip;]<\/p>\n","protected":false},"author":1,"featured_media":0,"parent":0,"menu_order":0,"comment_status":"closed","ping_status":"closed","template":"elementor_header_footer","meta":{"footnotes":""},"class_list":["post-12361","page","type-page","status-publish","hentry"],"acf":[],"aioseo_notices":[],"_links":{"self":[{"href":"https:\/\/seekapa.com\/pt\/wp-json\/wp\/v2\/pages\/12361","targetHints":{"allow":["GET"]}}],"collection":[{"href":"https:\/\/seekapa.com\/pt\/wp-json\/wp\/v2\/pages"}],"about":[{"href":"https:\/\/seekapa.com\/pt\/wp-json\/wp\/v2\/types\/page"}],"author":[{"embeddable":true,"href":"https:\/\/seekapa.com\/pt\/wp-json\/wp\/v2\/users\/1"}],"replies":[{"embeddable":true,"href":"https:\/\/seekapa.com\/pt\/wp-json\/wp\/v2\/comments?post=12361"}],"version-history":[{"count":0,"href":"https:\/\/seekapa.com\/pt\/wp-json\/wp\/v2\/pages\/12361\/revisions"}],"wp:attachment":[{"href":"https:\/\/seekapa.com\/pt\/wp-json\/wp\/v2\/media?parent=12361"}],"curies":[{"name":"wp","href":"https:\/\/api.w.org\/{rel}","templated":true}]}}