{"id":16257,"date":"2024-05-15T17:24:47","date_gmt":"2024-05-15T17:24:47","guid":{"rendered":"https:\/\/seekapa.com\/currency-strength-meter\/"},"modified":"2026-01-25T07:45:23","modified_gmt":"2026-01-25T07:45:23","slug":"currency-strength-meter","status":"publish","type":"page","link":"https:\/\/seekapa.com\/pt-br\/currency-strength-meter\/","title":{"rendered":"Currency Strength Meter"},"content":{"rendered":"\t\t<div data-elementor-type=\"wp-page\" data-elementor-id=\"16257\" class=\"elementor elementor-16257\" data-elementor-post-type=\"page\">\n\t\t\t\t<div class=\"elementor-element elementor-element-ef2fa6e e-flex e-con-boxed e-con e-parent\" data-id=\"ef2fa6e\" data-element_type=\"container\" data-e-type=\"container\">\n\t\t\t\t\t<div class=\"e-con-inner\">\n\t\t\t\t<div class=\"elementor-element elementor-element-7446432 elementor-widget elementor-widget-image\" data-id=\"7446432\" data-element_type=\"widget\" data-e-type=\"widget\" data-widget_type=\"image.default\">\n\t\t\t\t<div class=\"elementor-widget-container\">\n\t\t\t\t\t\t\t\t\t\t\t\t\t\t\t<img fetchpriority=\"high\" decoding=\"async\" width=\"640\" height=\"222\" src=\"https:\/\/bcdn.seekapa.com\/wp-content\/uploads\/2025\/12\/hero-image7.png\" class=\"attachment-large size-large wp-image-38953\" alt=\"\" \/>\t\t\t\t\t\t\t\t\t\t\t\t\t\t\t<\/div>\n\t\t\t\t<\/div>\n\t\t\t\t<div class=\"elementor-element elementor-element-17bb665 elementor-widget__width-initial elementor-widget elementor-widget-shortcode\" data-id=\"17bb665\" data-element_type=\"widget\" data-e-type=\"widget\" data-widget_type=\"shortcode.default\">\n\t\t\t\t<div class=\"elementor-widget-container\">\n\t\t\t\t\t\t\t<div class=\"elementor-shortcode\"><div class=\"aioseo-breadcrumbs\"><span class=\"aioseo-breadcrumb\">\n\tPagina inicial\n<\/span><\/div>\n<\/div>\n\t\t\t\t\t\t<\/div>\n\t\t\t\t<\/div>\n\t\t\t\t<div class=\"elementor-element elementor-element-1028ec3 elementor-widget__width-initial elementor-widget elementor-widget-heading\" data-id=\"1028ec3\" data-element_type=\"widget\" data-e-type=\"widget\" data-widget_type=\"heading.default\">\n\t\t\t\t<div class=\"elementor-widget-container\">\n\t\t\t\t\t<h1 class=\"elementor-heading-title elementor-size-default\">Avalie o Sentimento do Mercado com<span> Nosso Medidor de For\u00e7a de Moeda<span \/>\n\n <\/h1>\t\t\t\t<\/div>\n\t\t\t\t<\/div>\n\t\t\t\t<div class=\"elementor-element elementor-element-1111baa elementor-widget__width-initial elementor-widget elementor-widget-text-editor\" data-id=\"1111baa\" data-element_type=\"widget\" data-e-type=\"widget\" data-widget_type=\"text-editor.default\">\n\t\t\t\t<div class=\"elementor-widget-container\">\n\t\t\t\t\t\t\t\t\tNossa ferramenta Medidor de For\u00e7a de Moeda oferece uma representa\u00e7\u00e3o visual da for\u00e7a ou fraqueza relativa das principais moedas. Use esta ferramenta para detectar oportunidades potenciais de trading no mercado forex baseadas no sentimento atual do mercado.\t\t\t\t\t\t\t\t<\/div>\n\t\t\t\t<\/div>\n\t\t\t\t<div class=\"elementor-element elementor-element-dce2f7e elementor-widget elementor-widget-html\" data-id=\"dce2f7e\" data-element_type=\"widget\" data-e-type=\"widget\" data-widget_type=\"html.default\">\n\t\t\t\t<div class=\"elementor-widget-container\">\n\t\t\t\t\t<script>\n(function(w,d,t,h,l,b,p,o,a,m){w[\"TraducationFxObject\"]=o;w[o]=w[o]||function(){\nw[o].h=h;w[o].b=b;return (w[o].q=w[o].q||[]).push(arguments)};a=d.createElement(t),\nm=d.getElementsByTagName(t)[0];a.async=1;a.src=h+l+\"?b=\"+b+\"&p=\"+p.join(\",\")+'&rd='+w.location.protocol+'\/\/'+w.location.host+'&ru='+w.location.pathname+w.location.hash;a.crossorigin=\"use-credentials\";m.parentNode.insertBefore(a,m)\n})(window,document,\"script\",\"https:\/\/embedder.traducationfx.com\/\",\"embedder.js\",\"EQS7g3XTSaC\",[],\"TraducationFX\");\nTraducationFX(\"settings\", \"configure\", {\n    \"langCode\": \"pt-BR\",\n    \"theme\": \"dark\",\n    \"traderStateKey\": \"eP7gFXypBzC\"\n});\n<\/script>\n\n<script>\nTraducationFX(\"currencyStrengthMeter\", \"configure\", {\n    \"containerId\": \"trfx-currency-strength-meter\"\n});\nTraducationFX(\"currencyStrengthMeter\", \"embed\");\n<\/script>\n\n<div id=\"trfx-currency-strength-meter\"><\/div>\t\t\t\t<\/div>\n\t\t\t\t<\/div>\n\t\t\t\t\t<\/div>\n\t\t\t\t<\/div>\n\t\t\t\t<\/div>\n\t\t","protected":false},"excerpt":{"rendered":"<p>Avalie o Sentimento do Mercado com Nosso Medidor de For\u00e7a de Moeda Nossa ferramenta Medidor de For\u00e7a de Moeda oferece uma representa\u00e7\u00e3o visual da for\u00e7a ou fraqueza relativa das principais moedas. Use esta ferramenta para detectar oportunidades potenciais de trading no mercado forex baseadas no sentimento atual do mercado.<\/p>\n","protected":false},"author":1,"featured_media":0,"parent":0,"menu_order":0,"comment_status":"closed","ping_status":"closed","template":"elementor_header_footer","meta":{"footnotes":""},"class_list":["post-16257","page","type-page","status-publish","hentry"],"acf":[],"aioseo_notices":[],"_links":{"self":[{"href":"https:\/\/seekapa.com\/pt-br\/wp-json\/wp\/v2\/pages\/16257","targetHints":{"allow":["GET"]}}],"collection":[{"href":"https:\/\/seekapa.com\/pt-br\/wp-json\/wp\/v2\/pages"}],"about":[{"href":"https:\/\/seekapa.com\/pt-br\/wp-json\/wp\/v2\/types\/page"}],"author":[{"embeddable":true,"href":"https:\/\/seekapa.com\/pt-br\/wp-json\/wp\/v2\/users\/1"}],"replies":[{"embeddable":true,"href":"https:\/\/seekapa.com\/pt-br\/wp-json\/wp\/v2\/comments?post=16257"}],"version-history":[{"count":0,"href":"https:\/\/seekapa.com\/pt-br\/wp-json\/wp\/v2\/pages\/16257\/revisions"}],"wp:attachment":[{"href":"https:\/\/seekapa.com\/pt-br\/wp-json\/wp\/v2\/media?parent=16257"}],"curies":[{"name":"wp","href":"https:\/\/api.w.org\/{rel}","templated":true}]}}