{"id":16172,"date":"2024-05-15T17:22:56","date_gmt":"2024-05-15T17:22:56","guid":{"rendered":"https:\/\/seekapa.com\/economic-calendar\/"},"modified":"2026-01-25T07:38:22","modified_gmt":"2026-01-25T07:38:22","slug":"economic-calendar","status":"publish","type":"page","link":"https:\/\/seekapa.com\/pt-br\/economic-calendar\/","title":{"rendered":"Economic calendar"},"content":{"rendered":"\t\t<div data-elementor-type=\"wp-page\" data-elementor-id=\"16172\" class=\"elementor elementor-16172\" data-elementor-post-type=\"page\">\n\t\t\t\t<div class=\"elementor-element elementor-element-b456a76 e-flex e-con-boxed e-con e-parent\" data-id=\"b456a76\" data-element_type=\"container\" data-e-type=\"container\">\n\t\t\t\t\t<div class=\"e-con-inner\">\n\t\t\t\t<div class=\"elementor-element elementor-element-81c12cb elementor-widget elementor-widget-image\" data-id=\"81c12cb\" data-element_type=\"widget\" data-e-type=\"widget\" data-widget_type=\"image.default\">\n\t\t\t\t<div class=\"elementor-widget-container\">\n\t\t\t\t\t\t\t\t\t\t\t\t\t\t\t<img fetchpriority=\"high\" decoding=\"async\" width=\"640\" height=\"216\" src=\"https:\/\/bcdn.seekapa.com\/wp-content\/uploads\/2025\/12\/hero-image2.png\" class=\"attachment-large size-large wp-image-38788\" alt=\"\" \/>\t\t\t\t\t\t\t\t\t\t\t\t\t\t\t<\/div>\n\t\t\t\t<\/div>\n\t\t\t\t<div class=\"elementor-element elementor-element-0f45472 elementor-widget__width-initial elementor-widget elementor-widget-shortcode\" data-id=\"0f45472\" data-element_type=\"widget\" data-e-type=\"widget\" data-widget_type=\"shortcode.default\">\n\t\t\t\t<div class=\"elementor-widget-container\">\n\t\t\t\t\t\t\t<div class=\"elementor-shortcode\"><div class=\"aioseo-breadcrumbs\"><span class=\"aioseo-breadcrumb\">\n\tPagina inicial\n<\/span><\/div>\n<\/div>\n\t\t\t\t\t\t<\/div>\n\t\t\t\t<\/div>\n\t\t\t\t<div class=\"elementor-element elementor-element-efbb7fa elementor-widget__width-initial elementor-widget elementor-widget-heading\" data-id=\"efbb7fa\" data-element_type=\"widget\" data-e-type=\"widget\" data-widget_type=\"heading.default\">\n\t\t\t\t<div class=\"elementor-widget-container\">\n\t\t\t\t\t<h1 class=\"elementor-heading-title elementor-size-default\">Mantenha-se \u00e0 Frente com Nosso <span> Calend\u00e1rio Econ\u00f4mico em Tempo Real<\/span>\n<\/h1>\t\t\t\t<\/div>\n\t\t\t\t<\/div>\n\t\t\t\t<div class=\"elementor-element elementor-element-30cd6de elementor-widget__width-initial elementor-widget elementor-widget-text-editor\" data-id=\"30cd6de\" data-element_type=\"widget\" data-e-type=\"widget\" data-widget_type=\"text-editor.default\">\n\t\t\t\t<div class=\"elementor-widget-container\">\n\t\t\t\t\t\t\t\t\t<p>Alinhe sua estrat\u00e9gia de trading com as din\u00e2micas do mercado. Nosso Calend\u00e1rio Econ\u00f4mico oferece insights cruciais sobre eventos econ\u00f4micos importantes que podem influenciar os mercados, ajudando voc\u00ea a tomar decis\u00f5es de trading informadas.<\/p>\t\t\t\t\t\t\t\t<\/div>\n\t\t\t\t<\/div>\n\t\t\t\t<div class=\"elementor-element elementor-element-a0295a8 elementor-widget elementor-widget-html\" data-id=\"a0295a8\" data-element_type=\"widget\" data-e-type=\"widget\" data-widget_type=\"html.default\">\n\t\t\t\t<div class=\"elementor-widget-container\">\n\t\t\t\t\t<script>\n(function(w,d,t,h,l,b,p,o,a,m){w[\"TraducationFxObject\"]=o;w[o]=w[o]||function(){\nw[o].h=h;w[o].b=b;return (w[o].q=w[o].q||[]).push(arguments)};a=d.createElement(t),\nm=d.getElementsByTagName(t)[0];a.async=1;a.src=h+l+\"?b=\"+b+\"&p=\"+p.join(\",\")+'&rd='+w.location.protocol+'\/\/'+w.location.host+'&ru='+w.location.pathname+w.location.hash;a.crossorigin=\"use-credentials\";m.parentNode.insertBefore(a,m)\n})(window,document,\"script\",\"https:\/\/embedder.traducationfx.com\/\",\"embedder.js\",\"EQS7g3XTSaC\",[],\"TraducationFX\");\nTraducationFX(\"settings\", \"configure\", {\n    \"langCode\": \"pt-BR\",\n    \"theme\": \"dark\",\n    \"traderStateKey\": \"eP7gFXypBzC\"\n});\n<\/script>\n\n<script>\nTraducationFX(\"economicCalendar\", \"configure\", {\n    \"containerId\": \"trfx-economic-calendar\"\n});\nTraducationFX(\"economicCalendar\", \"embed\");\n<\/script>\n\n<div id=\"trfx-economic-calendar\"><\/div>\t\t\t\t<\/div>\n\t\t\t\t<\/div>\n\t\t\t\t\t<\/div>\n\t\t\t\t<\/div>\n\t\t\t\t<\/div>\n\t\t","protected":false},"excerpt":{"rendered":"<p>Mantenha-se \u00e0 Frente com Nosso Calend\u00e1rio Econ\u00f4mico em Tempo Real Alinhe sua estrat\u00e9gia de trading com as din\u00e2micas do mercado. Nosso Calend\u00e1rio Econ\u00f4mico oferece insights cruciais sobre eventos econ\u00f4micos importantes que podem influenciar os mercados, ajudando voc\u00ea a tomar decis\u00f5es de trading informadas.<\/p>\n","protected":false},"author":1,"featured_media":0,"parent":0,"menu_order":0,"comment_status":"closed","ping_status":"closed","template":"elementor_header_footer","meta":{"footnotes":""},"class_list":["post-16172","page","type-page","status-publish","hentry"],"acf":[],"aioseo_notices":[],"_links":{"self":[{"href":"https:\/\/seekapa.com\/pt-br\/wp-json\/wp\/v2\/pages\/16172","targetHints":{"allow":["GET"]}}],"collection":[{"href":"https:\/\/seekapa.com\/pt-br\/wp-json\/wp\/v2\/pages"}],"about":[{"href":"https:\/\/seekapa.com\/pt-br\/wp-json\/wp\/v2\/types\/page"}],"author":[{"embeddable":true,"href":"https:\/\/seekapa.com\/pt-br\/wp-json\/wp\/v2\/users\/1"}],"replies":[{"embeddable":true,"href":"https:\/\/seekapa.com\/pt-br\/wp-json\/wp\/v2\/comments?post=16172"}],"version-history":[{"count":0,"href":"https:\/\/seekapa.com\/pt-br\/wp-json\/wp\/v2\/pages\/16172\/revisions"}],"wp:attachment":[{"href":"https:\/\/seekapa.com\/pt-br\/wp-json\/wp\/v2\/media?parent=16172"}],"curies":[{"name":"wp","href":"https:\/\/api.w.org\/{rel}","templated":true}]}}