{"id":28822,"date":"2025-01-13T14:11:04","date_gmt":"2025-01-13T14:11:04","guid":{"rendered":"https:\/\/seekapa.com\/earnings-calendar\/"},"modified":"2026-01-25T08:34:28","modified_gmt":"2026-01-25T08:34:28","slug":"earnings-calendar","status":"publish","type":"page","link":"https:\/\/seekapa.com\/es\/earnings-calendar\/","title":{"rendered":"Calendario de Ganancias"},"content":{"rendered":"\t\t<div data-elementor-type=\"wp-page\" data-elementor-id=\"28822\" class=\"elementor elementor-28822\" data-elementor-post-type=\"page\">\n\t\t\t\t<div class=\"elementor-element elementor-element-11ea545 e-flex e-con-boxed e-con e-parent\" data-id=\"11ea545\" data-element_type=\"container\" data-e-type=\"container\">\n\t\t\t\t\t<div class=\"e-con-inner\">\n\t\t\t\t<div class=\"elementor-element elementor-element-3094f65 elementor-widget elementor-widget-image\" data-id=\"3094f65\" data-element_type=\"widget\" data-e-type=\"widget\" data-widget_type=\"image.default\">\n\t\t\t\t<div class=\"elementor-widget-container\">\n\t\t\t\t\t\t\t\t\t\t\t\t\t\t\t<img fetchpriority=\"high\" decoding=\"async\" width=\"614\" height=\"230\" src=\"https:\/\/bcdn.seekapa.com\/wp-content\/uploads\/2025\/12\/hero-image5.png\" class=\"attachment-large size-large wp-image-38846\" alt=\"\" \/>\t\t\t\t\t\t\t\t\t\t\t\t\t\t\t<\/div>\n\t\t\t\t<\/div>\n\t\t\t\t<div class=\"elementor-element elementor-element-d0669ef elementor-widget__width-initial elementor-widget elementor-widget-shortcode\" data-id=\"d0669ef\" data-element_type=\"widget\" data-e-type=\"widget\" data-widget_type=\"shortcode.default\">\n\t\t\t\t<div class=\"elementor-widget-container\">\n\t\t\t\t\t\t\t<div class=\"elementor-shortcode\"><div class=\"aioseo-breadcrumbs\"><span class=\"aioseo-breadcrumb\">\n\tPagina de inicio\n<\/span><\/div>\n<\/div>\n\t\t\t\t\t\t<\/div>\n\t\t\t\t<\/div>\n\t\t\t\t<div class=\"elementor-element elementor-element-14f3a39 elementor-widget__width-initial elementor-widget elementor-widget-heading\" data-id=\"14f3a39\" data-element_type=\"widget\" data-e-type=\"widget\" data-widget_type=\"heading.default\">\n\t\t\t\t<div class=\"elementor-widget-container\">\n\t\t\t\t\t<h1 class=\"elementor-heading-title elementor-size-default\">Calendario de Resultados<\/h1>\t\t\t\t<\/div>\n\t\t\t\t<\/div>\n\t\t\t\t<div class=\"elementor-element elementor-element-bc91dde elementor-widget__width-initial elementor-widget elementor-widget-text-editor\" data-id=\"bc91dde\" data-element_type=\"widget\" data-e-type=\"widget\" data-widget_type=\"text-editor.default\">\n\t\t\t\t<div class=\"elementor-widget-container\">\n\t\t\t\t\t\t\t\t\t<p>Sigue el desempe\u00f1o de las principales empresas con el Calendario de Resultados de Seekapa. Este calendario te proporciona las fechas y horarios de los informes financieros de grandes corporaciones, permiti\u00e9ndote estar informado sobre eventos clave del mercado. Planifica con anticipaci\u00f3n, analiza tendencias y descubre nuevas oportunidades de negociaci\u00f3n durante la temporada de resultados con Seekapa a tu lado.<\/p>\t\t\t\t\t\t\t\t<\/div>\n\t\t\t\t<\/div>\n\t\t\t\t<div class=\"elementor-element elementor-element-5350139 elementor-align-center elementor-widget elementor-widget-button\" data-id=\"5350139\" data-element_type=\"widget\" data-e-type=\"widget\" data-widget_type=\"button.default\">\n\t\t\t\t<div class=\"elementor-widget-container\">\n\t\t\t\t\t\t\t\t\t<div class=\"elementor-button-wrapper\">\n\t\t\t\t\t<a class=\"elementor-button elementor-button-link elementor-size-sm\" href=\"https:\/\/seekapa.onelink.me\/XSZ4\/dulqxu20\">\n\t\t\t\t\t\t<span class=\"elementor-button-content-wrapper\">\n\t\t\t\t\t\t\t\t\t<span class=\"elementor-button-text\">Comienza a operar ahora<\/span>\n\t\t\t\t\t<\/span>\n\t\t\t\t\t<\/a>\n\t\t\t\t<\/div>\n\t\t\t\t\t\t\t\t<\/div>\n\t\t\t\t<\/div>\n\t\t\t\t<div class=\"elementor-element elementor-element-cb2cbb0 elementor-widget elementor-widget-html\" data-id=\"cb2cbb0\" data-element_type=\"widget\" data-e-type=\"widget\" data-widget_type=\"html.default\">\n\t\t\t\t<div class=\"elementor-widget-container\">\n\t\t\t\t\t<section class=\"earnings-container\">\r\n    <div class=\"filter-container\">\r\n        <div class=\"filter-buttons desktop-buttons\">\r\n<button onclick=\"filterPeriod('today')\" class=\"filter-btn\">Hoy<\/button>\r\n<button onclick=\"filterPeriod('thisWeek')\" class=\"filter-btn\">Esta Semana<\/button>\r\n<button onclick=\"filterPeriod('nextWeek')\" class=\"filter-btn\">Pr\u00f3xima Semana<\/button>\r\n<button onclick=\"filterPeriod('thisMonth')\" class=\"filter-btn\">Este Mes<\/button>\r\n<button onclick=\"resetFilter()\" class=\"filter-btn reset\">Todo<\/button>\r\n        <\/div>\r\n        <select class=\"mobile-dropdown\" onchange=\"handleDropdownChange(this.value)\">\r\n       <option value=\"\">Seleccionar Per\u00edodo<\/option>\r\n<option value=\"today\">Hoy<\/option>\r\n<option value=\"thisWeek\">Esta Semana<\/option>\r\n<option value=\"nextWeek\">Pr\u00f3xima Semana<\/option>\r\n<option value=\"thisMonth\">Este Mes<\/option>\r\n<option value=\"reset\">Todos<\/option>\r\n        <\/select>\r\n    <\/div>\r\n    <div class=\"table-wrapper\">\r\n        <div class=\"mobile-cards\"><\/div>\r\n        <table class=\"earnings-table\">\r\n            <thead>\r\n                <tr>\r\n            <th>Compa\u00f1\u00eda<\/th>\r\n<th>Activo<\/th>\r\n<th>Capitalizaci\u00f3n de Mercado<\/th>\r\n<th>Fecha<\/th>\r\n<th>Hora<\/th>\r\n                <\/tr>\r\n            <\/thead>\r\n            <tbody id=\"earnings-tbody\">\r\n            <\/tbody>\r\n        <\/table>\r\n    <\/div>\r\n<\/section>\r\n\t\t\t\t<\/div>\n\t\t\t\t<\/div>\n\t\t\t\t\t<\/div>\n\t\t\t\t<\/div>\n\t\t<div class=\"elementor-element elementor-element-4f55d09 e-flex e-con-boxed e-con e-parent\" data-id=\"4f55d09\" data-element_type=\"container\" data-e-type=\"container\">\n\t\t\t\t\t<div class=\"e-con-inner\">\n\t\t<div class=\"elementor-element elementor-element-ca37ea9 e-con-full e-flex e-con e-child\" data-id=\"ca37ea9\" data-element_type=\"container\" data-e-type=\"container\">\n\t\t<div class=\"elementor-element elementor-element-3eb828b e-con-full e-flex e-con e-child\" data-id=\"3eb828b\" data-element_type=\"container\" data-e-type=\"container\">\n\t\t\t\t<div class=\"elementor-element elementor-element-b044dda elementor-widget elementor-widget-image\" data-id=\"b044dda\" data-element_type=\"widget\" data-e-type=\"widget\" data-widget_type=\"image.default\">\n\t\t\t\t<div class=\"elementor-widget-container\">\n\t\t\t\t\t\t\t\t\t\t\t\t\t\t\t<img decoding=\"async\" width=\"489\" height=\"584\" src=\"https:\/\/bcdn.seekapa.com\/wp-content\/uploads\/2025\/12\/Generated-Image-November-03-2025-3_36PM-1.png\" class=\"attachment-large size-large wp-image-38851\" alt=\"\" \/>\t\t\t\t\t\t\t\t\t\t\t\t\t\t\t<\/div>\n\t\t\t\t<\/div>\n\t\t\t\t<\/div>\n\t\t<div class=\"elementor-element elementor-element-d2ab265 e-con-full e-flex e-con e-child\" data-id=\"d2ab265\" data-element_type=\"container\" data-e-type=\"container\">\n\t\t\t\t<div class=\"elementor-element elementor-element-f55d1d1 elementor-widget__width-initial elementor-widget elementor-widget-heading\" data-id=\"f55d1d1\" data-element_type=\"widget\" data-e-type=\"widget\" data-widget_type=\"heading.default\">\n\t\t\t\t<div class=\"elementor-widget-container\">\n\t\t\t\t\t<h2 class=\"elementor-heading-title elementor-size-default\">Por qu\u00e9 <span>Importan los Informes<\/span> de Resultados<\/h2>\t\t\t\t<\/div>\n\t\t\t\t<\/div>\n\t\t\t\t<div class=\"elementor-element elementor-element-3c90798 elementor-widget__width-initial elementor-widget elementor-widget-text-editor\" data-id=\"3c90798\" data-element_type=\"widget\" data-e-type=\"widget\" data-widget_type=\"text-editor.default\">\n\t\t\t\t<div class=\"elementor-widget-container\">\n\t\t\t\t\t\t\t\t\t<p>Los informes de resultados son un indicador poderoso del movimiento del mercado. Revelan la rentabilidad, el potencial de crecimiento y las estrategias comerciales de una empresa, influyendo directamente en los precios de las acciones y la confianza de los inversores. Para los traders, mantenerse actualizado sobre los informes de resultados es clave para tomar decisiones calculadas, evitar sorpresas y aprovechar oportunidades en mercados vol\u00e1tiles.<\/p>\t\t\t\t\t\t\t\t<\/div>\n\t\t\t\t<\/div>\n\t\t\t\t<div class=\"elementor-element elementor-element-cf1000b elementor-align-left elementor-tablet-align-left elementor-mobile-align-center elementor-widget__width-inherit elementor-widget-tablet__width-inherit elementor-widget-mobile__width-inherit elementor-widget elementor-widget-button\" data-id=\"cf1000b\" data-element_type=\"widget\" data-e-type=\"widget\" data-widget_type=\"button.default\">\n\t\t\t\t<div class=\"elementor-widget-container\">\n\t\t\t\t\t\t\t\t\t<div class=\"elementor-button-wrapper\">\n\t\t\t\t\t<a class=\"elementor-button elementor-button-link elementor-size-sm\" href=\"https:\/\/seekapa.onelink.me\/XSZ4\/dulqxu20\">\n\t\t\t\t\t\t<span class=\"elementor-button-content-wrapper\">\n\t\t\t\t\t\t\t\t\t<span class=\"elementor-button-text\">Explora los mercados<\/span>\n\t\t\t\t\t<\/span>\n\t\t\t\t\t<\/a>\n\t\t\t\t<\/div>\n\t\t\t\t\t\t\t\t<\/div>\n\t\t\t\t<\/div>\n\t\t\t\t<\/div>\n\t\t\t\t<\/div>\n\t\t\t\t\t<\/div>\n\t\t\t\t<\/div>\n\t\t<div class=\"elementor-element elementor-element-62f695d e-flex e-con-boxed e-con e-parent\" data-id=\"62f695d\" data-element_type=\"container\" data-e-type=\"container\">\n\t\t\t\t\t<div class=\"e-con-inner\">\n\t\t\t\t<div class=\"elementor-element elementor-element-a99c590 elementor-widget elementor-widget-heading\" data-id=\"a99c590\" data-element_type=\"widget\" data-e-type=\"widget\" data-widget_type=\"heading.default\">\n\t\t\t\t<div class=\"elementor-widget-container\">\n\t\t\t\t\t<h2 class=\"elementor-heading-title elementor-size-default\">Preguntas <span>Frecuentes<\/span><\/h2>\t\t\t\t<\/div>\n\t\t\t\t<\/div>\n\t\t\t\t<div class=\"elementor-element elementor-element-75b9bf7 elementor-widget__width-initial elementor-widget elementor-widget-text-editor\" data-id=\"75b9bf7\" data-element_type=\"widget\" data-e-type=\"widget\" data-widget_type=\"text-editor.default\">\n\t\t\t\t<div class=\"elementor-widget-container\">\n\t\t\t\t\t\t\t\t\t<p>\u00a1Hola! \u00bfTienes preguntas? Nosotros tenemos las respuestas. Visita nuestra p\u00e1gina de preguntas frecuentes para conocer todos los detalles. \u00bfA\u00fan no est\u00e1s satisfecho? Ponte en contacto con nosotros.<\/p>\t\t\t\t\t\t\t\t<\/div>\n\t\t\t\t<\/div>\n\t\t\t\t<div class=\"elementor-element elementor-element-529760b elementor-widget__width-initial elementor-widget elementor-widget-n-accordion\" data-id=\"529760b\" data-element_type=\"widget\" data-e-type=\"widget\" data-settings=\"{&quot;max_items_expended&quot;:&quot;multiple&quot;,&quot;n_accordion_animation_duration&quot;:{&quot;unit&quot;:&quot;ms&quot;,&quot;size&quot;:200,&quot;sizes&quot;:[]},&quot;default_state&quot;:&quot;expanded&quot;}\" data-widget_type=\"nested-accordion.default\">\n\t\t\t\t<div class=\"elementor-widget-container\">\n\t\t\t\t\t\t\t<div class=\"e-n-accordion\" aria-label=\"Accordion. Open links with Enter or Space, close with Escape, and navigate with Arrow Keys\">\n\t\t\t\t\t\t<details id=\"e-n-accordion-item-8660\" class=\"e-n-accordion-item\" open>\n\t\t\t\t<summary class=\"e-n-accordion-item-title\" data-accordion-index=\"1\" tabindex=\"0\" aria-expanded=\"true\" aria-controls=\"e-n-accordion-item-8660\" >\n\t\t\t\t\t<span class='e-n-accordion-item-title-header'><div class=\"e-n-accordion-item-title-text\"> 01 <h3>\u00bfQu\u00e9 es un calendario de resultados y por qu\u00e9 deber\u00eda usarlo?<\/h3> <\/div><\/span>\n\t\t\t\t\t\t\t<span class='e-n-accordion-item-title-icon'>\n\t\t\t<span class='e-opened' ><svg aria-hidden=\"true\" class=\"e-font-icon-svg e-fas-minus\" viewBox=\"0 0 448 512\" xmlns=\"http:\/\/www.w3.org\/2000\/svg\"><path d=\"M416 208H32c-17.67 0-32 14.33-32 32v32c0 17.67 14.33 32 32 32h384c17.67 0 32-14.33 32-32v-32c0-17.67-14.33-32-32-32z\"><\/path><\/svg><\/span>\n\t\t\t<span class='e-closed'><svg aria-hidden=\"true\" class=\"e-font-icon-svg e-fas-plus\" viewBox=\"0 0 448 512\" xmlns=\"http:\/\/www.w3.org\/2000\/svg\"><path d=\"M416 208H272V64c0-17.67-14.33-32-32-32h-32c-17.67 0-32 14.33-32 32v144H32c-17.67 0-32 14.33-32 32v32c0 17.67 14.33 32 32 32h144v144c0 17.67 14.33 32 32 32h32c17.67 0 32-14.33 32-32V304h144c17.67 0 32-14.33 32-32v-32c0-17.67-14.33-32-32-32z\"><\/path><\/svg><\/span>\n\t\t<\/span>\n\n\t\t\t\t\t\t<\/summary>\n\t\t\t\t<div role=\"region\" aria-labelledby=\"e-n-accordion-item-8660\" class=\"elementor-element elementor-element-9d29a2a e-con-full e-flex e-con e-child\" data-id=\"9d29a2a\" data-element_type=\"container\" data-e-type=\"container\">\n\t\t\t\t<div class=\"elementor-element elementor-element-e3ff272 elementor-widget elementor-widget-text-editor\" data-id=\"e3ff272\" data-element_type=\"widget\" data-e-type=\"widget\" data-widget_type=\"text-editor.default\">\n\t\t\t\t<div class=\"elementor-widget-container\">\n\t\t\t\t\t\t\t\t\tUn calendario de resultados es una herramienta que lista las fechas y horarios de los informes financieros de las empresas. Ayuda a los traders e inversores a mantenerse informados sobre las actualizaciones financieras y a planificar sus estrategias en consecuencia.\t\t\t\t\t\t\t\t<\/div>\n\t\t\t\t<\/div>\n\t\t\t\t<\/div>\n\t\t\t\t\t<\/details>\n\t\t\t\t\t\t<details id=\"e-n-accordion-item-8661\" class=\"e-n-accordion-item\" >\n\t\t\t\t<summary class=\"e-n-accordion-item-title\" data-accordion-index=\"2\" tabindex=\"-1\" aria-expanded=\"false\" aria-controls=\"e-n-accordion-item-8661\" >\n\t\t\t\t\t<span class='e-n-accordion-item-title-header'><div class=\"e-n-accordion-item-title-text\">  02 <h3>\u00bfC\u00f3mo impactan los informes de resultados en el trading?<\/h3> <\/div><\/span>\n\t\t\t\t\t\t\t<span class='e-n-accordion-item-title-icon'>\n\t\t\t<span class='e-opened' ><svg aria-hidden=\"true\" class=\"e-font-icon-svg e-fas-minus\" viewBox=\"0 0 448 512\" xmlns=\"http:\/\/www.w3.org\/2000\/svg\"><path d=\"M416 208H32c-17.67 0-32 14.33-32 32v32c0 17.67 14.33 32 32 32h384c17.67 0 32-14.33 32-32v-32c0-17.67-14.33-32-32-32z\"><\/path><\/svg><\/span>\n\t\t\t<span class='e-closed'><svg aria-hidden=\"true\" class=\"e-font-icon-svg e-fas-plus\" viewBox=\"0 0 448 512\" xmlns=\"http:\/\/www.w3.org\/2000\/svg\"><path d=\"M416 208H272V64c0-17.67-14.33-32-32-32h-32c-17.67 0-32 14.33-32 32v144H32c-17.67 0-32 14.33-32 32v32c0 17.67 14.33 32 32 32h144v144c0 17.67 14.33 32 32 32h32c17.67 0 32-14.33 32-32V304h144c17.67 0 32-14.33 32-32v-32c0-17.67-14.33-32-32-32z\"><\/path><\/svg><\/span>\n\t\t<\/span>\n\n\t\t\t\t\t\t<\/summary>\n\t\t\t\t<div role=\"region\" aria-labelledby=\"e-n-accordion-item-8661\" class=\"elementor-element elementor-element-ae134ed e-con-full e-flex e-con e-child\" data-id=\"ae134ed\" data-element_type=\"container\" data-e-type=\"container\">\n\t\t\t\t<div class=\"elementor-element elementor-element-b41d4f4 elementor-widget elementor-widget-text-editor\" data-id=\"b41d4f4\" data-element_type=\"widget\" data-e-type=\"widget\" data-widget_type=\"text-editor.default\">\n\t\t\t\t<div class=\"elementor-widget-container\">\n\t\t\t\t\t\t\t\t\tLos informes de resultados brindan informaci\u00f3n sobre el desempe\u00f1o financiero de una empresa, lo que puede causar fluctuaciones significativas en los precios del mercado. Entender estos informes permite a los traders anticiparse a los movimientos del mercado y ajustar sus posiciones.\t\t\t\t\t\t\t\t<\/div>\n\t\t\t\t<\/div>\n\t\t\t\t<\/div>\n\t\t\t\t\t<\/details>\n\t\t\t\t\t\t<details id=\"e-n-accordion-item-8662\" class=\"e-n-accordion-item\" >\n\t\t\t\t<summary class=\"e-n-accordion-item-title\" data-accordion-index=\"3\" tabindex=\"-1\" aria-expanded=\"false\" aria-controls=\"e-n-accordion-item-8662\" >\n\t\t\t\t\t<span class='e-n-accordion-item-title-header'><div class=\"e-n-accordion-item-title-text\">  03 <h3>\u00bfPuedo operar antes o despu\u00e9s de un informe de resultados?<\/h3> <\/div><\/span>\n\t\t\t\t\t\t\t<span class='e-n-accordion-item-title-icon'>\n\t\t\t<span class='e-opened' ><svg aria-hidden=\"true\" class=\"e-font-icon-svg e-fas-minus\" viewBox=\"0 0 448 512\" xmlns=\"http:\/\/www.w3.org\/2000\/svg\"><path d=\"M416 208H32c-17.67 0-32 14.33-32 32v32c0 17.67 14.33 32 32 32h384c17.67 0 32-14.33 32-32v-32c0-17.67-14.33-32-32-32z\"><\/path><\/svg><\/span>\n\t\t\t<span class='e-closed'><svg aria-hidden=\"true\" class=\"e-font-icon-svg e-fas-plus\" viewBox=\"0 0 448 512\" xmlns=\"http:\/\/www.w3.org\/2000\/svg\"><path d=\"M416 208H272V64c0-17.67-14.33-32-32-32h-32c-17.67 0-32 14.33-32 32v144H32c-17.67 0-32 14.33-32 32v32c0 17.67 14.33 32 32 32h144v144c0 17.67 14.33 32 32 32h32c17.67 0 32-14.33 32-32V304h144c17.67 0 32-14.33 32-32v-32c0-17.67-14.33-32-32-32z\"><\/path><\/svg><\/span>\n\t\t<\/span>\n\n\t\t\t\t\t\t<\/summary>\n\t\t\t\t<div role=\"region\" aria-labelledby=\"e-n-accordion-item-8662\" class=\"elementor-element elementor-element-729f11a e-con-full e-flex e-con e-child\" data-id=\"729f11a\" data-element_type=\"container\" data-e-type=\"container\">\n\t\t\t\t<div class=\"elementor-element elementor-element-f75b8c3 elementor-widget elementor-widget-text-editor\" data-id=\"f75b8c3\" data-element_type=\"widget\" data-e-type=\"widget\" data-widget_type=\"text-editor.default\">\n\t\t\t\t<div class=\"elementor-widget-container\">\n\t\t\t\t\t\t\t\t\t<p>S\u00ed, muchos traders utilizan los informes de resultados para guiar sus operaciones antes y despu\u00e9s de que se publiquen, dependiendo de sus expectativas del mercado. Sin embargo, esto a menudo implica mayor volatilidad y riesgo.<\/p>\t\t\t\t\t\t\t\t<\/div>\n\t\t\t\t<\/div>\n\t\t\t\t<\/div>\n\t\t\t\t\t<\/details>\n\t\t\t\t\t\t<details id=\"e-n-accordion-item-8663\" class=\"e-n-accordion-item\" >\n\t\t\t\t<summary class=\"e-n-accordion-item-title\" data-accordion-index=\"4\" tabindex=\"-1\" aria-expanded=\"false\" aria-controls=\"e-n-accordion-item-8663\" >\n\t\t\t\t\t<span class='e-n-accordion-item-title-header'><div class=\"e-n-accordion-item-title-text\">  04 <h3> \u00bfSeekapa ofrece herramientas adicionales para analizar los informes de resultados?<\/h3> <\/div><\/span>\n\t\t\t\t\t\t\t<span class='e-n-accordion-item-title-icon'>\n\t\t\t<span class='e-opened' ><svg aria-hidden=\"true\" class=\"e-font-icon-svg e-fas-minus\" viewBox=\"0 0 448 512\" xmlns=\"http:\/\/www.w3.org\/2000\/svg\"><path d=\"M416 208H32c-17.67 0-32 14.33-32 32v32c0 17.67 14.33 32 32 32h384c17.67 0 32-14.33 32-32v-32c0-17.67-14.33-32-32-32z\"><\/path><\/svg><\/span>\n\t\t\t<span class='e-closed'><svg aria-hidden=\"true\" class=\"e-font-icon-svg e-fas-plus\" viewBox=\"0 0 448 512\" xmlns=\"http:\/\/www.w3.org\/2000\/svg\"><path d=\"M416 208H272V64c0-17.67-14.33-32-32-32h-32c-17.67 0-32 14.33-32 32v144H32c-17.67 0-32 14.33-32 32v32c0 17.67 14.33 32 32 32h144v144c0 17.67 14.33 32 32 32h32c17.67 0 32-14.33 32-32V304h144c17.67 0 32-14.33 32-32v-32c0-17.67-14.33-32-32-32z\"><\/path><\/svg><\/span>\n\t\t<\/span>\n\n\t\t\t\t\t\t<\/summary>\n\t\t\t\t<div role=\"region\" aria-labelledby=\"e-n-accordion-item-8663\" class=\"elementor-element elementor-element-ac9d0ed e-con-full e-flex e-con e-child\" data-id=\"ac9d0ed\" data-element_type=\"container\" data-e-type=\"container\">\n\t\t\t\t<div class=\"elementor-element elementor-element-5382130 elementor-widget elementor-widget-text-editor\" data-id=\"5382130\" data-element_type=\"widget\" data-e-type=\"widget\" data-widget_type=\"text-editor.default\">\n\t\t\t\t<div class=\"elementor-widget-container\">\n\t\t\t\t\t\t\t\t\tS\u00ed, Seekapa ofrece herramientas y recursos avanzados para ayudar a los traders a analizar datos de resultados y a integrarlos en sus estrategias de negociaci\u00f3n para tomar mejores decisiones.\t\t\t\t\t\t\t\t<\/div>\n\t\t\t\t<\/div>\n\t\t\t\t<\/div>\n\t\t\t\t\t<\/details>\n\t\t\t\t\t<\/div>\n\t\t\t\t\t\t<\/div>\n\t\t\t\t<\/div>\n\t\t\t\t\t<\/div>\n\t\t\t\t<\/div>\n\t\t\t\t<\/div>\n\t\t","protected":false},"excerpt":{"rendered":"<p>Calendario de Resultados Sigue el desempe\u00f1o de las principales empresas con el Calendario de Resultados de Seekapa. Este calendario te proporciona las fechas y horarios de los informes financieros de grandes corporaciones, permiti\u00e9ndote estar informado sobre eventos clave del mercado. Planifica con anticipaci\u00f3n, analiza tendencias y descubre nuevas oportunidades de negociaci\u00f3n durante la temporada de [&hellip;]<\/p>\n","protected":false},"author":5,"featured_media":0,"parent":0,"menu_order":0,"comment_status":"closed","ping_status":"closed","template":"elementor_header_footer","meta":{"footnotes":""},"class_list":["post-28822","page","type-page","status-publish","hentry"],"acf":[],"aioseo_notices":[],"_links":{"self":[{"href":"https:\/\/seekapa.com\/es\/wp-json\/wp\/v2\/pages\/28822","targetHints":{"allow":["GET"]}}],"collection":[{"href":"https:\/\/seekapa.com\/es\/wp-json\/wp\/v2\/pages"}],"about":[{"href":"https:\/\/seekapa.com\/es\/wp-json\/wp\/v2\/types\/page"}],"author":[{"embeddable":true,"href":"https:\/\/seekapa.com\/es\/wp-json\/wp\/v2\/users\/5"}],"replies":[{"embeddable":true,"href":"https:\/\/seekapa.com\/es\/wp-json\/wp\/v2\/comments?post=28822"}],"version-history":[{"count":0,"href":"https:\/\/seekapa.com\/es\/wp-json\/wp\/v2\/pages\/28822\/revisions"}],"wp:attachment":[{"href":"https:\/\/seekapa.com\/es\/wp-json\/wp\/v2\/media?parent=28822"}],"curies":[{"name":"wp","href":"https:\/\/api.w.org\/{rel}","templated":true}]}}