{"id":27852,"date":"2024-12-26T10:30:20","date_gmt":"2024-12-26T10:30:20","guid":{"rendered":"https:\/\/seekapa.com\/widget-promotions\/"},"modified":"2025-12-18T09:01:21","modified_gmt":"2025-12-18T09:01:21","slug":"widget-promotions","status":"publish","type":"page","link":"https:\/\/seekapa.com\/es\/widget-promotions\/","title":{"rendered":"widget-promotions"},"content":{"rendered":"\t\t<div data-elementor-type=\"wp-page\" data-elementor-id=\"27852\" class=\"elementor elementor-27852\" data-elementor-post-type=\"page\">\n\t\t\t\t<div class=\"elementor-element elementor-element-1cb229f e-flex e-con-boxed e-con e-parent\" data-id=\"1cb229f\" data-element_type=\"container\" data-e-type=\"container\">\n\t\t\t\t\t<div class=\"e-con-inner\">\n\t\t<div class=\"elementor-element elementor-element-1a27061 e-flex e-con-boxed e-con e-child\" data-id=\"1a27061\" data-element_type=\"container\" data-e-type=\"container\" data-settings=\"{&quot;background_background&quot;:&quot;classic&quot;}\">\n\t\t\t\t\t<div class=\"e-con-inner\">\n\t\t\t\t<div class=\"elementor-element elementor-element-02774ec elementor-widget elementor-widget-heading\" data-id=\"02774ec\" data-element_type=\"widget\" data-e-type=\"widget\" data-widget_type=\"heading.default\">\n\t\t\t\t<div class=\"elementor-widget-container\">\n\t\t\t\t\t<h2 class=\"elementor-heading-title elementor-size-default\"><span>Bono de Bienvenida<\/span> Comienza Tu Viaje de Trading<\/h2>\t\t\t\t<\/div>\n\t\t\t\t<\/div>\n\t\t\t\t<div class=\"elementor-element elementor-element-e184544 elementor-widget__width-inherit elementor-widget elementor-widget-text-editor\" data-id=\"e184544\" data-element_type=\"widget\" data-e-type=\"widget\" data-widget_type=\"text-editor.default\">\n\t\t\t\t<div class=\"elementor-widget-container\">\n\t\t\t\t\t\t\t\t\t<p>Inicia tu aventura de trading con Seekapa y disfruta de un sustancial bono de bienvenida. Cuando abres una cuenta con nosotros, recibes un bono porcentual sobre tu primer dep\u00f3sito, lo que da un impulso inmediato a tu capital de trading. \u00a1Es nuestra manera de agradecerte por elegir Seekapa!<\/p>\t\t\t\t\t\t\t\t<\/div>\n\t\t\t\t<\/div>\n\t\t\t\t<div class=\"elementor-element elementor-element-39820de elementor-align-center elementor-widget elementor-widget-button\" data-id=\"39820de\" data-element_type=\"widget\" data-e-type=\"widget\" data-widget_type=\"button.default\">\n\t\t\t\t<div class=\"elementor-widget-container\">\n\t\t\t\t\t\t\t\t\t<div class=\"elementor-button-wrapper\">\n\t\t\t\t\t<a class=\"elementor-button elementor-button-link elementor-size-sm\" href=\"https:\/\/seekapa.com\/registration\/\">\n\t\t\t\t\t\t<span class=\"elementor-button-content-wrapper\">\n\t\t\t\t\t\t\t\t\t<span class=\"elementor-button-text\">Reclama tu bono ahora<\/span>\n\t\t\t\t\t<\/span>\n\t\t\t\t\t<\/a>\n\t\t\t\t<\/div>\n\t\t\t\t\t\t\t\t<\/div>\n\t\t\t\t<\/div>\n\t\t\t\t\t<\/div>\n\t\t\t\t<\/div>\n\t\t<div class=\"elementor-element elementor-element-c442b42 e-flex e-con-boxed e-con e-child\" data-id=\"c442b42\" data-element_type=\"container\" data-e-type=\"container\" data-settings=\"{&quot;background_background&quot;:&quot;classic&quot;}\">\n\t\t\t\t\t<div class=\"e-con-inner\">\n\t\t\t\t<div class=\"elementor-element elementor-element-92db5fb elementor-widget elementor-widget-heading\" data-id=\"92db5fb\" data-element_type=\"widget\" data-e-type=\"widget\" data-widget_type=\"heading.default\">\n\t\t\t\t<div class=\"elementor-widget-container\">\n\t\t\t\t\t<h2 class=\"elementor-heading-title elementor-size-default\"><span>Recompensas de Cashback<\/span> Gana Mientras Operas\n<\/h2>\t\t\t\t<\/div>\n\t\t\t\t<\/div>\n\t\t\t\t<div class=\"elementor-element elementor-element-a2ec609 elementor-widget__width-inherit elementor-widget elementor-widget-text-editor\" data-id=\"a2ec609\" data-element_type=\"widget\" data-e-type=\"widget\" data-widget_type=\"text-editor.default\">\n\t\t\t\t<div class=\"elementor-widget-container\">\n\t\t\t\t\t\t\t\t\t<p>\u00a1Opera m\u00e1s y s\u00e9 recompensado! Nuestra promoci\u00f3n de cashback te permite ganar de vuelta una parte de tu volumen de operaciones. Cuanto m\u00e1s operas, m\u00e1s ganas. Este sistema de recompensa continuo est\u00e1 dise\u00f1ado para apreciar tus esfuerzos de trading activo y mejorar tu rentabilidad general.<\/p>\t\t\t\t\t\t\t\t<\/div>\n\t\t\t\t<\/div>\n\t\t\t\t<div class=\"elementor-element elementor-element-f7adf90 elementor-align-center elementor-widget elementor-widget-button\" data-id=\"f7adf90\" data-element_type=\"widget\" data-e-type=\"widget\" data-widget_type=\"button.default\">\n\t\t\t\t<div class=\"elementor-widget-container\">\n\t\t\t\t\t\t\t\t\t<div class=\"elementor-button-wrapper\">\n\t\t\t\t\t<a class=\"elementor-button elementor-button-link elementor-size-sm\" href=\"https:\/\/seekapa.com\/registration\/\">\n\t\t\t\t\t\t<span class=\"elementor-button-content-wrapper\">\n\t\t\t\t\t\t\t\t\t<span class=\"elementor-button-text\">Reclama tu bono ahora<\/span>\n\t\t\t\t\t<\/span>\n\t\t\t\t\t<\/a>\n\t\t\t\t<\/div>\n\t\t\t\t\t\t\t\t<\/div>\n\t\t\t\t<\/div>\n\t\t\t\t\t<\/div>\n\t\t\t\t<\/div>\n\t\t<div class=\"elementor-element elementor-element-2837bf7 e-flex e-con-boxed e-con e-child\" data-id=\"2837bf7\" data-element_type=\"container\" data-e-type=\"container\" data-settings=\"{&quot;background_background&quot;:&quot;classic&quot;}\">\n\t\t\t\t\t<div class=\"e-con-inner\">\n\t\t\t\t<div class=\"elementor-element elementor-element-bacb413 elementor-widget elementor-widget-heading\" data-id=\"bacb413\" data-element_type=\"widget\" data-e-type=\"widget\" data-widget_type=\"heading.default\">\n\t\t\t\t<div class=\"elementor-widget-container\">\n\t\t\t\t\t<h2 class=\"elementor-heading-title elementor-size-default\"><span>Cero comisiones<\/span> nocturnas durante tus primeros 7 d\u00edas<\/h2>\t\t\t\t<\/div>\n\t\t\t\t<\/div>\n\t\t\t\t<div class=\"elementor-element elementor-element-d07e294 elementor-widget__width-initial elementor-widget elementor-widget-text-editor\" data-id=\"d07e294\" data-element_type=\"widget\" data-e-type=\"widget\" data-widget_type=\"text-editor.default\">\n\t\t\t\t<div class=\"elementor-widget-container\">\n\t\t\t\t\t\t\t\t\t<p>Aprovecha nuestra oferta de cero comisiones nocturnas durante los primeros 7 d\u00edas despu\u00e9s de abrir tu cuenta. Esta promoci\u00f3n especial es ideal para los traders que mantienen posiciones abiertas durante la noche y desean ahorrar en estos costos. Disfruta de una experiencia de trading con menores gastos y aumenta tus oportunidades de beneficio sin preocuparte por comisiones adicionales durante tu primera semana.\u00a0<\/p>\t\t\t\t\t\t\t\t<\/div>\n\t\t\t\t<\/div>\n\t\t\t\t<div class=\"elementor-element elementor-element-fa744c8 elementor-align-center elementor-widget elementor-widget-button\" data-id=\"fa744c8\" data-element_type=\"widget\" data-e-type=\"widget\" data-widget_type=\"button.default\">\n\t\t\t\t<div class=\"elementor-widget-container\">\n\t\t\t\t\t\t\t\t\t<div class=\"elementor-button-wrapper\">\n\t\t\t\t\t<a class=\"elementor-button elementor-button-link elementor-size-sm\" href=\"https:\/\/seekapa.com\/registration\/\">\n\t\t\t\t\t\t<span class=\"elementor-button-content-wrapper\">\n\t\t\t\t\t\t\t\t\t<span class=\"elementor-button-text\">Opera ahora<\/span>\n\t\t\t\t\t<\/span>\n\t\t\t\t\t<\/a>\n\t\t\t\t<\/div>\n\t\t\t\t\t\t\t\t<\/div>\n\t\t\t\t<\/div>\n\t\t\t\t\t<\/div>\n\t\t\t\t<\/div>\n\t\t\t\t\t<\/div>\n\t\t\t\t<\/div>\n\t\t\t\t<\/div>\n\t\t","protected":false},"excerpt":{"rendered":"<p>Bono de Bienvenida Comienza Tu Viaje de Trading Inicia tu aventura de trading con Seekapa y disfruta de un sustancial bono de bienvenida. Cuando abres una cuenta con nosotros, recibes un bono porcentual sobre tu primer dep\u00f3sito, lo que da un impulso inmediato a tu capital de trading. \u00a1Es nuestra manera de agradecerte por elegir [&hellip;]<\/p>\n","protected":false},"author":5,"featured_media":0,"parent":0,"menu_order":0,"comment_status":"closed","ping_status":"closed","template":"elementor_canvas","meta":{"footnotes":""},"class_list":["post-27852","page","type-page","status-publish","hentry"],"acf":[],"aioseo_notices":[],"_links":{"self":[{"href":"https:\/\/seekapa.com\/es\/wp-json\/wp\/v2\/pages\/27852","targetHints":{"allow":["GET"]}}],"collection":[{"href":"https:\/\/seekapa.com\/es\/wp-json\/wp\/v2\/pages"}],"about":[{"href":"https:\/\/seekapa.com\/es\/wp-json\/wp\/v2\/types\/page"}],"author":[{"embeddable":true,"href":"https:\/\/seekapa.com\/es\/wp-json\/wp\/v2\/users\/5"}],"replies":[{"embeddable":true,"href":"https:\/\/seekapa.com\/es\/wp-json\/wp\/v2\/comments?post=27852"}],"version-history":[{"count":0,"href":"https:\/\/seekapa.com\/es\/wp-json\/wp\/v2\/pages\/27852\/revisions"}],"wp:attachment":[{"href":"https:\/\/seekapa.com\/es\/wp-json\/wp\/v2\/media?parent=27852"}],"curies":[{"name":"wp","href":"https:\/\/api.w.org\/{rel}","templated":true}]}}