{"id":16422,"date":"2024-05-15T17:25:06","date_gmt":"2024-05-15T17:25:06","guid":{"rendered":"https:\/\/seekapa.com\/trend-analysis\/"},"modified":"2026-01-25T08:39:33","modified_gmt":"2026-01-25T08:39:33","slug":"trend-analysis","status":"publish","type":"page","link":"https:\/\/seekapa.com\/es\/trend-analysis\/","title":{"rendered":"Trend Analysis"},"content":{"rendered":"\t\t<div data-elementor-type=\"wp-page\" data-elementor-id=\"16422\" class=\"elementor elementor-16422\" data-elementor-post-type=\"page\">\n\t\t\t\t<div class=\"elementor-element elementor-element-48f4eea e-flex e-con-boxed e-con e-parent\" data-id=\"48f4eea\" data-element_type=\"container\" data-e-type=\"container\">\n\t\t\t\t\t<div class=\"e-con-inner\">\n\t\t\t\t<div class=\"elementor-element elementor-element-e7ea790 elementor-widget elementor-widget-image\" data-id=\"e7ea790\" data-element_type=\"widget\" data-e-type=\"widget\" data-widget_type=\"image.default\">\n\t\t\t\t<div class=\"elementor-widget-container\">\n\t\t\t\t\t\t\t\t\t\t\t\t\t\t\t<img fetchpriority=\"high\" decoding=\"async\" width=\"640\" height=\"300\" src=\"https:\/\/bcdn.seekapa.com\/wp-content\/uploads\/2025\/12\/hero-image8.png\" class=\"attachment-large size-large wp-image-38973\" alt=\"\" \/>\t\t\t\t\t\t\t\t\t\t\t\t\t\t\t<\/div>\n\t\t\t\t<\/div>\n\t\t\t\t<div class=\"elementor-element elementor-element-f3af258 elementor-widget__width-initial elementor-widget elementor-widget-shortcode\" data-id=\"f3af258\" data-element_type=\"widget\" data-e-type=\"widget\" data-widget_type=\"shortcode.default\">\n\t\t\t\t<div class=\"elementor-widget-container\">\n\t\t\t\t\t\t\t<div class=\"elementor-shortcode\"><div class=\"aioseo-breadcrumbs\"><span class=\"aioseo-breadcrumb\">\n\tPagina de inicio\n<\/span><\/div>\n<\/div>\n\t\t\t\t\t\t<\/div>\n\t\t\t\t<\/div>\n\t\t\t\t<div class=\"elementor-element elementor-element-8a45681 elementor-widget__width-initial elementor-widget elementor-widget-heading\" data-id=\"8a45681\" data-element_type=\"widget\" data-e-type=\"widget\" data-widget_type=\"heading.default\">\n\t\t\t\t<div class=\"elementor-widget-container\">\n\t\t\t\t\t<h1 class=\"elementor-heading-title elementor-size-default\">Identifica Tendencias del Mercado Instant\u00e1neamente con<span> Nuestro Medidor de Tendencias<span \/><\/h1>\t\t\t\t<\/div>\n\t\t\t\t<\/div>\n\t\t\t\t<div class=\"elementor-element elementor-element-5b80958 elementor-widget__width-initial elementor-widget elementor-widget-text-editor\" data-id=\"5b80958\" data-element_type=\"widget\" data-e-type=\"widget\" data-widget_type=\"text-editor.default\">\n\t\t\t\t<div class=\"elementor-widget-container\">\n\t\t\t\t\t\t\t\t\tSimplifica tu an\u00e1lisis de mercado con nuestro Medidor de Tendencias. Esta herramienta te ayuda a comprender r\u00e1pidamente las tendencias del mercado en diferentes intervalos de tiempo, permitiendo decisiones de trading r\u00e1pidas e informadas.\t\t\t\t\t\t\t\t<\/div>\n\t\t\t\t<\/div>\n\t\t\t\t<div class=\"elementor-element elementor-element-9f609f1 elementor-widget elementor-widget-html\" data-id=\"9f609f1\" data-element_type=\"widget\" data-e-type=\"widget\" data-widget_type=\"html.default\">\n\t\t\t\t<div class=\"elementor-widget-container\">\n\t\t\t\t\t<script>\n(function(w,d,t,h,l,b,p,o,a,m){w[\"TraducationFxObject\"]=o;w[o]=w[o]||function(){\nw[o].h=h;w[o].b=b;return (w[o].q=w[o].q||[]).push(arguments)};a=d.createElement(t),\nm=d.getElementsByTagName(t)[0];a.async=1;a.src=h+l+\"?b=\"+b+\"&p=\"+p.join(\",\")+'&rd='+w.location.protocol+'\/\/'+w.location.host+'&ru='+w.location.pathname+w.location.hash;a.crossorigin=\"use-credentials\";m.parentNode.insertBefore(a,m)\n})(window,document,\"script\",\"https:\/\/embedder.traducationfx.com\/\",\"embedder.js\",\"EQS7g3XTSaC\",[],\"TraducationFX\");\nTraducationFX(\"settings\", \"configure\", {\n    \"langCode\": \"es\",\n    \"theme\": \"dark\",\n    \"traderStateKey\": \"eP7gFXypBzC\"\n});\n<\/script>\n\n<script>\nTraducationFX(\"trendAnalyzer\", \"configure\", {\n    \"containerId\": \"trfx-trend-analyzer\"\n});\nTraducationFX(\"trendAnalyzer\", \"embed\");\n<\/script>\n\n<div id=\"trfx-trend-analyzer\"><\/div>\t\t\t\t<\/div>\n\t\t\t\t<\/div>\n\t\t\t\t\t<\/div>\n\t\t\t\t<\/div>\n\t\t\t\t<\/div>\n\t\t","protected":false},"excerpt":{"rendered":"<p>Identifica Tendencias del Mercado Instant\u00e1neamente con Nuestro Medidor de Tendencias Simplifica tu an\u00e1lisis de mercado con nuestro Medidor de Tendencias. Esta herramienta te ayuda a comprender r\u00e1pidamente las tendencias del mercado en diferentes intervalos de tiempo, permitiendo decisiones de trading r\u00e1pidas e informadas.<\/p>\n","protected":false},"author":1,"featured_media":0,"parent":0,"menu_order":0,"comment_status":"closed","ping_status":"closed","template":"elementor_header_footer","meta":{"footnotes":""},"class_list":["post-16422","page","type-page","status-publish","hentry"],"acf":[],"aioseo_notices":[],"_links":{"self":[{"href":"https:\/\/seekapa.com\/es\/wp-json\/wp\/v2\/pages\/16422","targetHints":{"allow":["GET"]}}],"collection":[{"href":"https:\/\/seekapa.com\/es\/wp-json\/wp\/v2\/pages"}],"about":[{"href":"https:\/\/seekapa.com\/es\/wp-json\/wp\/v2\/types\/page"}],"author":[{"embeddable":true,"href":"https:\/\/seekapa.com\/es\/wp-json\/wp\/v2\/users\/1"}],"replies":[{"embeddable":true,"href":"https:\/\/seekapa.com\/es\/wp-json\/wp\/v2\/comments?post=16422"}],"version-history":[{"count":0,"href":"https:\/\/seekapa.com\/es\/wp-json\/wp\/v2\/pages\/16422\/revisions"}],"wp:attachment":[{"href":"https:\/\/seekapa.com\/es\/wp-json\/wp\/v2\/media?parent=16422"}],"curies":[{"name":"wp","href":"https:\/\/api.w.org\/{rel}","templated":true}]}}