{"id":15953,"date":"2024-05-15T17:22:31","date_gmt":"2024-05-15T17:22:31","guid":{"rendered":"https:\/\/seekapa.com\/e-book\/"},"modified":"2026-01-25T08:33:08","modified_gmt":"2026-01-25T08:33:08","slug":"e-book","status":"publish","type":"page","link":"https:\/\/seekapa.com\/es\/e-book\/","title":{"rendered":"e-Book"},"content":{"rendered":"\t\t<div data-elementor-type=\"wp-page\" data-elementor-id=\"15953\" class=\"elementor elementor-15953\" data-elementor-post-type=\"page\">\n\t\t\t\t<div class=\"elementor-element elementor-element-dc599b0 e-flex e-con-boxed e-con e-parent\" data-id=\"dc599b0\" data-element_type=\"container\" data-e-type=\"container\">\n\t\t\t\t\t<div class=\"e-con-inner\">\n\t\t\t\t<div class=\"elementor-element elementor-element-619ac35 elementor-widget elementor-widget-image\" data-id=\"619ac35\" data-element_type=\"widget\" data-e-type=\"widget\" data-widget_type=\"image.default\">\n\t\t\t\t<div class=\"elementor-widget-container\">\n\t\t\t\t\t\t\t\t\t\t\t\t\t\t\t<img fetchpriority=\"high\" decoding=\"async\" width=\"640\" height=\"228\" src=\"https:\/\/bcdn.seekapa.com\/wp-content\/uploads\/2025\/12\/hero-image3.png\" class=\"attachment-large size-large wp-image-38810\" alt=\"\" \/>\t\t\t\t\t\t\t\t\t\t\t\t\t\t\t<\/div>\n\t\t\t\t<\/div>\n\t\t\t\t<div class=\"elementor-element elementor-element-e9533c6 elementor-widget__width-initial elementor-widget elementor-widget-shortcode\" data-id=\"e9533c6\" data-element_type=\"widget\" data-e-type=\"widget\" data-widget_type=\"shortcode.default\">\n\t\t\t\t<div class=\"elementor-widget-container\">\n\t\t\t\t\t\t\t<div class=\"elementor-shortcode\"><div class=\"aioseo-breadcrumbs\"><span class=\"aioseo-breadcrumb\">\n\tPagina de inicio\n<\/span><\/div>\n<\/div>\n\t\t\t\t\t\t<\/div>\n\t\t\t\t<\/div>\n\t\t\t\t<div class=\"elementor-element elementor-element-fe439d7 elementor-widget__width-initial elementor-widget elementor-widget-heading\" data-id=\"fe439d7\" data-element_type=\"widget\" data-e-type=\"widget\" data-widget_type=\"heading.default\">\n\t\t\t\t<div class=\"elementor-widget-container\">\n\t\t\t\t\t<h1 class=\"elementor-heading-title elementor-size-default\">Descubre los Secretos del Trading <span>con Nuestro e-Book Completo<\/span><\/h1>\t\t\t\t<\/div>\n\t\t\t\t<\/div>\n\t\t\t\t<div class=\"elementor-element elementor-element-e30e44f elementor-widget__width-initial elementor-widget elementor-widget-text-editor\" data-id=\"e30e44f\" data-element_type=\"widget\" data-e-type=\"widget\" data-widget_type=\"text-editor.default\">\n\t\t\t\t<div class=\"elementor-widget-container\">\n\t\t\t\t\t\t\t\t\t<p>Sum\u00e9rgete en nuestro e-Book detallado, dise\u00f1ado para traders de todos los niveles. Esta gu\u00eda definitiva abarca aspectos fundamentales y t\u00e9cnicos del trading, proporcion\u00e1ndote el conocimiento necesario para mejorar tu estrategia de mercado y comprensi\u00f3n.<\/p>\t\t\t\t\t\t\t\t<\/div>\n\t\t\t\t<\/div>\n\t\t\t\t<div class=\"elementor-element elementor-element-98733ce e-n-tabs-none elementor-widget elementor-widget-n-tabs\" data-id=\"98733ce\" data-element_type=\"widget\" data-e-type=\"widget\" data-settings=\"{&quot;horizontal_scroll_mobile&quot;:&quot;disable&quot;,&quot;horizontal_scroll&quot;:&quot;disable&quot;}\" data-widget_type=\"nested-tabs.default\">\n\t\t\t\t<div class=\"elementor-widget-container\">\n\t\t\t\t\t\t\t<div class=\"e-n-tabs\" data-widget-number=\"159855566\" aria-label=\"Tabs. Open items with Enter or Space, close with Escape and navigate using the Arrow keys.\">\n\t\t\t<div class=\"e-n-tabs-heading\" role=\"tablist\">\n\t\t\t\t\t<button id=\"e-n-tab-title-1598555661\" data-tab-title-id=\"e-n-tab-title-1598555661\" class=\"e-n-tab-title\" aria-selected=\"true\" data-tab-index=\"1\" role=\"tab\" tabindex=\"0\" aria-controls=\"e-n-tab-content-1598555661\" style=\"--n-tabs-title-order: 1;\">\n\t\t\t\t\t\t<span class=\"e-n-tab-title-text\">\n\t\t\t\tGu\u00eda para principiantes\t\t\t<\/span>\n\t\t<\/button>\n\t\t\t\t<button id=\"e-n-tab-title-1598555662\" data-tab-title-id=\"e-n-tab-title-1598555662\" class=\"e-n-tab-title\" aria-selected=\"false\" data-tab-index=\"2\" role=\"tab\" tabindex=\"-1\" aria-controls=\"e-n-tab-content-1598555662\" style=\"--n-tabs-title-order: 2;\">\n\t\t\t\t\t\t<span class=\"e-n-tab-title-text\">\n\t\t\t\tGu\u00eda de criptomonedas\t\t\t<\/span>\n\t\t<\/button>\n\t\t\t\t<button id=\"e-n-tab-title-1598555663\" data-tab-title-id=\"e-n-tab-title-1598555663\" class=\"e-n-tab-title\" aria-selected=\"false\" data-tab-index=\"3\" role=\"tab\" tabindex=\"-1\" aria-controls=\"e-n-tab-content-1598555663\" style=\"--n-tabs-title-order: 3;\">\n\t\t\t\t\t\t<span class=\"e-n-tab-title-text\">\n\t\t\t\tGu\u00eda avanzada\t\t\t<\/span>\n\t\t<\/button>\n\t\t\t\t\t<\/div>\n\t\t\t<div class=\"e-n-tabs-content\">\n\t\t\t\t<div id=\"e-n-tab-content-1598555661\" role=\"tabpanel\" aria-labelledby=\"e-n-tab-title-1598555661\" data-tab-index=\"1\" style=\"--n-tabs-title-order: 1;\" class=\"e-active elementor-element elementor-element-bd19373 e-con-full e-flex e-con e-child\" data-id=\"bd19373\" data-element_type=\"container\" data-e-type=\"container\">\n\t\t<div class=\"elementor-element elementor-element-9cff7d4 e-flex e-con-boxed e-con e-child\" data-id=\"9cff7d4\" data-element_type=\"container\" data-e-type=\"container\">\n\t\t\t\t\t<div class=\"e-con-inner\">\n\t\t\t\t<div class=\"elementor-element elementor-element-7bcccbf elementor-widget elementor-widget-html\" data-id=\"7bcccbf\" data-element_type=\"widget\" data-e-type=\"widget\" data-widget_type=\"html.default\">\n\t\t\t\t<div class=\"elementor-widget-container\">\n\t\t\t\t\t<script>\n(function(w,d,t,h,l,b,p,o,a,m){w[\"TraducationFxObject\"]=o;w[o]=w[o]||function(){\nw[o].h=h;w[o].b=b;return (w[o].q=w[o].q||[]).push(arguments)};a=d.createElement(t),\nm=d.getElementsByTagName(t)[0];a.async=1;a.src=h+l+\"?b=\"+b+\"&p=\"+p.join(\",\")+'&rd='+w.location.protocol+'\/\/'+w.location.host+'&ru='+w.location.pathname+w.location.hash;a.crossorigin=\"use-credentials\";m.parentNode.insertBefore(a,m)\n})(window,document,\"script\",\"https:\/\/embedder.traducationfx.com\/\",\"embedder.js\",\"EQS7g3XTSaC\",[],\"TraducationFX\");\nTraducationFX(\"settings\", \"configure\", {\n    \"langCode\": \"es\",\n    \"theme\": \"dark\",\n    \"traderStateKey\": \"eP7gFXypBzC\"\n});\n<\/script>\n\n<script>\nTraducationFX(\"book.beginners-guide-to-trading\", \"configure\", {\n    \"containerId\": \"trfx-beginners-guide-to-trading\",\n    \"bookSlug\": \"beginners-guide-to-trading\"\n});\nTraducationFX(\"book.beginners-guide-to-trading\", \"embed\");\n<\/script>\n\n<div id=\"trfx-beginners-guide-to-trading\"><\/div>\t\t\t\t<\/div>\n\t\t\t\t<\/div>\n\t\t\t\t\t<\/div>\n\t\t\t\t<\/div>\n\t\t\t\t<\/div>\n\t\t<div id=\"e-n-tab-content-1598555662\" role=\"tabpanel\" aria-labelledby=\"e-n-tab-title-1598555662\" data-tab-index=\"2\" style=\"--n-tabs-title-order: 2;\" class=\" elementor-element elementor-element-83fd443 e-con-full e-flex e-con e-child\" data-id=\"83fd443\" data-element_type=\"container\" data-e-type=\"container\">\n\t\t<div class=\"elementor-element elementor-element-1447743 e-flex e-con-boxed e-con e-child\" data-id=\"1447743\" data-element_type=\"container\" data-e-type=\"container\">\n\t\t\t\t\t<div class=\"e-con-inner\">\n\t\t\t\t<div class=\"elementor-element elementor-element-393aeea elementor-widget elementor-widget-html\" data-id=\"393aeea\" data-element_type=\"widget\" data-e-type=\"widget\" data-widget_type=\"html.default\">\n\t\t\t\t<div class=\"elementor-widget-container\">\n\t\t\t\t\t<script>\n(function(w,d,t,h,l,b,p,o,a,m){w[\"TraducationFxObject\"]=o;w[o]=w[o]||function(){\nw[o].h=h;w[o].b=b;return (w[o].q=w[o].q||[]).push(arguments)};a=d.createElement(t),\nm=d.getElementsByTagName(t)[0];a.async=1;a.src=h+l+\"?b=\"+b+\"&p=\"+p.join(\",\")+'&rd='+w.location.protocol+'\/\/'+w.location.host+'&ru='+w.location.pathname+w.location.hash;a.crossorigin=\"use-credentials\";m.parentNode.insertBefore(a,m)\n})(window,document,\"script\",\"https:\/\/embedder.traducationfx.com\/\",\"embedder.js\",\"EQS7g3XTSaC\",[],\"TraducationFX\");\nTraducationFX(\"settings\", \"configure\", {\n    \"langCode\": \"es\",\n    \"theme\": \"dark\",\n    \"traderStateKey\": \"eP7gFXypBzC\"\n});\n<\/script>\n\n<script>\nTraducationFX(\"book.cryptocurrencies\", \"configure\", {\n    \"containerId\": \"trfx-cryptocurrencies\",\n    \"bookSlug\": \"cryptocurrencies\"\n});\nTraducationFX(\"book.cryptocurrencies\", \"embed\");\n<\/script>\n\n<div id=\"trfx-cryptocurrencies\"><\/div>\t\t\t\t<\/div>\n\t\t\t\t<\/div>\n\t\t\t\t\t<\/div>\n\t\t\t\t<\/div>\n\t\t\t\t<\/div>\n\t\t<div id=\"e-n-tab-content-1598555663\" role=\"tabpanel\" aria-labelledby=\"e-n-tab-title-1598555663\" data-tab-index=\"3\" style=\"--n-tabs-title-order: 3;\" class=\" elementor-element elementor-element-8225385 e-con-full e-flex e-con e-child\" data-id=\"8225385\" data-element_type=\"container\" data-e-type=\"container\">\n\t\t<div class=\"elementor-element elementor-element-fca03a4 e-flex e-con-boxed e-con e-child\" data-id=\"fca03a4\" data-element_type=\"container\" data-e-type=\"container\">\n\t\t\t\t\t<div class=\"e-con-inner\">\n\t\t\t\t<div class=\"elementor-element elementor-element-631a30a elementor-widget elementor-widget-html\" data-id=\"631a30a\" data-element_type=\"widget\" data-e-type=\"widget\" data-widget_type=\"html.default\">\n\t\t\t\t<div class=\"elementor-widget-container\">\n\t\t\t\t\t<script>\n(function(w,d,t,h,l,b,p,o,a,m){w[\"TraducationFxObject\"]=o;w[o]=w[o]||function(){\nw[o].h=h;w[o].b=b;return (w[o].q=w[o].q||[]).push(arguments)};a=d.createElement(t),\nm=d.getElementsByTagName(t)[0];a.async=1;a.src=h+l+\"?b=\"+b+\"&p=\"+p.join(\",\")+'&rd='+w.location.protocol+'\/\/'+w.location.host+'&ru='+w.location.pathname+w.location.hash;a.crossorigin=\"use-credentials\";m.parentNode.insertBefore(a,m)\n})(window,document,\"script\",\"https:\/\/embedder.traducationfx.com\/\",\"embedder.js\",\"EQS7g3XTSaC\",[],\"TraducationFX\");\nTraducationFX(\"settings\", \"configure\", {\n    \"langCode\": \"es\",\n    \"theme\": \"dark\",\n    \"traderStateKey\": \"eP7gFXypBzC\"\n});\n<\/script>\n\n<script>\nTraducationFX(\"book.advanced-guide-to-trading\", \"configure\", {\n    \"containerId\": \"trfx-advanced-guide-to-trading\",\n    \"bookSlug\": \"advanced-guide-to-trading\"\n});\nTraducationFX(\"book.advanced-guide-to-trading\", \"embed\");\n<\/script>\n\n<div id=\"trfx-advanced-guide-to-trading\"><\/div>\t\t\t\t<\/div>\n\t\t\t\t<\/div>\n\t\t\t\t\t<\/div>\n\t\t\t\t<\/div>\n\t\t\t\t<\/div>\n\t\t\t\t\t<\/div>\n\t\t<\/div>\n\t\t\t\t\t\t<\/div>\n\t\t\t\t<\/div>\n\t\t\t\t\t<\/div>\n\t\t\t\t<\/div>\n\t\t\t\t<\/div>\n\t\t","protected":false},"excerpt":{"rendered":"<p>Descubre los Secretos del Trading con Nuestro e-Book Completo Sum\u00e9rgete en nuestro e-Book detallado, dise\u00f1ado para traders de todos los niveles. Esta gu\u00eda definitiva abarca aspectos fundamentales y t\u00e9cnicos del trading, proporcion\u00e1ndote el conocimiento necesario para mejorar tu estrategia de mercado y comprensi\u00f3n. Gu\u00eda para principiantes Gu\u00eda de criptomonedas Gu\u00eda avanzada<\/p>\n","protected":false},"author":1,"featured_media":0,"parent":0,"menu_order":0,"comment_status":"closed","ping_status":"closed","template":"elementor_header_footer","meta":{"footnotes":""},"class_list":["post-15953","page","type-page","status-publish","hentry"],"acf":[],"aioseo_notices":[],"_links":{"self":[{"href":"https:\/\/seekapa.com\/es\/wp-json\/wp\/v2\/pages\/15953","targetHints":{"allow":["GET"]}}],"collection":[{"href":"https:\/\/seekapa.com\/es\/wp-json\/wp\/v2\/pages"}],"about":[{"href":"https:\/\/seekapa.com\/es\/wp-json\/wp\/v2\/types\/page"}],"author":[{"embeddable":true,"href":"https:\/\/seekapa.com\/es\/wp-json\/wp\/v2\/users\/1"}],"replies":[{"embeddable":true,"href":"https:\/\/seekapa.com\/es\/wp-json\/wp\/v2\/comments?post=15953"}],"version-history":[{"count":0,"href":"https:\/\/seekapa.com\/es\/wp-json\/wp\/v2\/pages\/15953\/revisions"}],"wp:attachment":[{"href":"https:\/\/seekapa.com\/es\/wp-json\/wp\/v2\/media?parent=15953"}],"curies":[{"name":"wp","href":"https:\/\/api.w.org\/{rel}","templated":true}]}}