{"id":13225,"date":"2024-06-10T16:30:16","date_gmt":"2024-06-10T16:30:16","guid":{"rendered":"https:\/\/seekapa.com\/registrationes\/"},"modified":"2025-12-17T13:49:30","modified_gmt":"2025-12-17T13:49:30","slug":"registration","status":"publish","type":"page","link":"https:\/\/seekapa.com\/es\/registration\/","title":{"rendered":"Registration(ES)"},"content":{"rendered":"\t\t<div data-elementor-type=\"wp-page\" data-elementor-id=\"13225\" class=\"elementor elementor-13225\" data-elementor-post-type=\"page\">\n\t\t\t\t<div class=\"elementor-element elementor-element-0a14367 e-flex e-con-boxed e-con e-parent\" data-id=\"0a14367\" data-element_type=\"container\" data-e-type=\"container\">\n\t\t\t\t\t<div class=\"e-con-inner\">\n\t\t<div class=\"elementor-element elementor-element-86176e5 e-con-full e-flex e-con e-child\" data-id=\"86176e5\" data-element_type=\"container\" data-e-type=\"container\">\n\t\t<div class=\"elementor-element elementor-element-2e104b5 e-con-full e-flex e-con e-child\" data-id=\"2e104b5\" data-element_type=\"container\" data-e-type=\"container\">\n\t\t\t\t<div class=\"elementor-element elementor-element-5889d88 elementor-widget elementor-widget-heading\" data-id=\"5889d88\" data-element_type=\"widget\" data-e-type=\"widget\" data-widget_type=\"heading.default\">\n\t\t\t\t<div class=\"elementor-widget-container\">\n\t\t\t\t\t<h2 class=\"elementor-heading-title elementor-size-default\"><span>Abre tu cuenta<\/span> con Seekapa<\/h2>\t\t\t\t<\/div>\n\t\t\t\t<\/div>\n\t\t\t\t<div class=\"elementor-element elementor-element-f742058 elementor-widget__width-initial elementor-widget elementor-widget-text-editor\" data-id=\"f742058\" data-element_type=\"widget\" data-e-type=\"widget\" data-widget_type=\"text-editor.default\">\n\t\t\t\t<div class=\"elementor-widget-container\">\n\t\t\t\t\t\t\t\t\t<p>Experimenta los beneficios de una plataforma galardonada y lleva tus operaciones al siguiente nivel!<\/p>\t\t\t\t\t\t\t\t<\/div>\n\t\t\t\t<\/div>\n\t\t\t\t<div class=\"elementor-element elementor-element-12a72de elementor-widget elementor-widget-SeekapaRegistrationFormTemplate\" data-id=\"12a72de\" data-element_type=\"widget\" data-e-type=\"widget\" data-widget_type=\"SeekapaRegistrationFormTemplate.default\">\n\t\t\t\t<div class=\"elementor-widget-container\">\n\t\t\t\t\t\n\t\t<div class=\"form-seekapa\">\n\t\t\t<form autocomplete=\"off\" class=\"form-seekapa__form\" data-submit-form\n\t\t\t\tnovalidate>\n\t\t\t\t<input type=\"hidden\" name=\"language\"\n\t\t\t\t\tvalue=\"es\">\n\t\t\t\t<input type=\"hidden\" name=\"ip\" value=\"\">\n\t\t\t\t<input type=\"hidden\" name=\"countryCode\" value=\"\">\n\n\t\t\t\t\n\t\t\t\t<div class=\"form-seekapa__group form-seekapa__group--full-name\">\n\t\t\t\t\t<div class=\"form-seekapa__group-input\">\n\t\t\t\t\t\t<label for=\"#full_name_input\">Nombre Completo<\/label>\n\t\t\t\t\t\t<input id=\"full_name_input\" name=\"full_name\" maxlength=\"30\" autocomplete=\"off\" type=\"text\" pattern=\".{5,}\" placeholder=\"Nombre completo\" required>\n\t\t\t\t\t<\/div>\n\t\t\t\t\t<span class=\"input-required__text--empty-field-full-name registration-form-error registration-form-error__required-empty-field\">\n\t\t\t\t\t\tPor favor, ingrese su nombre\t\t\t\t\t<\/span>\n\t\t\t\t\t<span class=\"input-required__text--name registration-form-error registration-form-error__required-text\">\n\t\t\t\t\t\tEl nombre y apellido deben tener al menos 2 caracteres cada uno\t\t\t\t\t<\/span>\n\t\t\t\t\t<span class=\"input-required__text--onlyletters registration-form-error registration-form-error__required-onlyletters\">\n\t\t\t\t\t\tEl nombre completo no debe contener caracteres especiales\t\t\t\t\t<\/span>\n\t\t\t\t\t<span class=\"input-required__text--special-chars registration-form-error registration-form-error__required-special-chars\">\n\t\t\t\t\t\tNo se permiten caracteres especiales\t\t\t\t\t<\/span>\n\t\t\t\t<\/div>\n\t\t\t\t<div class=\"form-seekapa__group form-seekapa__group--email\">\n\t\t\t\t\t<div class=\"form-seekapa__group-input\">\n\t\t\t\t\t\t<label for=\"#email_input\">Correo Electr\u00f3nico<\/label>\n\t\t\t\t\t\t<input id=\"email_input\" name=\"email\" autocomplete=\"off\" placeholder=\"Direcci\u00f3n de correo electr\u00f3nico\" required>\n\t\t\t\t\t<\/div>\n\t\t\t\t\t<span class=\"input-required__text--email registration-form-error registration-form-error__required-text\">\n\t\t\t\t\t\tPor favor, ingrese una direcci\u00f3n de correo electr\u00f3nico v\u00e1lida\t\t\t\t\t<\/span>\n\t\t\t\t\t<span class=\"input-required__text--special-chars-email registration-form-error registration-form-error__required-text\">\n\t\t\t\t\t\tSin caracteres especiales\t\t\t\t\t<\/span>\n\t\t\t\t<\/div>\n\t\t\t\t<div class=\"form-seekapa__group form-seekapa__group--phone\">\n\t\t\t\t\t<div class=\"form-seekapa__group-input\">\n\t\t\t\t\t\t<label for=\"#form-field-phone\">Tel\u00e9fono<\/label>\n\t\t\t\t\t\t<input id=\"form-field-phone\" class=\"registration__input\" type=\"tel\" name=\"phone\" maxlength=\"15\" autocomplete=\"off\" placeholder=\"N\u00famero de tel\u00e9fono\" required>\n\t\t\t\t\t<\/div>\n\t\t\t\t\t<span class=\"input-required__text--phone registration-form-error registration-form-error__required-text\">\n\t\t\t\t\t\tEl campo de tel\u00e9fono est\u00e1 vac\u00edo. Por favor, ingrese un n\u00famero de tel\u00e9fono v\u00e1lido\t\t\t\t\t<\/span>\n\t\t\t\t<\/div>\n\t\t\t\t<div class=\"form-seekapa__group form-seekapa__group--password\">\n\t\t\t\t\t<div class=\"form-seekapa__group-input\">\n\t\t\t\t\t\t<label for=\"#password_input\">Contrase\u00f1a<\/label>\n\t\t\t\t\t\t<input id=\"password_input\" name=\"password\" type=\"password\" data-password-input required autocomplete=\"off\" placeholder=\"Contrase\u00f1a\">\n\t\t\t\t\t\t<div class=\"form-seekapa__show-password\"><\/div>\n\t\t\t\t\t<\/div>\n\t\t\t\t\t<span class=\"input-required__text--empty-field-password registration-form-error registration-form-error__required-empty-field-password\">\n\t\t\t\t\t\tPor favor, ingrese su contrase\u00f1a\t\t\t\t\t<\/span>\n\t\t\t\t\t<span class=\"input-required__text--max-character-12 registration-form-error registration-form-error__required-empty-field-password red\">\n\t\t\t\t\t\tEl l\u00edmite m\u00e1ximo de caracteres es 12\t\t\t\t\t<\/span>\n\t\t\t\t\t<span class=\"input-required__text--password registration-form-error registration-form-error__required-text\">\n\t\t\t\t\t\tLa contrase\u00f1a debe cumplir con los requisitos\t\t\t\t\t<\/span>\n\t\t\t\t\t<div class=\"block-popup-validate-password\">\n\t\t\t\t\t\t<div class=\"valid-password-title\">\n\t\t\t\t\t\t\tLa contrase\u00f1a debe contener:\t\t\t\t\t\t<\/div>\n\t\t\t\t\t\t<p id=\"length\">\n\t\t\t\t\t\t\tEntre 8 y 15 caracteres\t\t\t\t\t\t<\/p>\n\t\t\t\t\t\t<p id=\"letter\">\n\t\t\t\t\t\t\tAl menos una letra may\u00fascula (A-Z), una letra min\u00fascula (a-z) y n\u00fameros (0-9)\t\t\t\t\t\t<\/p>\n\t\t\t\t\t\t<p id=\"onlyEnglishCharacters\">\n\t\t\t\t\t\t\tAl menos 1 car\u00e1cter especial\t\t\t\t\t\t<\/p>\n\t\t\t\t\t<\/div>\n\t\t\t\t<\/div>\n\n\t\t\t\t<div class=\"form-seekapa__group\">\n\t\t\t\t\t<label class=\"form-seekapa__condition-wrapper\">\n\t\t\t\t\t\t<input type=\"checkbox\" name=\"condition\" class=\"registration-form-checkbox\" required checked \/>\n\t\t\t\t\t\t<span class=\"checkmark\"><\/span>\n\t\t\t\t\t\tEl hecho de crear una cuenta se entender\u00e1 como su aceptaci\u00f3n de los <a href=\"https:\/\/docs.seekapa.com\/seekapa\/Seekapa_Client_Agreement.pdf\">T\u00e9rminos y condiciones<\/a>, de la <a href=\"https:\/\/docs.seekapa.com\/seekapa\/Seekapa_Privacy_Policy.pdf\">Pol\u00edtica de privacidad<\/a> y de la recepci\u00f3n de materiales de marketing por correo electr\u00f3nico, opci\u00f3n que podr\u00e1 revocar en cualquier momento.\t\t\t\t\t<\/label>\n\n\t\t\t\t\t<div class=\"input-required__text--condition tooltip-wrapper registration-form-error registration-form-error__required-text\" style=\"color: #b00020;\">\n\t\t\t\t\t\tAseg\u00farese de leer y aceptar los T\u00e9rminos y Condiciones antes de continuar\t\t\t\t\t<\/div>\n\t\t\t\t<\/div>\n\n\t\t\t\t<div class=\"form-seekapa__group registration__form-group registration__captcha\">\n\t\t\t\t\t<div class=\"cf-turnstile\" data-sitekey=\"0x4AAAAAABmLIA1KhIrQCOKJ\" data-theme=\"light\"><\/div>\n\t\t\t\t\t<input type=\"hidden\" name=\"cf-turnstile-response\">\n\t\t\t\t\t<div class=\"errors-group captcha-errors\">\n\t\t\t\t\t\t<span class=\"input-required__text--captcha error_field\">Por favor, verifica que no eres un robot.<\/span>\n\t\t\t\t\t<\/div>\n\t\t\t\t<\/div>\n\n\t\t\t\t<span class=\"input-required__text--notuniqueemail error_field\">\n\t\t\t\t\tEl usuario ya existe. Por favor, inicie sesi\u00f3n.\t\t\t\t<\/span>\n\t\t\t\t<span class=\"input-required__text--error-service-unavailable error_field\">\n\t\t\t\t\tEl servicio no est\u00e1 disponible. Por favor, p\u00f3ngase en contacto con el Soporte\t\t\t\t<\/span>\n\t\t\t\t<div class=\"form-seekapa__group\">\n\t\t\t\t\t<button type=\"submit\" class=\"form-seekapa__submit\">\n\t\t\t\t\t\t<span>\n\t\t\t\t\t\t\t\u00a1Reg\u00edstrate!\t\t\t\t\t\t<\/span>\n\t\t\t\t\t<\/button>\n\n\t\t\t\t\t<div class=\"user-already-exist-error-container\" style=\"display: flex; width: fit-content; margin: auto; justify-content: center; gap: 0.5rem; cursor: pointer;\">\n\t\t\t\t\t\t<p style=\"text-decoration: none; margin-left: 0 !important;\" class=\"registration-form-error-user-already-exist\">\n\t\t\t\t\t\t\tEl usuario ya existe. Por favor, inicie sesi\u00f3n.\t\t\t\t\t\t<\/p>\n\t\t\t\t\t\t<p style=\"margin-left: 0 !important; text-decoration: underline;\" class=\"registration-form-error-user-already-exist\">\n\t\t\t\t\t\t\t\t\t\t\t\t\t<\/p>\n\t\t\t\t\t<\/div>\n\t\t\t\t\t\n\t\t\t\t\t<span class=\"registration-form-error registration-form-error__required-unexpected\">\n\t\t\t\t\t\tEl servicio no est\u00e1 disponible. Por favor, p\u00f3ngase en contacto con el Soporte\t\t\t\t\t<\/span>\n\t\t\t\t<\/div>\n\t\t\t\t<div class=\"form-seekapa__preloader\">\n\t\t\t\t\t<img loading=\"lazy\" loading=\"lazy\" class=\"form-seekapa__preloader-img\"\n\t\t\t\t\t\tsrc=\"\/wp-content\/themes\/bitrader-child\/img\/preloader-form.gif\"\n\t\t\t\t\t\talt=\"preloader\" width=\"24\" height=\"24\">\n\t\t\t\t<\/div>\n\n\t\t\t<\/form>\n\t\t<\/div>\n\t\t\t\t<\/div>\n\t\t\t\t<\/div>\n\t\t\t\t<div class=\"elementor-element elementor-element-aaaf008 elementor-widget elementor-widget-heading\" data-id=\"aaaf008\" data-element_type=\"widget\" data-e-type=\"widget\" data-widget_type=\"heading.default\">\n\t\t\t\t<div class=\"elementor-widget-container\">\n\t\t\t\t\t<h2 class=\"elementor-heading-title elementor-size-default\"><a href=\"https:\/\/seekapa.com\/es\/login\/\">\u00bfTienes una cuenta? <span>Iniciar sesi\u00f3n<\/span><\/a><\/h2>\t\t\t\t<\/div>\n\t\t\t\t<\/div>\n\t\t\t\t<div class=\"elementor-element elementor-element-a8d46cf elementor-hidden-desktop elementor-widget elementor-widget-image\" data-id=\"a8d46cf\" data-element_type=\"widget\" data-e-type=\"widget\" data-widget_type=\"image.default\">\n\t\t\t\t<div class=\"elementor-widget-container\">\n\t\t\t\t\t\t\t\t\t\t\t\t\t\t\t<img fetchpriority=\"high\" decoding=\"async\" width=\"346\" height=\"292\" src=\"https:\/\/bcdn.seekapa.com\/wp-content\/uploads\/2025\/12\/form-image3.png\" class=\"attachment-large size-large wp-image-39834\" alt=\"\" \/>\t\t\t\t\t\t\t\t\t\t\t\t\t\t\t<\/div>\n\t\t\t\t<\/div>\n\t\t\t\t<\/div>\n\t\t<div class=\"elementor-element elementor-element-3b177fa e-con-full elementor-hidden-tablet elementor-hidden-mobile e-flex e-con e-child\" data-id=\"3b177fa\" data-element_type=\"container\" data-e-type=\"container\" data-settings=\"{&quot;background_background&quot;:&quot;classic&quot;}\">\n\t\t\t\t<\/div>\n\t\t\t\t<\/div>\n\t\t\t\t\t<\/div>\n\t\t\t\t<\/div>\n\t\t\t\t<\/div>\n\t\t","protected":false},"excerpt":{"rendered":"<p>Abre tu cuenta con Seekapa Experimenta los beneficios de una plataforma galardonada y lleva tus operaciones al siguiente nivel! Nombre Completo Por favor, ingrese su nombre El nombre y apellido deben tener al menos 2 caracteres cada uno El nombre completo no debe contener caracteres especiales No se permiten caracteres especiales Correo Electr\u00f3nico Por favor, [&hellip;]<\/p>\n","protected":false},"author":1,"featured_media":0,"parent":0,"menu_order":0,"comment_status":"closed","ping_status":"closed","template":"elementor_header_footer","meta":{"footnotes":""},"class_list":["post-13225","page","type-page","status-publish","hentry"],"acf":[],"aioseo_notices":[],"_links":{"self":[{"href":"https:\/\/seekapa.com\/es\/wp-json\/wp\/v2\/pages\/13225","targetHints":{"allow":["GET"]}}],"collection":[{"href":"https:\/\/seekapa.com\/es\/wp-json\/wp\/v2\/pages"}],"about":[{"href":"https:\/\/seekapa.com\/es\/wp-json\/wp\/v2\/types\/page"}],"author":[{"embeddable":true,"href":"https:\/\/seekapa.com\/es\/wp-json\/wp\/v2\/users\/1"}],"replies":[{"embeddable":true,"href":"https:\/\/seekapa.com\/es\/wp-json\/wp\/v2\/comments?post=13225"}],"version-history":[{"count":0,"href":"https:\/\/seekapa.com\/es\/wp-json\/wp\/v2\/pages\/13225\/revisions"}],"wp:attachment":[{"href":"https:\/\/seekapa.com\/es\/wp-json\/wp\/v2\/media?parent=13225"}],"curies":[{"name":"wp","href":"https:\/\/api.w.org\/{rel}","templated":true}]}}