{"id":12362,"date":"2024-05-15T17:19:24","date_gmt":"2024-05-15T17:19:24","guid":{"rendered":"https:\/\/seekapa.com\/legal-docs\/"},"modified":"2026-01-25T08:11:14","modified_gmt":"2026-01-25T08:11:14","slug":"legal-docs","status":"publish","type":"page","link":"https:\/\/seekapa.com\/es\/legal-docs\/","title":{"rendered":"Documentos legales"},"content":{"rendered":"\t\t<div data-elementor-type=\"wp-page\" data-elementor-id=\"12362\" class=\"elementor elementor-12362\" data-elementor-post-type=\"page\">\n\t\t\t\t<div class=\"elementor-element elementor-element-dc19327 e-flex e-con-boxed e-con e-parent\" data-id=\"dc19327\" data-element_type=\"container\" data-e-type=\"container\">\n\t\t\t\t\t<div class=\"e-con-inner\">\n\t\t\t\t<div class=\"elementor-element elementor-element-7546d2d elementor-widget elementor-widget-image\" data-id=\"7546d2d\" data-element_type=\"widget\" data-e-type=\"widget\" data-widget_type=\"image.default\">\n\t\t\t\t<div class=\"elementor-widget-container\">\n\t\t\t\t\t\t\t\t\t\t\t\t\t\t\t<img fetchpriority=\"high\" decoding=\"async\" width=\"640\" height=\"241\" src=\"https:\/\/bcdn.seekapa.com\/wp-content\/uploads\/2025\/11\/hero-image-1.png\" class=\"attachment-large size-large wp-image-35878\" alt=\"\" \/>\t\t\t\t\t\t\t\t\t\t\t\t\t\t\t<\/div>\n\t\t\t\t<\/div>\n\t\t\t\t<div class=\"elementor-element elementor-element-5e577ac elementor-widget__width-initial elementor-widget elementor-widget-shortcode\" data-id=\"5e577ac\" data-element_type=\"widget\" data-e-type=\"widget\" data-widget_type=\"shortcode.default\">\n\t\t\t\t<div class=\"elementor-widget-container\">\n\t\t\t\t\t\t\t<div class=\"elementor-shortcode\"><div class=\"aioseo-breadcrumbs\"><span class=\"aioseo-breadcrumb\">\n\tPagina de inicio\n<\/span><\/div>\n<\/div>\n\t\t\t\t\t\t<\/div>\n\t\t\t\t<\/div>\n\t\t\t\t<div class=\"elementor-element elementor-element-baaa5dc elementor-widget elementor-widget-heading\" data-id=\"baaa5dc\" data-element_type=\"widget\" data-e-type=\"widget\" data-widget_type=\"heading.default\">\n\t\t\t\t<div class=\"elementor-widget-container\">\n\t\t\t\t\t<h1 class=\"elementor-heading-title elementor-size-default\"> Documentaci\u00f3n Legal  <br \/> <span>Tus Derechos y Responsabilidades <\/span><\/h1>\t\t\t\t<\/div>\n\t\t\t\t<\/div>\n\t\t\t\t<div class=\"elementor-element elementor-element-7eed0fe elementor-widget__width-initial elementor-widget elementor-widget-text-editor\" data-id=\"7eed0fe\" data-element_type=\"widget\" data-e-type=\"widget\" data-widget_type=\"text-editor.default\">\n\t\t\t\t<div class=\"elementor-widget-container\">\n\t\t\t\t\t\t\t\t\tAqu\u00ed encontrar\u00e1s todos los documentos esenciales que rigen nuestra relaci\u00f3n contigo, incluidos nuestros T\u00e9rminos y Condiciones y Pol\u00edtica de Privacidad. Estos documentos est\u00e1n dise\u00f1ados para asegurar que est\u00e9s completamente informado sobre tus derechos y responsabilidades al usar nuestros servicios. Te animamos a revisarlos cuidadosamente para entender c\u00f3mo operamos, protegemos tu privacidad y c\u00f3mo puedes beneficiarte de nuestros servicios de manera responsable.\t\t\t\t\t\t\t\t<\/div>\n\t\t\t\t<\/div>\n\t\t\t\t\t<\/div>\n\t\t\t\t<\/div>\n\t\t<div class=\"elementor-element elementor-element-b0e2d6c e-flex e-con-boxed e-con e-parent\" data-id=\"b0e2d6c\" data-element_type=\"container\" data-e-type=\"container\">\n\t\t\t\t\t<div class=\"e-con-inner\">\n\t\t<div class=\"elementor-element elementor-element-4c4f96f e-flex e-con-boxed e-con e-child\" data-id=\"4c4f96f\" data-element_type=\"container\" data-e-type=\"container\" data-settings=\"{&quot;background_background&quot;:&quot;classic&quot;}\">\n\t\t\t\t\t<div class=\"e-con-inner\">\n\t\t\t\t<div class=\"elementor-element elementor-element-a2c79e8 elementor-widget elementor-widget-heading\" data-id=\"a2c79e8\" data-element_type=\"widget\" data-e-type=\"widget\" data-widget_type=\"heading.default\">\n\t\t\t\t<div class=\"elementor-widget-container\">\n\t\t\t\t\t<h2 class=\"elementor-heading-title elementor-size-default\">Revisa nuestro Acuerdo de Cliente, Aviso de Riesgo, <br class='br-desk' \/> Pol\u00edtica de Privacidad y otros <span>documentos legales.<\/span><\/h2>\t\t\t\t<\/div>\n\t\t\t\t<\/div>\n\t\t\t\t<div class=\"elementor-element elementor-element-7404f4b elementor-widget elementor-widget-SeekapaLegalDocs\" data-id=\"7404f4b\" data-element_type=\"widget\" data-e-type=\"widget\" data-widget_type=\"SeekapaLegalDocs.default\">\n\t\t\t\t<div class=\"elementor-widget-container\">\n\t\t\t\t\t        <section class='pdfs-container'>\n                            <a href='https:\/\/docs.seekapa.com\/seekapa\/Seekapa_AML_Policy.pdf' class=\"pdf-card\" target=\"_blank\">\n                    <div class=\"pdf-img-container\">\n                        <img decoding=\"async\" src=\"https:\/\/bcdn.seekapa.com\/wp-content\/uploads\/2024\/09\/Group.webp\" alt=\"PDF Icon\" \/>\n                    <\/div>\n                    <p>Pol\u00edtica AML y KYC<\/p>\n                <\/a>\n                            <a href='https:\/\/docs.seekapa.com\/seekapa\/Seekapa_Commodity_and_Index_Rollover_Policy.pdf' class=\"pdf-card\" target=\"_blank\">\n                    <div class=\"pdf-img-container\">\n                        <img decoding=\"async\" src=\"https:\/\/bcdn.seekapa.com\/wp-content\/uploads\/2024\/09\/Group.webp\" alt=\"PDF Icon\" \/>\n                    <\/div>\n                    <p>Informaci\u00f3n sobre Rollover de Commodities e \u00cdndices<\/p>\n                <\/a>\n                            <a href='https:\/\/docs.seekapa.com\/seekapa\/Seekapa_Company_Information.pdf' class=\"pdf-card\" target=\"_blank\">\n                    <div class=\"pdf-img-container\">\n                        <img decoding=\"async\" src=\"https:\/\/bcdn.seekapa.com\/wp-content\/uploads\/2024\/09\/Group.webp\" alt=\"PDF Icon\" \/>\n                    <\/div>\n                    <p>Informaci\u00f3n de la Empresa<\/p>\n                <\/a>\n                            <a href='https:\/\/docs.seekapa.com\/seekapa\/Seekapa_Client_Agreement.pdf' class=\"pdf-card\" target=\"_blank\">\n                    <div class=\"pdf-img-container\">\n                        <img decoding=\"async\" src=\"https:\/\/bcdn.seekapa.com\/wp-content\/uploads\/2024\/09\/Group.webp\" alt=\"PDF Icon\" \/>\n                    <\/div>\n                    <p>Acuerdo con el Cliente<\/p>\n                <\/a>\n                            <a href='https:\/\/docs.seekapa.com\/seekapa\/Seekapa_Privacy_Policy.pdf' class=\"pdf-card\" target=\"_blank\">\n                    <div class=\"pdf-img-container\">\n                        <img decoding=\"async\" src=\"https:\/\/bcdn.seekapa.com\/wp-content\/uploads\/2024\/09\/Group.webp\" alt=\"PDF Icon\" \/>\n                    <\/div>\n                    <p>Pol\u00edtica de Privacidad<\/p>\n                <\/a>\n                            <a href='https:\/\/docs.seekapa.com\/seekapa\/Seekapa_Risk_Disclosure.pdf' class=\"pdf-card\" target=\"_blank\">\n                    <div class=\"pdf-img-container\">\n                        <img decoding=\"async\" src=\"https:\/\/bcdn.seekapa.com\/wp-content\/uploads\/2024\/09\/Group.webp\" alt=\"PDF Icon\" \/>\n                    <\/div>\n                    <p>Divulgaci\u00f3n de Riesgos<\/p>\n                <\/a>\n                            <a href='https:\/\/docs.seekapa.com\/seekapa\/Seekapa_Commissions_Policy.pdf' class=\"pdf-card\" target=\"_blank\">\n                    <div class=\"pdf-img-container\">\n                        <img decoding=\"async\" src=\"https:\/\/bcdn.seekapa.com\/wp-content\/uploads\/2024\/09\/Group.webp\" alt=\"PDF Icon\" \/>\n                    <\/div>\n                    <p>Comisiones Durante la Noche<\/p>\n                <\/a>\n                            <a href='https:\/\/docs.seekapa.com\/seekapa\/Seekapa_Trading_Bonus_Policy.pdf' class=\"pdf-card\" target=\"_blank\">\n                    <div class=\"pdf-img-container\">\n                        <img decoding=\"async\" src=\"https:\/\/bcdn.seekapa.com\/wp-content\/uploads\/2024\/09\/Group.webp\" alt=\"PDF Icon\" \/>\n                    <\/div>\n                    <p>T\u00e9rminos y Condiciones del Bono<\/p>\n                <\/a>\n                            <a href='https:\/\/docs.seekapa.com\/seekapa\/Seekapa_Margin_Information.pdf' class=\"pdf-card\" target=\"_blank\">\n                    <div class=\"pdf-img-container\">\n                        <img decoding=\"async\" src=\"https:\/\/bcdn.seekapa.com\/wp-content\/uploads\/2024\/09\/Group.webp\" alt=\"PDF Icon\" \/>\n                    <\/div>\n                    <p>Informaci\u00f3n de Margen<\/p>\n                <\/a>\n                            <a href='https:\/\/docs.seekapa.com\/seekapa\/Seekapa_Terms_of_Use.pdf' class=\"pdf-card\" target=\"_blank\">\n                    <div class=\"pdf-img-container\">\n                        <img decoding=\"async\" src=\"https:\/\/bcdn.seekapa.com\/wp-content\/uploads\/2024\/09\/Group.webp\" alt=\"PDF Icon\" \/>\n                    <\/div>\n                    <p>T\u00e9rminos de Uso<\/p>\n                <\/a>\n                            <a href='https:\/\/docs.seekapa.com\/seekapa\/Seekapa_Cash_Rebate_Policy.pdf' class=\"pdf-card\" target=\"_blank\">\n                    <div class=\"pdf-img-container\">\n                        <img decoding=\"async\" src=\"https:\/\/bcdn.seekapa.com\/wp-content\/uploads\/2024\/09\/Group.webp\" alt=\"PDF Icon\" \/>\n                    <\/div>\n                    <p>T\u00e9rminos de Reembolso en Efectivo<\/p>\n                <\/a>\n                            <a href='https:\/\/docs.seekapa.com\/seekapa\/Seekapa_General_Fees.pdf' class=\"pdf-card\" target=\"_blank\">\n                    <div class=\"pdf-img-container\">\n                        <img decoding=\"async\" src=\"https:\/\/bcdn.seekapa.com\/wp-content\/uploads\/2024\/09\/Group.webp\" alt=\"PDF Icon\" \/>\n                    <\/div>\n                    <p>Tarifas Generales<\/p>\n                <\/a>\n                            <a href='https:\/\/docs.seekapa.com\/seekapa\/Seekapa_Complaint_Procedure.pdf' class=\"pdf-card\" target=\"_blank\">\n                    <div class=\"pdf-img-container\">\n                        <img decoding=\"async\" src=\"https:\/\/bcdn.seekapa.com\/wp-content\/uploads\/2024\/09\/Group.webp\" alt=\"PDF Icon\" \/>\n                    <\/div>\n                    <p>Procedimiento de Quejas<\/p>\n                <\/a>\n                            <a href='https:\/\/docs.seekapa.com\/seekapa\/Seekapa_Trading_Alerts.pdf' class=\"pdf-card\" target=\"_blank\">\n                    <div class=\"pdf-img-container\">\n                        <img decoding=\"async\" src=\"https:\/\/bcdn.seekapa.com\/wp-content\/uploads\/2024\/09\/Group.webp\" alt=\"PDF Icon\" \/>\n                    <\/div>\n                    <p>Alertas de Negociaci\u00f3n<\/p>\n                <\/a>\n                            <a href='https:\/\/docs.seekapa.com\/seekapa\/Seekapa_Social_Trading_Terms.pdf' class=\"pdf-card\" target=\"_blank\">\n                    <div class=\"pdf-img-container\">\n                        <img decoding=\"async\" src=\"https:\/\/bcdn.seekapa.com\/wp-content\/uploads\/2024\/09\/Group.webp\" alt=\"PDF Icon\" \/>\n                    <\/div>\n                    <p>T\u00e9rminos de Comercio Social<\/p>\n                <\/a>\n                    <\/section>\n\n\t\t\t\t<\/div>\n\t\t\t\t<\/div>\n\t\t\t\t\t<\/div>\n\t\t\t\t<\/div>\n\t\t\t\t\t<\/div>\n\t\t\t\t<\/div>\n\t\t<div class=\"elementor-element elementor-element-96ada1a e-flex e-con-boxed e-con e-parent\" data-id=\"96ada1a\" data-element_type=\"container\" data-e-type=\"container\">\n\t\t\t\t\t<div class=\"e-con-inner\">\n\t\t\t\t<div class=\"elementor-element elementor-element-d5f3269 elementor-widget elementor-widget-heading\" data-id=\"d5f3269\" data-element_type=\"widget\" data-e-type=\"widget\" data-widget_type=\"heading.default\">\n\t\t\t\t<div class=\"elementor-widget-container\">\n\t\t\t\t\t<h2 class=\"elementor-heading-title elementor-size-default\">Preguntas <span>Frecuentes<\/span>\n<\/h2>\t\t\t\t<\/div>\n\t\t\t\t<\/div>\n\t\t\t\t<div class=\"elementor-element elementor-element-179b99b elementor-widget__width-initial elementor-widget elementor-widget-text-editor\" data-id=\"179b99b\" data-element_type=\"widget\" data-e-type=\"widget\" data-widget_type=\"text-editor.default\">\n\t\t\t\t<div class=\"elementor-widget-container\">\n\t\t\t\t\t\t\t\t\t\u00a1Hola! \u00bfTienes preguntas? Nosotros tenemos las respuestas. Visita nuestra p\u00e1gina de preguntas frecuentes para conocer todos los detalles. \u00bfA\u00fan no est\u00e1s satisfecho? Ponte en contacto con nosotros.\n\t\t\t\t\t\t\t\t<\/div>\n\t\t\t\t<\/div>\n\t\t\t\t<div class=\"elementor-element elementor-element-130ea7f elementor-widget__width-initial elementor-widget elementor-widget-n-accordion\" data-id=\"130ea7f\" data-element_type=\"widget\" data-e-type=\"widget\" data-settings=\"{&quot;max_items_expended&quot;:&quot;multiple&quot;,&quot;n_accordion_animation_duration&quot;:{&quot;unit&quot;:&quot;ms&quot;,&quot;size&quot;:200,&quot;sizes&quot;:[]},&quot;default_state&quot;:&quot;expanded&quot;}\" data-widget_type=\"nested-accordion.default\">\n\t\t\t\t<div class=\"elementor-widget-container\">\n\t\t\t\t\t\t\t<div class=\"e-n-accordion\" aria-label=\"Accordion. Open links with Enter or Space, close with Escape, and navigate with Arrow Keys\">\n\t\t\t\t\t\t<details id=\"e-n-accordion-item-1990\" class=\"e-n-accordion-item\" open>\n\t\t\t\t<summary class=\"e-n-accordion-item-title\" data-accordion-index=\"1\" tabindex=\"0\" aria-expanded=\"true\" aria-controls=\"e-n-accordion-item-1990\" >\n\t\t\t\t\t<span class='e-n-accordion-item-title-header'><div class=\"e-n-accordion-item-title-text\"> 01 <h3>\u00bfQu\u00e9 debo buscar en los T\u00e9rminos y Condiciones?<\/h3> <\/div><\/span>\n\t\t\t\t\t\t\t<span class='e-n-accordion-item-title-icon'>\n\t\t\t<span class='e-opened' ><svg aria-hidden=\"true\" class=\"e-font-icon-svg e-fas-minus\" viewBox=\"0 0 448 512\" xmlns=\"http:\/\/www.w3.org\/2000\/svg\"><path d=\"M416 208H32c-17.67 0-32 14.33-32 32v32c0 17.67 14.33 32 32 32h384c17.67 0 32-14.33 32-32v-32c0-17.67-14.33-32-32-32z\"><\/path><\/svg><\/span>\n\t\t\t<span class='e-closed'><svg aria-hidden=\"true\" class=\"e-font-icon-svg e-fas-plus\" viewBox=\"0 0 448 512\" xmlns=\"http:\/\/www.w3.org\/2000\/svg\"><path d=\"M416 208H272V64c0-17.67-14.33-32-32-32h-32c-17.67 0-32 14.33-32 32v144H32c-17.67 0-32 14.33-32 32v32c0 17.67 14.33 32 32 32h144v144c0 17.67 14.33 32 32 32h32c17.67 0 32-14.33 32-32V304h144c17.67 0 32-14.33 32-32v-32c0-17.67-14.33-32-32-32z\"><\/path><\/svg><\/span>\n\t\t<\/span>\n\n\t\t\t\t\t\t<\/summary>\n\t\t\t\t<div role=\"region\" aria-labelledby=\"e-n-accordion-item-1990\" class=\"elementor-element elementor-element-18613ab e-con-full e-flex e-con e-child\" data-id=\"18613ab\" data-element_type=\"container\" data-e-type=\"container\">\n\t\t\t\t<div class=\"elementor-element elementor-element-1efabe4 elementor-widget elementor-widget-text-editor\" data-id=\"1efabe4\" data-element_type=\"widget\" data-e-type=\"widget\" data-widget_type=\"text-editor.default\">\n\t\t\t\t<div class=\"elementor-widget-container\">\n\t\t\t\t\t\t\t\t\tEs importante revisar las secciones relacionadas con tus obligaciones como usuario, los t\u00e9rminos de entrega del servicio, cualquier tarifa o costo que puedas incurrir, y las cl\u00e1usulas de terminaci\u00f3n. Entender estas secciones te ayudar\u00e1 a navegar tus derechos y responsabilidades de manera efectiva.\t\t\t\t\t\t\t\t<\/div>\n\t\t\t\t<\/div>\n\t\t\t\t<\/div>\n\t\t\t\t\t<\/details>\n\t\t\t\t\t\t<details id=\"e-n-accordion-item-1991\" class=\"e-n-accordion-item\" >\n\t\t\t\t<summary class=\"e-n-accordion-item-title\" data-accordion-index=\"2\" tabindex=\"-1\" aria-expanded=\"false\" aria-controls=\"e-n-accordion-item-1991\" >\n\t\t\t\t\t<span class='e-n-accordion-item-title-header'><div class=\"e-n-accordion-item-title-text\">  02 <h3>  \u00bfCon qu\u00e9 frecuencia se actualizan los T\u00e9rminos y Condiciones?<\/h3> <\/div><\/span>\n\t\t\t\t\t\t\t<span class='e-n-accordion-item-title-icon'>\n\t\t\t<span class='e-opened' ><svg aria-hidden=\"true\" class=\"e-font-icon-svg e-fas-minus\" viewBox=\"0 0 448 512\" xmlns=\"http:\/\/www.w3.org\/2000\/svg\"><path d=\"M416 208H32c-17.67 0-32 14.33-32 32v32c0 17.67 14.33 32 32 32h384c17.67 0 32-14.33 32-32v-32c0-17.67-14.33-32-32-32z\"><\/path><\/svg><\/span>\n\t\t\t<span class='e-closed'><svg aria-hidden=\"true\" class=\"e-font-icon-svg e-fas-plus\" viewBox=\"0 0 448 512\" xmlns=\"http:\/\/www.w3.org\/2000\/svg\"><path d=\"M416 208H272V64c0-17.67-14.33-32-32-32h-32c-17.67 0-32 14.33-32 32v144H32c-17.67 0-32 14.33-32 32v32c0 17.67 14.33 32 32 32h144v144c0 17.67 14.33 32 32 32h32c17.67 0 32-14.33 32-32V304h144c17.67 0 32-14.33 32-32v-32c0-17.67-14.33-32-32-32z\"><\/path><\/svg><\/span>\n\t\t<\/span>\n\n\t\t\t\t\t\t<\/summary>\n\t\t\t\t<div role=\"region\" aria-labelledby=\"e-n-accordion-item-1991\" class=\"elementor-element elementor-element-71449e5 e-con-full e-flex e-con e-child\" data-id=\"71449e5\" data-element_type=\"container\" data-e-type=\"container\">\n\t\t\t\t<div class=\"elementor-element elementor-element-f2f701c elementor-widget elementor-widget-text-editor\" data-id=\"f2f701c\" data-element_type=\"widget\" data-e-type=\"widget\" data-widget_type=\"text-editor.default\">\n\t\t\t\t<div class=\"elementor-widget-container\">\n\t\t\t\t\t\t\t\t\tNuestros T\u00e9rminos y Condiciones se actualizan seg\u00fan sea necesario para reflejar cambios en nuestros servicios o requisitos legales. Recomendamos revisarlos peri\u00f3dicamente y te notificaremos sobre cambios significativos a trav\u00e9s de nuestro sitio web o por correo electr\u00f3nico.\t\t\t\t\t\t\t\t<\/div>\n\t\t\t\t<\/div>\n\t\t\t\t<\/div>\n\t\t\t\t\t<\/details>\n\t\t\t\t\t\t<details id=\"e-n-accordion-item-1992\" class=\"e-n-accordion-item\" >\n\t\t\t\t<summary class=\"e-n-accordion-item-title\" data-accordion-index=\"3\" tabindex=\"-1\" aria-expanded=\"false\" aria-controls=\"e-n-accordion-item-1992\" >\n\t\t\t\t\t<span class='e-n-accordion-item-title-header'><div class=\"e-n-accordion-item-title-text\">  03 <h3>  \u00bfPuedo optar por no aceptar ciertos t\u00e9rminos en los T\u00e9rminos y Condiciones?<\/h3> <\/div><\/span>\n\t\t\t\t\t\t\t<span class='e-n-accordion-item-title-icon'>\n\t\t\t<span class='e-opened' ><svg aria-hidden=\"true\" class=\"e-font-icon-svg e-fas-minus\" viewBox=\"0 0 448 512\" xmlns=\"http:\/\/www.w3.org\/2000\/svg\"><path d=\"M416 208H32c-17.67 0-32 14.33-32 32v32c0 17.67 14.33 32 32 32h384c17.67 0 32-14.33 32-32v-32c0-17.67-14.33-32-32-32z\"><\/path><\/svg><\/span>\n\t\t\t<span class='e-closed'><svg aria-hidden=\"true\" class=\"e-font-icon-svg e-fas-plus\" viewBox=\"0 0 448 512\" xmlns=\"http:\/\/www.w3.org\/2000\/svg\"><path d=\"M416 208H272V64c0-17.67-14.33-32-32-32h-32c-17.67 0-32 14.33-32 32v144H32c-17.67 0-32 14.33-32 32v32c0 17.67 14.33 32 32 32h144v144c0 17.67 14.33 32 32 32h32c17.67 0 32-14.33 32-32V304h144c17.67 0 32-14.33 32-32v-32c0-17.67-14.33-32-32-32z\"><\/path><\/svg><\/span>\n\t\t<\/span>\n\n\t\t\t\t\t\t<\/summary>\n\t\t\t\t<div role=\"region\" aria-labelledby=\"e-n-accordion-item-1992\" class=\"elementor-element elementor-element-3a5b2bb e-con-full e-flex e-con e-child\" data-id=\"3a5b2bb\" data-element_type=\"container\" data-e-type=\"container\">\n\t\t\t\t<div class=\"elementor-element elementor-element-2b0271c elementor-widget elementor-widget-text-editor\" data-id=\"2b0271c\" data-element_type=\"widget\" data-e-type=\"widget\" data-widget_type=\"text-editor.default\">\n\t\t\t\t<div class=\"elementor-widget-container\">\n\t\t\t\t\t\t\t\t\t<p>Los T\u00e9rminos y Condiciones act\u00faan como un acuerdo legalmente vinculante entre t\u00fa y Seekapa. Aunque no puedes optar por no aceptar t\u00e9rminos espec\u00edficos, puedes elegir dejar de usar nuestros servicios si no est\u00e1s de acuerdo con los t\u00e9rminos delineados. Para cualquier preocupaci\u00f3n espec\u00edfica, contacta a nuestro equipo de soporte.<\/p>\t\t\t\t\t\t\t\t<\/div>\n\t\t\t\t<\/div>\n\t\t\t\t<\/div>\n\t\t\t\t\t<\/details>\n\t\t\t\t\t\t<details id=\"e-n-accordion-item-1993\" class=\"e-n-accordion-item\" >\n\t\t\t\t<summary class=\"e-n-accordion-item-title\" data-accordion-index=\"4\" tabindex=\"-1\" aria-expanded=\"false\" aria-controls=\"e-n-accordion-item-1993\" >\n\t\t\t\t\t<span class='e-n-accordion-item-title-header'><div class=\"e-n-accordion-item-title-text\">  04 <h3> \u00bfQu\u00e9 debo hacer si no entiendo parte de los documentos legales?<\/h3> <\/div><\/span>\n\t\t\t\t\t\t\t<span class='e-n-accordion-item-title-icon'>\n\t\t\t<span class='e-opened' ><svg aria-hidden=\"true\" class=\"e-font-icon-svg e-fas-minus\" viewBox=\"0 0 448 512\" xmlns=\"http:\/\/www.w3.org\/2000\/svg\"><path d=\"M416 208H32c-17.67 0-32 14.33-32 32v32c0 17.67 14.33 32 32 32h384c17.67 0 32-14.33 32-32v-32c0-17.67-14.33-32-32-32z\"><\/path><\/svg><\/span>\n\t\t\t<span class='e-closed'><svg aria-hidden=\"true\" class=\"e-font-icon-svg e-fas-plus\" viewBox=\"0 0 448 512\" xmlns=\"http:\/\/www.w3.org\/2000\/svg\"><path d=\"M416 208H272V64c0-17.67-14.33-32-32-32h-32c-17.67 0-32 14.33-32 32v144H32c-17.67 0-32 14.33-32 32v32c0 17.67 14.33 32 32 32h144v144c0 17.67 14.33 32 32 32h32c17.67 0 32-14.33 32-32V304h144c17.67 0 32-14.33 32-32v-32c0-17.67-14.33-32-32-32z\"><\/path><\/svg><\/span>\n\t\t<\/span>\n\n\t\t\t\t\t\t<\/summary>\n\t\t\t\t<div role=\"region\" aria-labelledby=\"e-n-accordion-item-1993\" class=\"elementor-element elementor-element-cf68fd9 e-con-full e-flex e-con e-child\" data-id=\"cf68fd9\" data-element_type=\"container\" data-e-type=\"container\">\n\t\t\t\t<div class=\"elementor-element elementor-element-9ced974 elementor-widget elementor-widget-text-editor\" data-id=\"9ced974\" data-element_type=\"widget\" data-e-type=\"widget\" data-widget_type=\"text-editor.default\">\n\t\t\t\t<div class=\"elementor-widget-container\">\n\t\t\t\t\t\t\t\t\t<p>Si no entiende alguna parte de los documentos legales, le recomendamos comunicarse con nuestro equipo de soporte para recibir ayuda o consultar con un profesional legal para asegurarse de comprenderlos.<\/p>\t\t\t\t\t\t\t\t<\/div>\n\t\t\t\t<\/div>\n\t\t\t\t<\/div>\n\t\t\t\t\t<\/details>\n\t\t\t\t\t\t<details id=\"e-n-accordion-item-1994\" class=\"e-n-accordion-item\" >\n\t\t\t\t<summary class=\"e-n-accordion-item-title\" data-accordion-index=\"5\" tabindex=\"-1\" aria-expanded=\"false\" aria-controls=\"e-n-accordion-item-1994\" >\n\t\t\t\t\t<span class='e-n-accordion-item-title-header'><div class=\"e-n-accordion-item-title-text\">  05 <h3>\u00bfHay leyes espec\u00edficas que rijan los T\u00e9rminos y Condiciones?<\/h3> <\/div><\/span>\n\t\t\t\t\t\t\t<span class='e-n-accordion-item-title-icon'>\n\t\t\t<span class='e-opened' ><svg aria-hidden=\"true\" class=\"e-font-icon-svg e-fas-minus\" viewBox=\"0 0 448 512\" xmlns=\"http:\/\/www.w3.org\/2000\/svg\"><path d=\"M416 208H32c-17.67 0-32 14.33-32 32v32c0 17.67 14.33 32 32 32h384c17.67 0 32-14.33 32-32v-32c0-17.67-14.33-32-32-32z\"><\/path><\/svg><\/span>\n\t\t\t<span class='e-closed'><svg aria-hidden=\"true\" class=\"e-font-icon-svg e-fas-plus\" viewBox=\"0 0 448 512\" xmlns=\"http:\/\/www.w3.org\/2000\/svg\"><path d=\"M416 208H272V64c0-17.67-14.33-32-32-32h-32c-17.67 0-32 14.33-32 32v144H32c-17.67 0-32 14.33-32 32v32c0 17.67 14.33 32 32 32h144v144c0 17.67 14.33 32 32 32h32c17.67 0 32-14.33 32-32V304h144c17.67 0 32-14.33 32-32v-32c0-17.67-14.33-32-32-32z\"><\/path><\/svg><\/span>\n\t\t<\/span>\n\n\t\t\t\t\t\t<\/summary>\n\t\t\t\t<div role=\"region\" aria-labelledby=\"e-n-accordion-item-1994\" class=\"elementor-element elementor-element-7e247e0 e-con-full e-flex e-con e-child\" data-id=\"7e247e0\" data-element_type=\"container\" data-e-type=\"container\">\n\t\t\t\t<div class=\"elementor-element elementor-element-3ee41da elementor-widget elementor-widget-text-editor\" data-id=\"3ee41da\" data-element_type=\"widget\" data-e-type=\"widget\" data-widget_type=\"text-editor.default\">\n\t\t\t\t<div class=\"elementor-widget-container\">\n\t\t\t\t\t\t\t\t\tS\u00ed, nuestros T\u00e9rminos y Condiciones cumplen con las leyes y regulaciones de las jurisdicciones en las que operamos. Los marcos legales espec\u00edficos que rigen estos documentos dependen de tu ubicaci\u00f3n y la naturaleza de los servicios proporcionados.\t\t\t\t\t\t\t\t<\/div>\n\t\t\t\t<\/div>\n\t\t\t\t<\/div>\n\t\t\t\t\t<\/details>\n\t\t\t\t\t<\/div>\n\t\t\t\t\t\t<\/div>\n\t\t\t\t<\/div>\n\t\t\t\t\t<\/div>\n\t\t\t\t<\/div>\n\t\t\t\t<\/div>\n\t\t","protected":false},"excerpt":{"rendered":"<p>Documentaci\u00f3n Legal Tus Derechos y Responsabilidades Aqu\u00ed encontrar\u00e1s todos los documentos esenciales que rigen nuestra relaci\u00f3n contigo, incluidos nuestros T\u00e9rminos y Condiciones y Pol\u00edtica de Privacidad. Estos documentos est\u00e1n dise\u00f1ados para asegurar que est\u00e9s completamente informado sobre tus derechos y responsabilidades al usar nuestros servicios. Te animamos a revisarlos cuidadosamente para entender c\u00f3mo operamos, protegemos [&hellip;]<\/p>\n","protected":false},"author":1,"featured_media":0,"parent":0,"menu_order":0,"comment_status":"closed","ping_status":"closed","template":"elementor_header_footer","meta":{"footnotes":""},"class_list":["post-12362","page","type-page","status-publish","hentry"],"acf":[],"aioseo_notices":[],"_links":{"self":[{"href":"https:\/\/seekapa.com\/es\/wp-json\/wp\/v2\/pages\/12362","targetHints":{"allow":["GET"]}}],"collection":[{"href":"https:\/\/seekapa.com\/es\/wp-json\/wp\/v2\/pages"}],"about":[{"href":"https:\/\/seekapa.com\/es\/wp-json\/wp\/v2\/types\/page"}],"author":[{"embeddable":true,"href":"https:\/\/seekapa.com\/es\/wp-json\/wp\/v2\/users\/1"}],"replies":[{"embeddable":true,"href":"https:\/\/seekapa.com\/es\/wp-json\/wp\/v2\/comments?post=12362"}],"version-history":[{"count":0,"href":"https:\/\/seekapa.com\/es\/wp-json\/wp\/v2\/pages\/12362\/revisions"}],"wp:attachment":[{"href":"https:\/\/seekapa.com\/es\/wp-json\/wp\/v2\/media?parent=12362"}],"curies":[{"name":"wp","href":"https:\/\/api.w.org\/{rel}","templated":true}]}}